{"id":5011,"date":"2024-04-11T14:21:16","date_gmt":"2024-04-11T12:21:16","guid":{"rendered":"https:\/\/sun-garden.eu\/nota-prawna\/"},"modified":"2024-07-01T13:27:33","modified_gmt":"2024-07-01T11:27:33","slug":"nota-prawna","status":"publish","type":"page","link":"https:\/\/sun-garden.eu\/en\/nota-prawna\/","title":{"rendered":"Nota prawna"},"content":{"rendered":"\t\t<div data-elementor-type=\"wp-page\" data-elementor-id=\"5011\" class=\"elementor elementor-5011 elementor-5009\" data-elementor-post-type=\"page\">\n\t\t\t\t<div class=\"elementor-element elementor-element-34d2523 e-flex e-con-boxed e-con e-parent\" data-id=\"34d2523\" data-element_type=\"container\" data-e-type=\"container\">\n\t\t\t\t\t<div class=\"e-con-inner\">\n\t\t\t\t<div class=\"elementor-element elementor-element-9f89184 elementor-widget elementor-widget-heading\" data-id=\"9f89184\" data-element_type=\"widget\" data-e-type=\"widget\" data-widget_type=\"heading.default\">\n\t\t\t\t<div class=\"elementor-widget-container\">\n\t\t\t\t\t<h2 class=\"elementor-heading-title elementor-size-default\">Nota prawna<\/h2>\t\t\t\t<\/div>\n\t\t\t\t<\/div>\n\t\t\t\t<div class=\"elementor-element elementor-element-b2df5de elementor-widget elementor-widget-text-editor\" data-id=\"b2df5de\" data-element_type=\"widget\" data-e-type=\"widget\" data-widget_type=\"text-editor.default\">\n\t\t\t\t<div class=\"elementor-widget-container\">\n\t\t\t\t\t\t\t\t\t<div>\n<div class=\"paragraph \">\n<div class=\"text\">Sun Garden Polska Sp\u00f3\u0142ka z ograniczon\u0105 odpowiedzialno\u015bci\u0105 sp.k.<br \/>ul. Turecka 36, 62-709 Malan\u00f3w, Polska<br \/>NIP 668-000-03-20, VAT UE: PL 6680000320, BDO 000023279<br \/>S\u0105d Rejonowy Pozna\u0144 &#8211; Nowe Miasto i Wilda w Poznaniu, IX Wydzia\u0142 Gospodarczy Krajowego Rejestru S\u0105dowego KRS 0000437503, REGON: 310507130<br \/>Zarz\u0105d: Ewald K\u00f6sters, Marianne K\u00f6sters, Sebastian K\u00f6sters, Janusz Kolenda, Witold Jarecki<\/p>\n<p>Wszystkie prawa, w tym prawa autorskie, znaki towarowe, prawo do wzor\u00f3w u\u017cytkowych, prawo do baz danych, a tak\u017ce ka\u017cde inne prawo do w\u0142asno\u015bci intelektualnej zawartej w ka\u017cdym tek\u015bcie, obrazie, grafice, logo, tre\u015bci d\u017awi\u0119kowej, oprogramowaniu i innych materia\u0142ach ukazuj\u0105cych si\u0119 na tej stronie internetowej s\u0105 w\u0142asno\u015bci\u0105 SUN GARDEN GmbH lub SUN GARDEN POLSKA, lub s\u0105 wykorzystywane za zgod\u0105 ich w\u0142a\u015bciciela.<br \/>Sp\u00f3\u0142ka SUN GARDEN POLSKA dok\u0142ada wszelkich stara\u0144, aby zapewni\u0107 dost\u0119pno\u015b\u0107 swoich stron internetowych. Sp\u00f3\u0142ka nie gwarantuje jednak ich ca\u0142kowitej dost\u0119pno\u015bci i nie mo\u017ce by\u0107 poci\u0105gana do odpowiedzialno\u015bci w zwi\u0105zku ze stratami poniesionymi w wyniku ograniczonej dost\u0119pno\u015bci stron internetowych. Dotyczy to r\u00f3wnie\u017c wszystkich innych stron internetowych, do kt\u00f3rych odniesienia s\u0105 dokonywane za pomoc\u0105 hiper\u0142\u0105cza. SUN GARDEN POLSKA nie ponosi r\u00f3wnie\u017c odpowiedzialno\u015bci za tre\u015b\u0107 takich stron.<br \/>Informacje na stronie internetowej w \u017caden spos\u00f3b nie stanowi\u0105 oferty handlowej w rozumieniu art. 66 kodeksu cywilnego, ani gwarancji prawnej. Company SUN GARDEN POLSKA zastrzega sobie prawo do wprowadzania zmian lub uzupe\u0142nie\u0144 informacji lub danych w razie potrzeby.<br \/>SUN GARDEN POLSKA nie ponosi odpowiedzialno\u015bci za bezpo\u015brednie lub po\u015brednie szkody spowodowane wykorzystaniem informacji lub danych, kt\u00f3re mo\u017cna znale\u017a\u0107 na tej stronie. Nie ma \u017cadnych praw i obowi\u0105zk\u00f3w mi\u0119dzy SUN GARDEN POLSKA, a u\u017cytkownikiem strony internetowej lub stronami trzecimi.<br \/>Tre\u015b\u0107 strony jest chroniona prawem autorskim. Korzystanie z tej strony internetowej dozwolone jest na u\u017cytek w\u0142asny i w celach niekomercyjnych. Zabronione jest kopiowanie, pobieranie, (ponowna) publikacja, rozpowszechnianie, modyfikacja, wykorzystywanie, przesy\u0142anie oraz powielanie informacji zawartych na tej stronie internetowej w jakiejkolwiek formie i za pomoc\u0105 jakichkolwiek \u015brodk\u00f3w, w tym (lecz nie tylko) \u015brodk\u00f3w elektronicznych, poprzez kopiowanie lub nagrywanie bez uprzedniego wydania pisemnej zgody przez sp\u00f3\u0142k\u0119 SUN GARDEN POLSKA lub w\u0142a\u015bciciela praw do tre\u015bci. U\u017cytkownik przyjmuje do wiadomo\u015bci, \u017ce drukowanie i\/lub pobieranie materia\u0142\u00f3w i tre\u015bci zawartych lub zamieszczanych przez SUN GARDEN POLSKA na tej stronie internetowej jest dopuszczalne wy\u0142\u0105cznie na u\u017cytek w\u0142asny. Nie mog\u0105 by\u0107 one wykorzystywane lub rozpowszechniane w celach komercyjnych.<br \/>Kiedy sp\u00f3\u0142ka SUN GARDEN POLSKA uzna to za stosowne, podejmuje dzia\u0142ania maj\u0105ce na celu zapewnienie bezpiecze\u0144stwa wszystkich informacji wprowadzanych lub przesy\u0142anych SUN GARDEN POLSKA za po\u015brednictwem tej strony internetowej z wykorzystaniem bezpiecznych us\u0142ug oraz technologii szyfrowania, przyk\u0142adowo pozyskuje dost\u0119p do zabezpieczonych obszar\u00f3w strony internetowej. Niemniej u\u017cytkownik przyjmuje do wiadomo\u015bci, \u017ce przesy\u0142anie informacji za po\u015brednictwem Internetu z natury wi\u0105\u017ce si\u0119 z zagro\u017ceniami (je\u017celi dane nie zosta\u0142y zaszyfrowane), za\u015b sp\u00f3\u0142ka SUN GARDEN POLSKA nie gwarantuje, \u017ce strona internetowa nie zawiera b\u0142\u0119d\u00f3w lub wirus\u00f3w. Nale\u017cy zastosowa\u0107 rozs\u0105dne \u015brodki ostro\u017cno\u015bci, takie jak aktualny program antywirusowy do ochrony urz\u0105dzenia, z kt\u00f3rego korzystasz. SUN GARDEN POLSKA nie ponosi odpowiedzialno\u015bci za szkody poniesione w wyniku naruszenia lub utracenia poufno\u015bci danych u\u017cytkownika. SUN GARDEN POLSKA nie ponosi odpowiedzialno\u015bci za problemy i uszkodzenia wywo\u0142ane obecno\u015bci\u0105 wirusa komputerowego lub poprzez przesy\u0142anie danych drog\u0105 elektroniczn\u0105.<\/p>\n<p>\u00a9 Wszelkie prawa zastrze\u017cone<br \/>Sun Garden Polska Sp\u00f3\u0142ka z ograniczon\u0105 odpowiedzialno\u015bci\u0105 sp\u00f3\u0142ka komandytowa 2020<\/div>\n<\/div>\n<div class=\"fixfloat\"> <\/div>\n<\/div>\n<div>\n<div class=\"paragraph \">\n<div class=\"text\">Publisher:<br \/>SUN GARDEN GmbH<\/p>\n<p>Emsdettener Stra\u00dfe 233<br \/>D-48485 Neuenkirchen<br \/>Service hotline: 05973 \/ 934 958 -6<br \/>Phone: 0 59 73 \/ 6 09 &#8211; 0<br \/>Fax: 0 59 73 \/ 6 09 &#8211; 109<br \/>Please send questions and suggestions to: info@sun-garden.de<br \/>Legal notice: Local court Steinfurt HRB 3800<br \/>Competent supervisory authority: Trade office of the city of Rheine<br \/>Sales tax identification number: DE 811211220<br \/>Management: Ewald K\u00f6sters, Marianne K\u00f6sters, Frank Lindner<\/div>\n<\/div>\n<div class=\"fixfloat\"> <\/div>\n<\/div>\n<div>\n<div class=\"paragraph \">\n<div class=\"text\">All rights reserved. The information is the property of SUN GARDEN. They represent the latest information at the time of publication. Any liability or guarantee for the topicality, correctness and completeness of the information and data provided is excluded. This also applies to all other websites to which reference is made by means of a hyperlink. SUN GARDEN is also not responsible for the content of such sites.  <br \/>The information on the websites in no way constitutes legal assurances. SUN GARDEN reserves the right to make changes or additions to the information or data provided if necessary. No legal claims can be derived from the topics described here. Offers are non-binding in all parts. SUN GARDEN is not liable for any direct or indirect damages arising from the use of the information or data found on this website. There are no rights or obligations between SUN GARDEN and the user of the website or third parties.  <br \/>The contents of the website are protected by copyright. They may not be reproduced and\/or published in whole or in part or stored in an information system without the prior written permission of the copyright holder.<br \/>All information or data, their use and all actions, tolerations or omissions in connection with the SUN GARDEN website are subject exclusively to German law, to the exclusion of international law. The place of performance and exclusive place of jurisdiction is Steinfurt.<\/div>\n<\/div>\n<div class=\"fixfloat\"> <\/div>\n<\/div>\n<div>\n<div class=\"paragraph \">\n<div class=\"text\">All rights reserved,  <br \/>SUN GARDEN GmbH 2014<\/div>\n<\/div>\n<\/div>\n\t\t\t\t\t\t\t\t<\/div>\n\t\t\t\t<\/div>\n\t\t\t\t\t<\/div>\n\t\t\t\t<\/div>\n\t\t\t\t<\/div>\n\t\t","protected":false},"excerpt":{"rendered":"<p>Nota prawna Sun Garden Polska Sp\u00f3\u0142ka z ograniczon\u0105 odpowiedzialno\u015bci\u0105 sp.k.ul. Turecka 36, 62-709 Malan\u00f3w, PolskaNIP 668-000-03-20, VAT UE: PL 6680000320, BDO 000023279S\u0105d Rejonowy Pozna\u0144 &#8211; Nowe Miasto i Wilda w Poznaniu, IX Wydzia\u0142 Gospodarczy Krajowego Rejestru S\u0105dowego KRS 0000437503, REGON: 310507130Zarz\u0105d: Ewald K\u00f6sters, Marianne K\u00f6sters, Sebastian K\u00f6sters, Janusz Kolenda, Witold Jarecki Wszystkie prawa, w tym [&hellip;]<\/p>\n","protected":false},"author":245903545,"featured_media":0,"parent":0,"menu_order":0,"comment_status":"closed","ping_status":"closed","template":"","meta":{"_acf_changed":false,"advanced_seo_description":"","jetpack_seo_html_title":"","jetpack_seo_noindex":false,"footnotes":""},"class_list":["post-5011","page","type-page","status-publish","hentry"],"acf":[],"jetpack_shortlink":"https:\/\/wp.me\/PftNud-1iP","jetpack_sharing_enabled":true,"_links":{"self":[{"href":"https:\/\/sun-garden.eu\/en\/wp-json\/wp\/v2\/pages\/5011","targetHints":{"allow":["GET"]}}],"collection":[{"href":"https:\/\/sun-garden.eu\/en\/wp-json\/wp\/v2\/pages"}],"about":[{"href":"https:\/\/sun-garden.eu\/en\/wp-json\/wp\/v2\/types\/page"}],"author":[{"embeddable":true,"href":"https:\/\/sun-garden.eu\/en\/wp-json\/wp\/v2\/users\/245903545"}],"replies":[{"embeddable":true,"href":"https:\/\/sun-garden.eu\/en\/wp-json\/wp\/v2\/comments?post=5011"}],"version-history":[{"count":4,"href":"https:\/\/sun-garden.eu\/en\/wp-json\/wp\/v2\/pages\/5011\/revisions"}],"predecessor-version":[{"id":7976,"href":"https:\/\/sun-garden.eu\/en\/wp-json\/wp\/v2\/pages\/5011\/revisions\/7976"}],"wp:attachment":[{"href":"https:\/\/sun-garden.eu\/en\/wp-json\/wp\/v2\/media?parent=5011"}],"curies":[{"name":"wp","href":"https:\/\/api.w.org\/{rel}","templated":true}]}}