{"id":6177,"date":"2024-03-07T13:42:28","date_gmt":"2024-03-07T12:42:28","guid":{"rendered":"https:\/\/sun-garden.eu\/imprint\/"},"modified":"2025-12-19T13:55:06","modified_gmt":"2025-12-19T12:55:06","slug":"imprint","status":"publish","type":"page","link":"https:\/\/sun-garden.eu\/en\/imprint\/","title":{"rendered":"Imprint"},"content":{"rendered":"\t\t<div data-elementor-type=\"wp-page\" data-elementor-id=\"6177\" class=\"elementor elementor-6177 elementor-2612\" data-elementor-post-type=\"page\">\n\t\t\t\t<div class=\"elementor-element elementor-element-0f7630d e-flex e-con-boxed e-con e-parent\" data-id=\"0f7630d\" data-element_type=\"container\" data-e-type=\"container\">\n\t\t\t\t\t<div class=\"e-con-inner\">\n\t\t\t\t<div class=\"elementor-element elementor-element-f358bc1 elementor-widget elementor-widget-text-editor\" data-id=\"f358bc1\" data-element_type=\"widget\" data-e-type=\"widget\" data-widget_type=\"text-editor.default\">\n\t\t\t\t<div class=\"elementor-widget-container\">\n\t\t\t\t\t\t\t\t\t<div class=\"headlines\"><h1>Imprint<\/h1><\/div><div class=\"fixfloat\"> <\/div><div><div class=\"module module-content\"><div id=\"module_content-689\" class=\"module module-content module-content-689\"><div><div class=\"paragraph \"><div class=\"text\"><p>Publisher: <br>SUN GARDEN GmbH<br>Emsdettener Stra\u00dfe 233<br>D-48485 Neuenkirchen<br>Service hotline: 05973 \/ 934 958 -6<br>Telephone: 0 59 73 \/ 6 09 &#8211; 0 <br>Fax: 0 59 73 \/ 6 09 &#8211; 109<br>Please send questions and suggestions to: info@sun-garden.de<br>Legal notice: Amtsgericht Steinfurt HRB 3800<br>Responsible supervisory authority: Trade office of the city of Rheine  <\/p><p>Sales tax identification number: DE 811211220<\/p><p>Management: Ewald K\u00f6sters, Marianne K\u00f6sters, Sebastian K\u00f6sters, Frank Lindner, Eva Beckmann<\/p><p>Responsible for content according to \u00a7 6 MDStV:<br>Marianne K\u00f6sters, Ewald K\u00f6sters<\/p><\/div><\/div><div class=\"fixfloat\"> <\/div><\/div><div><div class=\"paragraph \"><div class=\"text\">All rights reserved. The information is the property of SUN GARDEN. They represent the latest information at the time of publication. Any liability or guarantee for the topicality, correctness and completeness of the information and data provided is excluded. This also applies to all other websites to which reference is made by means of a hyperlink. SUN GARDEN is also not responsible for the content of such sites.  <br>The information on the websites in no way constitutes legal assurances. SUN GARDEN reserves the right to make changes or additions to the information or data provided if necessary. No legal claims can be derived from the topics described here. Offers are non-binding in all parts. SUN GARDEN is not liable for any direct or indirect damages arising from the use of the information or data found on this website. There are no rights or obligations between SUN GARDEN and the user of the website or third parties.  <br>The contents of the website are protected by copyright. They may not be reproduced and\/or published in whole or in part or stored in an information system without the prior written consent of the author.<br>All information or data, their use and all actions, tolerations or omissions in connection with the SUN GARDEN website are subject exclusively to German law, to the exclusion of international law. The place of performance and exclusive place of jurisdiction is Steinfurt.<\/div><\/div><div class=\"fixfloat\"> <\/div><\/div><div><div class=\"paragraph \"><div class=\"text\">\u00a9 All rights reserved, <br>SUN GARDEN GmbH 2014<\/div><\/div><\/div><\/div><\/div><\/div>\t\t\t\t\t\t\t\t<\/div>\n\t\t\t\t<\/div>\n\t\t\t\t\t<\/div>\n\t\t\t\t<\/div>\n\t\t\t\t<\/div>\n\t\t","protected":false},"excerpt":{"rendered":"<p>Imprint Publisher: SUN GARDEN GmbHEmsdettener Stra\u00dfe 233D-48485 NeuenkirchenService hotline: 05973 \/ 934 958 -6Telephone: 0 59 73 \/ 6 09 &#8211; 0 Fax: 0 59 73 \/ 6 09 &#8211; 109Please send questions and suggestions to: info@sun-garden.deLegal notice: Amtsgericht Steinfurt HRB 3800Responsible supervisory authority: Trade office of the city of Rheine Sales tax identification number: [&hellip;]<\/p>\n","protected":false},"author":245903545,"featured_media":0,"parent":0,"menu_order":0,"comment_status":"closed","ping_status":"closed","template":"","meta":{"_acf_changed":false,"advanced_seo_description":"","jetpack_seo_html_title":"","jetpack_seo_noindex":false,"footnotes":""},"class_list":["post-6177","page","type-page","status-publish","hentry"],"acf":[],"jetpack_shortlink":"https:\/\/wp.me\/PftNud-1BD","jetpack_sharing_enabled":true,"_links":{"self":[{"href":"https:\/\/sun-garden.eu\/en\/wp-json\/wp\/v2\/pages\/6177","targetHints":{"allow":["GET"]}}],"collection":[{"href":"https:\/\/sun-garden.eu\/en\/wp-json\/wp\/v2\/pages"}],"about":[{"href":"https:\/\/sun-garden.eu\/en\/wp-json\/wp\/v2\/types\/page"}],"author":[{"embeddable":true,"href":"https:\/\/sun-garden.eu\/en\/wp-json\/wp\/v2\/users\/245903545"}],"replies":[{"embeddable":true,"href":"https:\/\/sun-garden.eu\/en\/wp-json\/wp\/v2\/comments?post=6177"}],"version-history":[{"count":7,"href":"https:\/\/sun-garden.eu\/en\/wp-json\/wp\/v2\/pages\/6177\/revisions"}],"predecessor-version":[{"id":14448,"href":"https:\/\/sun-garden.eu\/en\/wp-json\/wp\/v2\/pages\/6177\/revisions\/14448"}],"wp:attachment":[{"href":"https:\/\/sun-garden.eu\/en\/wp-json\/wp\/v2\/media?parent=6177"}],"curies":[{"name":"wp","href":"https:\/\/api.w.org\/{rel}","templated":true}]}}