{"id":7058,"date":"2024-04-11T14:29:31","date_gmt":"2024-04-11T12:29:31","guid":{"rendered":"https:\/\/sun-garden.eu\/praca\/"},"modified":"2024-07-10T14:21:38","modified_gmt":"2024-07-10T12:21:38","slug":"praca","status":"publish","type":"page","link":"https:\/\/sun-garden.eu\/en\/praca\/","title":{"rendered":"Praca"},"content":{"rendered":"\t\t<div data-elementor-type=\"wp-page\" data-elementor-id=\"7058\" class=\"elementor elementor-7058 elementor-5053\" data-elementor-post-type=\"page\">\n\t\t\t\t<div class=\"elementor-element elementor-element-b55d6cf e-flex e-con-boxed e-con e-parent\" data-id=\"b55d6cf\" data-element_type=\"container\" data-e-type=\"container\">\n\t\t\t\t\t<div class=\"e-con-inner\">\n\t\t\t\t<div class=\"elementor-element elementor-element-8b584ef elementor-widget elementor-widget-heading\" data-id=\"8b584ef\" data-element_type=\"widget\" data-e-type=\"widget\" data-widget_type=\"heading.default\">\n\t\t\t\t<div class=\"elementor-widget-container\">\n\t\t\t\t\t<h2 class=\"elementor-heading-title elementor-size-default\">Praca<\/h2>\t\t\t\t<\/div>\n\t\t\t\t<\/div>\n\t\t\t\t<div class=\"elementor-element elementor-element-bf10ef7 elementor-widget elementor-widget-text-editor\" data-id=\"bf10ef7\" data-element_type=\"widget\" data-e-type=\"widget\" data-widget_type=\"text-editor.default\">\n\t\t\t\t<div class=\"elementor-widget-container\">\n\t\t\t\t\t\t\t\t\t<div>\n<div class=\"paragraph \">\n<div class=\"text\">\n<p><strong>POZNAJ NAS:<\/strong><br>Sun Garden Polska jest jednym z najwi\u0119kszych producent\u00f3w materacy, mebli kontynentalnych, parasoli i poduszek ogrodowych w Europie. Sukces zawdzi\u0119czamy nie tylko w\u0142asnej produkcji, ale przede wszystkim naszej silnej i wyj\u0105tkowej za\u0142odze!<\/p>\n<p><strong>Co nas wyr\u00f3\u017cnia?<br><\/strong>Jeste\u015bmy firm\u0105 rodzinn\u0105. Nasz\u0105 dzia\u0142alno\u015b\u0107 rozpoczynali\u015bmy w 1991 roku od zaledwie 30-osobowej za\u0142ogi produkuj\u0105cej poduszki ogrodowe. Dzi\u015b jeste\u015bmy najwi\u0119kszym pracodawc\u0105 w regionie, zatrudniaj\u0105c ponad 2 500 pracownik\u00f3w i wci\u0105\u017c ro\u015bniemy. Wierzymy, \u017ce nasz\u0105 przewag\u0105 jest zesp\u00f3\u0142 wysoko wykwalifikowanych, zmotywowanych pracownik\u00f3w, bez kt\u00f3rych zr\u00f3wnowa\u017cony rozw\u00f3j firmy nie by\u0142by mo\u017cliwy.<br>Coroczne inwestycje doprowadzi\u0142y do bardzo dynamicznego rozwoju nowych ga\u0142\u0119zi produkcji takich jak produkcja materacy, mebli kontynentalnych, czy stela\u017cy do \u0142\u00f3\u017cek. Sun Garden Polska to nie tylko zak\u0142ad produkcyjny w Malanowie, ale tak\u017ce utworzony w 2017 r. oddzia\u0142 w Psarach.<\/p>\n<p><strong>Co oferujemy?<\/strong> <br>Stawiamy na prac\u0119 zespo\u0142ow\u0105 i wspieramy rozw\u00f3j naszych pracownik\u00f3w. Zapewniamy stabilne zatrudnienie oraz pewne i transparentne warunki wynagrodzenia. Ka\u017cdy cz\u0142onek zespo\u0142u jest dla nas wa\u017cny. Wierzymy w naszych pracownik\u00f3w oraz ich umiej\u0119tno\u015bci, tym samym cenimy ich zaanga\u017cowanie i ch\u0119\u0107 doskonalenia.<br>Zale\u017cy nam, aby nasi pracownicy w pe\u0142ni wykorzystywali sw\u00f3j potencja\u0142 i realizowali swoje pasje, dlatego dajemy im tak\u017ce mo\u017cliwo\u015b\u0107 udzia\u0142u w dodatkowych inicjatywach takich jak: projekty racjonalizatorskie i program rekrutacji wewn\u0119trznych.<\/p>\n<p>Oferujemy szerok\u0105 gam\u0119 \u015bwiadcze\u0144:&nbsp;<\/p>\n<p><\/p>\n<\/div>\n<\/div>\n<\/div>\t\t\t\t\t\t\t\t<\/div>\n\t\t\t\t<\/div>\n\t\t\t\t\t<\/div>\n\t\t\t\t<\/div>\n\t\t<div class=\"elementor-element elementor-element-aaeee42 e-flex e-con-boxed e-con e-parent\" data-id=\"aaeee42\" data-element_type=\"container\" data-e-type=\"container\">\n\t\t\t\t\t<div class=\"e-con-inner\">\n\t\t\t\t<div class=\"elementor-element elementor-element-00b4ab8 elementor-widget elementor-widget-image\" data-id=\"00b4ab8\" data-element_type=\"widget\" data-e-type=\"widget\" data-widget_type=\"image.default\">\n\t\t\t\t<div class=\"elementor-widget-container\">\n\t\t\t\t\t\t\t\t\t\t\t\t\t\t\t<img fetchpriority=\"high\" decoding=\"async\" data-attachment-id=\"9311\" data-permalink=\"https:\/\/sun-garden.eu\/en\/praca\/benefity-2024-002-2\/\" data-orig-file=\"https:\/\/i0.wp.com\/sun-garden.eu\/wp-content\/uploads\/2024\/07\/benefity-2024-002.jpg?fit=2555%2C1276&amp;ssl=1\" data-orig-size=\"2555,1276\" data-comments-opened=\"1\" data-image-meta=\"{&quot;aperture&quot;:&quot;0&quot;,&quot;credit&quot;:&quot;Esther Janeczek&quot;,&quot;camera&quot;:&quot;&quot;,&quot;caption&quot;:&quot;&quot;,&quot;created_timestamp&quot;:&quot;1720616477&quot;,&quot;copyright&quot;:&quot;&quot;,&quot;focal_length&quot;:&quot;0&quot;,&quot;iso&quot;:&quot;0&quot;,&quot;shutter_speed&quot;:&quot;0&quot;,&quot;title&quot;:&quot;&quot;,&quot;orientation&quot;:&quot;0&quot;}\" data-image-title=\"benefity 2024 (002)\" data-image-description=\"\" data-image-caption=\"\" data-large-file=\"https:\/\/i0.wp.com\/sun-garden.eu\/wp-content\/uploads\/2024\/07\/benefity-2024-002.jpg?fit=800%2C399&amp;ssl=1\" width=\"800\" height=\"399\" src=\"https:\/\/i0.wp.com\/sun-garden.eu\/wp-content\/uploads\/2024\/07\/benefity-2024-002.jpg?fit=800%2C399&amp;ssl=1\" class=\"attachment-large size-large wp-image-9311\" alt=\"\" srcset=\"https:\/\/i0.wp.com\/sun-garden.eu\/wp-content\/uploads\/2024\/07\/benefity-2024-002.jpg?w=2555&amp;ssl=1 2555w, https:\/\/i0.wp.com\/sun-garden.eu\/wp-content\/uploads\/2024\/07\/benefity-2024-002.jpg?resize=300%2C150&amp;ssl=1 300w, https:\/\/i0.wp.com\/sun-garden.eu\/wp-content\/uploads\/2024\/07\/benefity-2024-002.jpg?resize=1024%2C511&amp;ssl=1 1024w, https:\/\/i0.wp.com\/sun-garden.eu\/wp-content\/uploads\/2024\/07\/benefity-2024-002.jpg?resize=768%2C384&amp;ssl=1 768w, https:\/\/i0.wp.com\/sun-garden.eu\/wp-content\/uploads\/2024\/07\/benefity-2024-002.jpg?resize=1536%2C767&amp;ssl=1 1536w, https:\/\/i0.wp.com\/sun-garden.eu\/wp-content\/uploads\/2024\/07\/benefity-2024-002.jpg?resize=2048%2C1023&amp;ssl=1 2048w, https:\/\/i0.wp.com\/sun-garden.eu\/wp-content\/uploads\/2024\/07\/benefity-2024-002.jpg?resize=1200%2C599&amp;ssl=1 1200w, https:\/\/i0.wp.com\/sun-garden.eu\/wp-content\/uploads\/2024\/07\/benefity-2024-002.jpg?resize=600%2C300&amp;ssl=1 600w, https:\/\/i0.wp.com\/sun-garden.eu\/wp-content\/uploads\/2024\/07\/benefity-2024-002.jpg?w=1600&amp;ssl=1 1600w, https:\/\/i0.wp.com\/sun-garden.eu\/wp-content\/uploads\/2024\/07\/benefity-2024-002.jpg?w=2400&amp;ssl=1 2400w\" sizes=\"(max-width: 800px) 100vw, 800px\" data-attachment-id=\"9311\" data-permalink=\"https:\/\/sun-garden.eu\/en\/praca\/benefity-2024-002-2\/\" data-orig-file=\"https:\/\/i0.wp.com\/sun-garden.eu\/wp-content\/uploads\/2024\/07\/benefity-2024-002.jpg?fit=2555%2C1276&amp;ssl=1\" data-orig-size=\"2555,1276\" data-comments-opened=\"1\" data-image-meta=\"{&quot;aperture&quot;:&quot;0&quot;,&quot;credit&quot;:&quot;Esther Janeczek&quot;,&quot;camera&quot;:&quot;&quot;,&quot;caption&quot;:&quot;&quot;,&quot;created_timestamp&quot;:&quot;1720616477&quot;,&quot;copyright&quot;:&quot;&quot;,&quot;focal_length&quot;:&quot;0&quot;,&quot;iso&quot;:&quot;0&quot;,&quot;shutter_speed&quot;:&quot;0&quot;,&quot;title&quot;:&quot;&quot;,&quot;orientation&quot;:&quot;0&quot;}\" data-image-title=\"benefity 2024 (002)\" data-image-description=\"\" data-image-caption=\"\" data-large-file=\"https:\/\/i0.wp.com\/sun-garden.eu\/wp-content\/uploads\/2024\/07\/benefity-2024-002.jpg?fit=800%2C399&amp;ssl=1\" \/>\t\t\t\t\t\t\t\t\t\t\t\t\t\t\t<\/div>\n\t\t\t\t<\/div>\n\t\t\t\t\t<\/div>\n\t\t\t\t<\/div>\n\t\t<div class=\"elementor-element elementor-element-aebb445 e-flex e-con-boxed e-con e-parent\" data-id=\"aebb445\" data-element_type=\"container\" data-e-type=\"container\">\n\t\t\t\t\t<div class=\"e-con-inner\">\n\t\t\t\t<div class=\"elementor-element elementor-element-153847a elementor-widget elementor-widget-text-editor\" data-id=\"153847a\" data-element_type=\"widget\" data-e-type=\"widget\" data-widget_type=\"text-editor.default\">\n\t\t\t\t<div class=\"elementor-widget-container\">\n\t\t\t\t\t\t\t\t\t<p><strong> <\/strong><\/p>\n<p><strong>DAJ SI\u0118 POZNA\u0106!<\/strong><br \/>Your CV at the following address: <a href=\"mailto:rekrutacja@sun-garden.pl\">rekrutacja@sun-garden.pl<\/a><\/p>\n<p>Mo\u017cesz tak\u017ce aplikowa\u0107 tradycyjnie przynosz\u0105c swoje CV do naszego Dzia\u0142u Personalnego w siedzibie firmy.<\/p>\n<p>Maszy pytania? Zadzwo\u0144 do nas:<br \/>+48 63 289 89 13<br \/>+48 63 289 89 18<\/p>\n<p><strong>Prosimy o zamieszczenie w CV klauzuli:<br \/><\/strong><em>Wyra\u017cam zgod\u0119 na przetwarzanie moich danych osobowych dla potrzeb niezb\u0119dnych do realizacji procesu tej oraz przysz\u0142ych rekrutacji (zgodnie z ustaw\u0105 z dnia 10 maja 2018 roku o ochronie danych osobowych (Dz. Ustaw z 2018, poz. 1000) oraz zgodnie z Rozporz\u0105dzeniem Parlamentu Europejskiego i Rady (UE) 2016\/679 z dnia 27 kwietnia 2016 r. w sprawie ochrony os\u00f3b fizycznych w zwi\u0105zku z przetwarzaniem danych osobowych i w sprawie swobodnego przep\u0142ywu takich danych oraz uchylenia dyrektywy 95\/46\/WE (RODO)).<\/em><\/p>\n\t\t\t\t\t\t\t\t<\/div>\n\t\t\t\t<\/div>\n\t\t\t\t\t<\/div>\n\t\t\t\t<\/div>\n\t\t\t\t<\/div>\n\t\t","protected":false},"excerpt":{"rendered":"<p>Praca POZNAJ NAS:Sun Garden Polska jest jednym z najwi\u0119kszych producent\u00f3w materacy, mebli kontynentalnych, parasoli i poduszek ogrodowych w Europie. Sukces zawdzi\u0119czamy nie tylko w\u0142asnej produkcji, ale przede wszystkim naszej silnej i wyj\u0105tkowej za\u0142odze! Co nas wyr\u00f3\u017cnia?Jeste\u015bmy firm\u0105 rodzinn\u0105. Nasz\u0105 dzia\u0142alno\u015b\u0107 rozpoczynali\u015bmy w 1991 roku od zaledwie 30-osobowej za\u0142ogi produkuj\u0105cej poduszki ogrodowe. Dzi\u015b jeste\u015bmy najwi\u0119kszym pracodawc\u0105 [&hellip;]<\/p>\n","protected":false},"author":245903545,"featured_media":0,"parent":0,"menu_order":0,"comment_status":"closed","ping_status":"closed","template":"","meta":{"_acf_changed":false,"advanced_seo_description":"","jetpack_seo_html_title":"","jetpack_seo_noindex":false,"footnotes":""},"class_list":["post-7058","page","type-page","status-publish","hentry"],"acf":[],"jetpack_shortlink":"https:\/\/wp.me\/PftNud-1PQ","jetpack_sharing_enabled":true,"_links":{"self":[{"href":"https:\/\/sun-garden.eu\/en\/wp-json\/wp\/v2\/pages\/7058","targetHints":{"allow":["GET"]}}],"collection":[{"href":"https:\/\/sun-garden.eu\/en\/wp-json\/wp\/v2\/pages"}],"about":[{"href":"https:\/\/sun-garden.eu\/en\/wp-json\/wp\/v2\/types\/page"}],"author":[{"embeddable":true,"href":"https:\/\/sun-garden.eu\/en\/wp-json\/wp\/v2\/users\/245903545"}],"replies":[{"embeddable":true,"href":"https:\/\/sun-garden.eu\/en\/wp-json\/wp\/v2\/comments?post=7058"}],"version-history":[{"count":5,"href":"https:\/\/sun-garden.eu\/en\/wp-json\/wp\/v2\/pages\/7058\/revisions"}],"predecessor-version":[{"id":9327,"href":"https:\/\/sun-garden.eu\/en\/wp-json\/wp\/v2\/pages\/7058\/revisions\/9327"}],"wp:attachment":[{"href":"https:\/\/sun-garden.eu\/en\/wp-json\/wp\/v2\/media?parent=7058"}],"curies":[{"name":"wp","href":"https:\/\/api.w.org\/{rel}","templated":true}]}}