{"id":8775,"date":"2024-07-05T09:50:55","date_gmt":"2024-07-05T07:50:55","guid":{"rendered":"https:\/\/sun-garden.eu\/history\/"},"modified":"2024-08-22T12:12:57","modified_gmt":"2024-08-22T10:12:57","slug":"history","status":"publish","type":"page","link":"https:\/\/sun-garden.eu\/en\/history\/","title":{"rendered":"History"},"content":{"rendered":"\t\t<div data-elementor-type=\"wp-page\" data-elementor-id=\"8775\" class=\"elementor elementor-8775 elementor-8753\" data-elementor-post-type=\"page\">\n\t\t\t\t<div class=\"elementor-element elementor-element-ef35dec e-flex e-con-boxed e-con e-parent\" data-id=\"ef35dec\" data-element_type=\"container\" data-e-type=\"container\">\n\t\t\t\t\t<div class=\"e-con-inner\">\n\t\t\t\t<div class=\"elementor-element elementor-element-2b1531d elementor-widget elementor-widget-html\" data-id=\"2b1531d\" data-element_type=\"widget\" data-e-type=\"widget\" data-widget_type=\"html.default\">\n\t\t\t\t<div class=\"elementor-widget-container\">\n\t\t\t\t\t<!DOCTYPE html><html lang=\"de\"><head><meta charset=\"UTF-8\"><meta name=\"viewport\" content=\"width=device-width, initial-scale=1.0\"><title>Zeitstrahl SUN GARDEN<\/title><style>.timeline {\n            position: relative;\n            max-width: 1200px;\n            margin: 0 auto;\n        }\n\n        .timeline::after {\n            content: '';\n            position: absolute;\n            width: 6px;\n            background-color: #333;\n            top: 0;\n            bottom: 0;\n            left: 50%;\n            margin-left: -3px;\n        }\n\n        .timeline-container {\n            padding: 10px 40px;\n            position: relative;\n            background-color: inherit;\n            width: 50%;\n        }\n\n        .timeline-container.left {\n            left: 0;\n        }\n\n        .timeline-container.right {\n            left: 50%;\n        }\n\n        .timeline-container::after {\n            content: '';\n            position: absolute;\n            width: 25px;\n            height: 25px;\n            background-color: #83b81a;\n            border: 4px solid #333;\n            top: 15px;\n            border-radius: 50%;\n            z-index: 1;\n        }\n\n        .timeline-container.left::after {\n            right: -12px;\n        }\n\n        .timeline-container.right::after {\n            left: -12px;\n        }\n\n        .timeline-content {\n            padding: 20px 30px;\n            background-color: white;\n            position: relative;\n            border-radius: 6px;\n            border: 1px solid #ddd;\n        }\n\n        .timeline-container.left .timeline-content {\n            margin-left: 30px;\n        }\n\n        .timeline-container.right .timeline-content {\n            margin-right: 30px;\n        }\n\n        .timeline-container.left::before {\n            content: \" \";\n            height: 0;\n            position: absolute;\n            top: 22px;\n            width: 0;\n            z-index: 1;\n            right: 30px;\n            border: medium solid white;\n            border-width: 10px 0 10px 10px;\n            border-color: transparent transparent transparent white;\n        }\n\n        .timeline-container.right::before {\n            content: \" \";\n            height: 0;\n            position: absolute;\n            top: 22px;\n            width: 0;\n            z-index: 1;\n            left: 30px;\n            border: medium solid white;\n            border-width: 10px 10px 10px 0;\n            border-color: transparent white transparent transparent;\n        }\n\n        .year {\n            background-color: #83b81a;\n            color: white;\n            padding: 10px;\n            display: inline-block;\n            border-radius: 4px;\n        }\n    <\/style><\/head><body><div class=\"timeline\"><div class=\"timeline-container left\"><div class=\"timeline-content\"><div class=\"year\">1982<\/div><p>Gr\u00fcndung SUN GARDEN GmbH in Neuenkirchen\/Rheine (Deutschland)<\/p><\/div><\/div><div class=\"timeline-container right\"><div class=\"timeline-content\"><div class=\"year\">1991<\/div><p>Gr\u00fcndung SUN GARDEN Polska z.o.o. sp. K. in Malanow (Polen)<\/p><\/div><\/div><div class=\"timeline-container left\"><div class=\"timeline-content\"><div class=\"year\">1995<\/div><p>Fertigstellung des Logistikzentrums Burgsteinfurter Damm 15.000 m\u00b2 (Deutschland)<\/p><\/div><\/div><div class=\"timeline-container right\"><div class=\"timeline-content\"><div class=\"year\">1996<\/div><p>Markteinf\u00fchrung des Ampelschirms<\/p><\/div><\/div><div class=\"timeline-container left\"><div class=\"timeline-content\"><div class=\"year\">1997<\/div><p>Erweiterung der Produktion um 10.000 m\u00b2 (Polen)<\/p><\/div><\/div><div class=\"timeline-container right\"><div class=\"timeline-content\"><div class=\"year\">2002<\/div><p>Gr\u00fcndung SUN GARDEN Management S.C.S. in Pucioasa (Rum\u00e4nien)<\/p><\/div><\/div><div class=\"timeline-container left\"><div class=\"timeline-content\"><div class=\"year\">2005<\/div><p>Bau einer Sch\u00e4umerei (Polen)<\/p><\/div><\/div><div class=\"timeline-container right\"><div class=\"timeline-content\"><div class=\"year\">2008<\/div><p>Bau eines Reife- und Langblocklagers (Polen)<\/p><\/div><\/div><div class=\"timeline-container left\"><div class=\"timeline-content\"><div class=\"year\">2012<\/div><p>Gr\u00fcndung S.C. Sun Garden (Quimex) in Horodok (Ukraine)<\/p><\/div><\/div><div class=\"timeline-container right\"><div class=\"timeline-content\"><div class=\"year\">2016<\/div><p>Neubau eines B\u00fcrokomplexes 1.500 m\u00b2 (Polen)<\/p><\/div><\/div><div class=\"timeline-container left\"><div class=\"timeline-content\"><div class=\"year\">2018<\/div><p>Neubau einer Produktions- und Logistikhalle in Horodok 8.000 m\u00b2 (Ukraine)<\/p><p>2008-2018 Erweiterung der Lagerkapazit\u00e4t um 22.000 m\u00b2: Rohwarenlager, Fertigwarenlager, Lagerhallen (Rum\u00e4nien)<\/p><\/div><\/div><div class=\"timeline-container right\"><div class=\"timeline-content\"><div class=\"year\">2019<\/div><p>Bau eines vollautomatischen Hochregallagers (Polen)<\/p><\/div><\/div><div class=\"timeline-container left\"><div class=\"timeline-content\"><div class=\"year\">2020<\/div><p>Bau eines vollautomatischen Hochregallagers (Polen)<\/p><\/div><\/div><div class=\"timeline-container right\"><div class=\"timeline-content\"><div class=\"year\">2021<\/div><p>Aufbau einer Holzproduktion (Polen)<\/p><p>Start mit eigener Sch\u00e4umerei (Rum\u00e4nien)<\/p><\/div><\/div><div class=\"timeline-container left\"><div class=\"timeline-content\"><div class=\"year\">2022<\/div><p>40 Jahre SUN GARDEN<\/p><\/div><\/div><\/div><\/body><\/html>\t\t\t\t<\/div>\n\t\t\t\t<\/div>\n\t\t\t\t\t<\/div>\n\t\t\t\t<\/div>\n\t\t\t\t<\/div>\n\t\t","protected":false},"excerpt":{"rendered":"<p>Zeitstrahl SUN GARDEN 1982Gr\u00fcndung SUN GARDEN GmbH in Neuenkirchen\/Rheine (Deutschland) 1991 Gr\u00fcndung SUN GARDEN Polska z.o.o. sp. K. in Malanow (Polen) 1995 Fertigstellung des Logistikzentrums Burgsteinfurter Damm 15.000 m\u00b2 (Deutschland) 1996 Markteinf\u00fchrung des Ampelschirms 1997 Erweiterung der Produktion um 10.000 m\u00b2 (Polen) 2002 Gr\u00fcndung SUN GARDEN Management S.C.S. in Pucioasa (Rum\u00e4nien) 2005 Bau einer Sch\u00e4umerei [&hellip;]<\/p>\n","protected":false},"author":245903545,"featured_media":0,"parent":0,"menu_order":0,"comment_status":"closed","ping_status":"closed","template":"","meta":{"_acf_changed":false,"advanced_seo_description":"","jetpack_seo_html_title":"","jetpack_seo_noindex":false,"footnotes":""},"class_list":["post-8775","page","type-page","status-publish","hentry"],"acf":[],"jetpack_shortlink":"https:\/\/wp.me\/PftNud-2hx","jetpack_sharing_enabled":true,"_links":{"self":[{"href":"https:\/\/sun-garden.eu\/en\/wp-json\/wp\/v2\/pages\/8775","targetHints":{"allow":["GET"]}}],"collection":[{"href":"https:\/\/sun-garden.eu\/en\/wp-json\/wp\/v2\/pages"}],"about":[{"href":"https:\/\/sun-garden.eu\/en\/wp-json\/wp\/v2\/types\/page"}],"author":[{"embeddable":true,"href":"https:\/\/sun-garden.eu\/en\/wp-json\/wp\/v2\/users\/245903545"}],"replies":[{"embeddable":true,"href":"https:\/\/sun-garden.eu\/en\/wp-json\/wp\/v2\/comments?post=8775"}],"version-history":[{"count":3,"href":"https:\/\/sun-garden.eu\/en\/wp-json\/wp\/v2\/pages\/8775\/revisions"}],"predecessor-version":[{"id":10295,"href":"https:\/\/sun-garden.eu\/en\/wp-json\/wp\/v2\/pages\/8775\/revisions\/10295"}],"wp:attachment":[{"href":"https:\/\/sun-garden.eu\/en\/wp-json\/wp\/v2\/media?parent=8775"}],"curies":[{"name":"wp","href":"https:\/\/api.w.org\/{rel}","templated":true}]}}