{"id":1766,"date":"2024-02-26T16:45:29","date_gmt":"2024-02-26T15:45:29","guid":{"rendered":"https:\/\/sun-garden.eu\/meble-ogrodowe\/"},"modified":"2025-02-05T09:53:10","modified_gmt":"2025-02-05T08:53:10","slug":"meble-ogrodowe","status":"publish","type":"page","link":"https:\/\/sun-garden.eu\/pl\/meble-ogrodowe\/","title":{"rendered":"Meble ogrodowe"},"content":{"rendered":"\t\t<div data-elementor-type=\"wp-page\" data-elementor-id=\"1766\" class=\"elementor elementor-1766 elementor-1651\" data-elementor-post-type=\"page\">\n\t\t\t\t<div class=\"elementor-element elementor-element-eb9e800 e-flex e-con-boxed e-con e-parent\" data-id=\"eb9e800\" data-element_type=\"container\" data-e-type=\"container\" data-settings=\"{&quot;background_background&quot;:&quot;classic&quot;}\">\n\t\t\t\t\t<div class=\"e-con-inner\">\n\t\t<div class=\"elementor-element elementor-element-180e017 e-con-full e-flex e-con e-child\" data-id=\"180e017\" data-element_type=\"container\" data-e-type=\"container\">\n\t\t\t\t<div class=\"elementor-element elementor-element-586933d elementor-widget elementor-widget-heading\" data-id=\"586933d\" data-element_type=\"widget\" data-e-type=\"widget\" data-widget_type=\"heading.default\">\n\t\t\t\t<div class=\"elementor-widget-container\">\n\t\t\t\t\t<h2 class=\"elementor-heading-title elementor-size-default\">Meble ogrodowe<\/h2>\t\t\t\t<\/div>\n\t\t\t\t<\/div>\n\t\t\t\t<div class=\"elementor-element elementor-element-aff8f22 elementor-widget elementor-widget-text-editor\" data-id=\"aff8f22\" data-element_type=\"widget\" data-e-type=\"widget\" data-widget_type=\"text-editor.default\">\n\t\t\t\t<div class=\"elementor-widget-container\">\n\t\t\t\t\t\t\t\t\t<p>Najwy\u017csze standardy jako\u015bci i przekonuj\u0105ce wzornictwo &#8211; opatentowane orygina\u0142y SUN GARDEN<\/p>\n\t\t\t\t\t\t\t\t<\/div>\n\t\t\t\t<\/div>\n\t\t\t\t<div class=\"elementor-element elementor-element-9b074c9 elementor-widget elementor-widget-text-editor\" data-id=\"9b074c9\" data-element_type=\"widget\" data-e-type=\"widget\" data-widget_type=\"text-editor.default\">\n\t\t\t\t<div class=\"elementor-widget-container\">\n\t\t\t\t\t\t\t\t\tPo co ci najlepsza poduszka ogrodowa, je\u015bli nie masz idealnych mebli ogrodowych? Nasze krzes\u0142a ogrodowe, le\u017caki ogrodowe i sto\u0142y ogrodowe nie tylko zachwycaj\u0105 jako\u015bci\u0105, ale s\u0105 r\u00f3wnie\u017c najlepszym miejscem do sp\u0119dzenia lata.\n \nOpatentowana seria SUN GARDEN \u0142\u0105czy najwy\u017csze standardy jako\u015bci z przekonuj\u0105cym wzornictwem &#8211; Made in Germany.  \t\t\t\t\t\t\t\t<\/div>\n\t\t\t\t<\/div>\n\t\t\t\t<\/div>\n\t\t<div class=\"elementor-element elementor-element-4f458f7 e-con-full e-flex e-con e-child\" data-id=\"4f458f7\" data-element_type=\"container\" data-e-type=\"container\">\n\t\t\t\t<div class=\"elementor-element elementor-element-1f9dfd9 elementor-widget elementor-widget-image\" data-id=\"1f9dfd9\" data-element_type=\"widget\" data-e-type=\"widget\" data-widget_type=\"image.default\">\n\t\t\t\t<div class=\"elementor-widget-container\">\n\t\t\t\t\t\t\t\t\t\t\t\t\t\t\t<img fetchpriority=\"high\" decoding=\"async\" data-attachment-id=\"8330\" data-permalink=\"https:\/\/sun-garden.eu\/pl\/meble-ogrodowe\/sitzgruppe-anthrazit-2-2\/\" data-orig-file=\"https:\/\/i0.wp.com\/sun-garden.eu\/wp-content\/uploads\/2024\/07\/sitzgruppe-anthrazit-2.webp?fit=640%2C471&amp;ssl=1\" data-orig-size=\"640,471\" data-comments-opened=\"1\" data-image-meta=\"{&quot;aperture&quot;:&quot;0&quot;,&quot;credit&quot;:&quot;&quot;,&quot;camera&quot;:&quot;&quot;,&quot;caption&quot;:&quot;&quot;,&quot;created_timestamp&quot;:&quot;0&quot;,&quot;copyright&quot;:&quot;&quot;,&quot;focal_length&quot;:&quot;0&quot;,&quot;iso&quot;:&quot;0&quot;,&quot;shutter_speed&quot;:&quot;0&quot;,&quot;title&quot;:&quot;&quot;,&quot;orientation&quot;:&quot;0&quot;}\" data-image-title=\"sitzgruppe-anthrazit-2\" data-image-description=\"\" data-image-caption=\"\" data-large-file=\"https:\/\/i0.wp.com\/sun-garden.eu\/wp-content\/uploads\/2024\/07\/sitzgruppe-anthrazit-2.webp?fit=640%2C471&amp;ssl=1\" width=\"640\" height=\"471\" src=\"https:\/\/i0.wp.com\/sun-garden.eu\/wp-content\/uploads\/2024\/07\/sitzgruppe-anthrazit-2.webp?fit=640%2C471&amp;ssl=1\" class=\"attachment-large size-large wp-image-8330\" alt=\"\" srcset=\"https:\/\/i0.wp.com\/sun-garden.eu\/wp-content\/uploads\/2024\/07\/sitzgruppe-anthrazit-2.webp?w=640&amp;ssl=1 640w, https:\/\/i0.wp.com\/sun-garden.eu\/wp-content\/uploads\/2024\/07\/sitzgruppe-anthrazit-2.webp?resize=300%2C221&amp;ssl=1 300w, https:\/\/i0.wp.com\/sun-garden.eu\/wp-content\/uploads\/2024\/07\/sitzgruppe-anthrazit-2.webp?resize=600%2C442&amp;ssl=1 600w\" sizes=\"(max-width: 640px) 100vw, 640px\" data-attachment-id=\"8330\" data-permalink=\"https:\/\/sun-garden.eu\/pl\/meble-ogrodowe\/sitzgruppe-anthrazit-2-2\/\" data-orig-file=\"https:\/\/i0.wp.com\/sun-garden.eu\/wp-content\/uploads\/2024\/07\/sitzgruppe-anthrazit-2.webp?fit=640%2C471&amp;ssl=1\" data-orig-size=\"640,471\" data-comments-opened=\"1\" data-image-meta=\"{&quot;aperture&quot;:&quot;0&quot;,&quot;credit&quot;:&quot;&quot;,&quot;camera&quot;:&quot;&quot;,&quot;caption&quot;:&quot;&quot;,&quot;created_timestamp&quot;:&quot;0&quot;,&quot;copyright&quot;:&quot;&quot;,&quot;focal_length&quot;:&quot;0&quot;,&quot;iso&quot;:&quot;0&quot;,&quot;shutter_speed&quot;:&quot;0&quot;,&quot;title&quot;:&quot;&quot;,&quot;orientation&quot;:&quot;0&quot;}\" data-image-title=\"sitzgruppe-anthrazit-2\" data-image-description=\"\" data-image-caption=\"\" data-large-file=\"https:\/\/i0.wp.com\/sun-garden.eu\/wp-content\/uploads\/2024\/07\/sitzgruppe-anthrazit-2.webp?fit=640%2C471&amp;ssl=1\" \/>\t\t\t\t\t\t\t\t\t\t\t\t\t\t\t<\/div>\n\t\t\t\t<\/div>\n\t\t\t\t<\/div>\n\t\t\t\t\t<\/div>\n\t\t\t\t<\/div>\n\t\t<div class=\"elementor-element elementor-element-ae91056 e-flex e-con-boxed e-con e-parent\" data-id=\"ae91056\" data-element_type=\"container\" data-e-type=\"container\" data-settings=\"{&quot;background_background&quot;:&quot;classic&quot;}\">\n\t\t\t\t\t<div class=\"e-con-inner\">\n\t\t<div class=\"elementor-element elementor-element-9a5fd6c e-con-full e-flex e-con e-child\" data-id=\"9a5fd6c\" data-element_type=\"container\" data-e-type=\"container\">\n\t\t\t\t<div class=\"elementor-element elementor-element-a52af03 elementor-widget elementor-widget-heading\" data-id=\"a52af03\" data-element_type=\"widget\" data-e-type=\"widget\" data-widget_type=\"heading.default\">\n\t\t\t\t<div class=\"elementor-widget-container\">\n\t\t\t\t\t<h2 class=\"elementor-heading-title elementor-size-default\">Aluminium Sun Star Comfort<\/h2>\t\t\t\t<\/div>\n\t\t\t\t<\/div>\n\t\t\t\t<div class=\"elementor-element elementor-element-ce7f5b5 elementor-widget elementor-widget-text-editor\" data-id=\"ce7f5b5\" data-element_type=\"widget\" data-e-type=\"widget\" data-widget_type=\"text-editor.default\">\n\t\t\t\t<div class=\"elementor-widget-container\">\n\t\t\t\t\t\t\t\t\t<p>Opatentowana seria ASS Comfort firmy Sun Garden \u0142\u0105czy najwy\u017csze standardy jako\u015bci z przekonuj\u0105cym wzornictwem &#8211; Made in Germany.<\/p>\n\t\t\t\t\t\t\t\t<\/div>\n\t\t\t\t<\/div>\n\t\t\t\t<div class=\"elementor-element elementor-element-1943ac5 elementor-widget elementor-widget-text-editor\" data-id=\"1943ac5\" data-element_type=\"widget\" data-e-type=\"widget\" data-widget_type=\"text-editor.default\">\n\t\t\t\t<div class=\"elementor-widget-container\">\n\t\t\t\t\t\t\t\t\t<ul>\n<li>5-kierunkowa regulacja, siedzisko i oparcie wykonane z odpornego na warunki atmosferyczne, wytrzyma\u0142ego materia\u0142u Textilene\u00ae<\/li>\n<li>Bardzo wysoka odporno\u015b\u0107 na \u015bwiat\u0142o<\/li>\n<li>Wysokiej jako\u015bci 2-warstwowa aluminiowa rama malowana proszkowo poliestrem<\/li>\n<li>Ramka dost\u0119pna w kolorze srebrnym i antracytowym<\/li>\n<li>Drewniane pod\u0142okietniki wykonane z eukaliptusa<\/li>\n<\/ul>\n\t\t\t\t\t\t\t\t<\/div>\n\t\t\t\t<\/div>\n\t\t<div class=\"elementor-element elementor-element-8675b59 e-grid e-con-full e-con e-child\" data-id=\"8675b59\" data-element_type=\"container\" data-e-type=\"container\">\n\t\t\t\t<div class=\"elementor-element elementor-element-103736b elementor-widget elementor-widget-image\" data-id=\"103736b\" data-element_type=\"widget\" data-e-type=\"widget\" data-widget_type=\"image.default\">\n\t\t\t\t<div class=\"elementor-widget-container\">\n\t\t\t\t\t\t\t\t\t\t\t\t\t\t\t<img decoding=\"async\" data-attachment-id=\"11123\" data-permalink=\"https:\/\/sun-garden.eu\/pl\/meble-ogrodowe\/eu-flagge-2\/\" data-orig-file=\"https:\/\/i0.wp.com\/sun-garden.eu\/wp-content\/uploads\/2025\/01\/EU-Flagge.png?fit=275%2C183&amp;ssl=1\" data-orig-size=\"275,183\" data-comments-opened=\"1\" data-image-meta=\"{&quot;aperture&quot;:&quot;0&quot;,&quot;credit&quot;:&quot;&quot;,&quot;camera&quot;:&quot;&quot;,&quot;caption&quot;:&quot;&quot;,&quot;created_timestamp&quot;:&quot;0&quot;,&quot;copyright&quot;:&quot;&quot;,&quot;focal_length&quot;:&quot;0&quot;,&quot;iso&quot;:&quot;0&quot;,&quot;shutter_speed&quot;:&quot;0&quot;,&quot;title&quot;:&quot;&quot;,&quot;orientation&quot;:&quot;0&quot;}\" data-image-title=\"EU Flagge.\" data-image-description=\"\" data-image-caption=\"\" data-large-file=\"https:\/\/i0.wp.com\/sun-garden.eu\/wp-content\/uploads\/2025\/01\/EU-Flagge.png?fit=275%2C183&amp;ssl=1\" width=\"275\" height=\"183\" src=\"https:\/\/i0.wp.com\/sun-garden.eu\/wp-content\/uploads\/2025\/01\/EU-Flagge.png?fit=275%2C183&amp;ssl=1\" class=\"attachment-large size-large wp-image-11123\" alt=\"\" data-attachment-id=\"11123\" data-permalink=\"https:\/\/sun-garden.eu\/pl\/meble-ogrodowe\/eu-flagge-2\/\" data-orig-file=\"https:\/\/i0.wp.com\/sun-garden.eu\/wp-content\/uploads\/2025\/01\/EU-Flagge.png?fit=275%2C183&amp;ssl=1\" data-orig-size=\"275,183\" data-comments-opened=\"1\" data-image-meta=\"{&quot;aperture&quot;:&quot;0&quot;,&quot;credit&quot;:&quot;&quot;,&quot;camera&quot;:&quot;&quot;,&quot;caption&quot;:&quot;&quot;,&quot;created_timestamp&quot;:&quot;0&quot;,&quot;copyright&quot;:&quot;&quot;,&quot;focal_length&quot;:&quot;0&quot;,&quot;iso&quot;:&quot;0&quot;,&quot;shutter_speed&quot;:&quot;0&quot;,&quot;title&quot;:&quot;&quot;,&quot;orientation&quot;:&quot;0&quot;}\" data-image-title=\"EU Flagge.\" data-image-description=\"\" data-image-caption=\"\" data-large-file=\"https:\/\/i0.wp.com\/sun-garden.eu\/wp-content\/uploads\/2025\/01\/EU-Flagge.png?fit=275%2C183&amp;ssl=1\" \/>\t\t\t\t\t\t\t\t\t\t\t\t\t\t\t<\/div>\n\t\t\t\t<\/div>\n\t\t\t\t<div class=\"elementor-element elementor-element-eec640a elementor-widget elementor-widget-image\" data-id=\"eec640a\" data-element_type=\"widget\" data-e-type=\"widget\" data-widget_type=\"image.default\">\n\t\t\t\t<div class=\"elementor-widget-container\">\n\t\t\t\t\t\t\t\t\t\t\t\t\t\t\t<img decoding=\"async\" data-attachment-id=\"11115\" data-permalink=\"https:\/\/sun-garden.eu\/pl\/meble-ogrodowe\/fsc_c018054_promotional_with_text_portrait_whiteongreen_tm_6dxnwp-2\/\" data-orig-file=\"https:\/\/i0.wp.com\/sun-garden.eu\/wp-content\/uploads\/2025\/01\/FSC_C018054_Promotional_with_text_Portrait_WhiteOnGreen_tm_6dxNwp.png?fit=1024%2C1623&amp;ssl=1\" data-orig-size=\"1024,1623\" data-comments-opened=\"1\" data-image-meta=\"{&quot;aperture&quot;:&quot;0&quot;,&quot;credit&quot;:&quot;&quot;,&quot;camera&quot;:&quot;&quot;,&quot;caption&quot;:&quot;&quot;,&quot;created_timestamp&quot;:&quot;0&quot;,&quot;copyright&quot;:&quot;&quot;,&quot;focal_length&quot;:&quot;0&quot;,&quot;iso&quot;:&quot;0&quot;,&quot;shutter_speed&quot;:&quot;0&quot;,&quot;title&quot;:&quot;&quot;,&quot;orientation&quot;:&quot;0&quot;}\" data-image-title=\"FSC_C018054_Promotional_with_text_Portrait_WhiteOnGreen_tm_6dxNwp\" data-image-description=\"\" data-image-caption=\"\" data-large-file=\"https:\/\/i0.wp.com\/sun-garden.eu\/wp-content\/uploads\/2025\/01\/FSC_C018054_Promotional_with_text_Portrait_WhiteOnGreen_tm_6dxNwp.png?fit=646%2C1024&amp;ssl=1\" width=\"646\" height=\"1024\" src=\"https:\/\/i0.wp.com\/sun-garden.eu\/wp-content\/uploads\/2025\/01\/FSC_C018054_Promotional_with_text_Portrait_WhiteOnGreen_tm_6dxNwp.png?fit=646%2C1024&amp;ssl=1\" class=\"attachment-large size-large wp-image-11115\" alt=\"\" srcset=\"https:\/\/i0.wp.com\/sun-garden.eu\/wp-content\/uploads\/2025\/01\/FSC_C018054_Promotional_with_text_Portrait_WhiteOnGreen_tm_6dxNwp.png?w=1024&amp;ssl=1 1024w, https:\/\/i0.wp.com\/sun-garden.eu\/wp-content\/uploads\/2025\/01\/FSC_C018054_Promotional_with_text_Portrait_WhiteOnGreen_tm_6dxNwp.png?resize=189%2C300&amp;ssl=1 189w, https:\/\/i0.wp.com\/sun-garden.eu\/wp-content\/uploads\/2025\/01\/FSC_C018054_Promotional_with_text_Portrait_WhiteOnGreen_tm_6dxNwp.png?resize=646%2C1024&amp;ssl=1 646w, https:\/\/i0.wp.com\/sun-garden.eu\/wp-content\/uploads\/2025\/01\/FSC_C018054_Promotional_with_text_Portrait_WhiteOnGreen_tm_6dxNwp.png?resize=768%2C1217&amp;ssl=1 768w, https:\/\/i0.wp.com\/sun-garden.eu\/wp-content\/uploads\/2025\/01\/FSC_C018054_Promotional_with_text_Portrait_WhiteOnGreen_tm_6dxNwp.png?resize=969%2C1536&amp;ssl=1 969w, https:\/\/i0.wp.com\/sun-garden.eu\/wp-content\/uploads\/2025\/01\/FSC_C018054_Promotional_with_text_Portrait_WhiteOnGreen_tm_6dxNwp.png?resize=600%2C951&amp;ssl=1 600w\" sizes=\"(max-width: 646px) 100vw, 646px\" data-attachment-id=\"11115\" data-permalink=\"https:\/\/sun-garden.eu\/pl\/meble-ogrodowe\/fsc_c018054_promotional_with_text_portrait_whiteongreen_tm_6dxnwp-2\/\" data-orig-file=\"https:\/\/i0.wp.com\/sun-garden.eu\/wp-content\/uploads\/2025\/01\/FSC_C018054_Promotional_with_text_Portrait_WhiteOnGreen_tm_6dxNwp.png?fit=1024%2C1623&amp;ssl=1\" data-orig-size=\"1024,1623\" data-comments-opened=\"1\" data-image-meta=\"{&quot;aperture&quot;:&quot;0&quot;,&quot;credit&quot;:&quot;&quot;,&quot;camera&quot;:&quot;&quot;,&quot;caption&quot;:&quot;&quot;,&quot;created_timestamp&quot;:&quot;0&quot;,&quot;copyright&quot;:&quot;&quot;,&quot;focal_length&quot;:&quot;0&quot;,&quot;iso&quot;:&quot;0&quot;,&quot;shutter_speed&quot;:&quot;0&quot;,&quot;title&quot;:&quot;&quot;,&quot;orientation&quot;:&quot;0&quot;}\" data-image-title=\"FSC_C018054_Promotional_with_text_Portrait_WhiteOnGreen_tm_6dxNwp\" data-image-description=\"\" data-image-caption=\"\" data-large-file=\"https:\/\/i0.wp.com\/sun-garden.eu\/wp-content\/uploads\/2025\/01\/FSC_C018054_Promotional_with_text_Portrait_WhiteOnGreen_tm_6dxNwp.png?fit=646%2C1024&amp;ssl=1\" \/>\t\t\t\t\t\t\t\t\t\t\t\t\t\t\t<\/div>\n\t\t\t\t<\/div>\n\t\t\t\t<\/div>\n\t\t\t\t<\/div>\n\t\t<div class=\"elementor-element elementor-element-efa56c7 e-con-full e-flex e-con e-child\" data-id=\"efa56c7\" data-element_type=\"container\" data-e-type=\"container\">\n\t\t\t\t<div class=\"elementor-element elementor-element-9f26420 elementor-widget elementor-widget-image\" data-id=\"9f26420\" data-element_type=\"widget\" data-e-type=\"widget\" data-widget_type=\"image.default\">\n\t\t\t\t<div class=\"elementor-widget-container\">\n\t\t\t\t\t\t\t\t\t\t\t\t\t\t\t<img loading=\"lazy\" decoding=\"async\" data-attachment-id=\"8326\" data-permalink=\"https:\/\/sun-garden.eu\/pl\/meble-ogrodowe\/ass-comfortserie-2\/\" data-orig-file=\"https:\/\/i0.wp.com\/sun-garden.eu\/wp-content\/uploads\/2024\/07\/ass-comfortserie.webp?fit=640%2C384&amp;ssl=1\" data-orig-size=\"640,384\" data-comments-opened=\"1\" data-image-meta=\"{&quot;aperture&quot;:&quot;0&quot;,&quot;credit&quot;:&quot;&quot;,&quot;camera&quot;:&quot;&quot;,&quot;caption&quot;:&quot;&quot;,&quot;created_timestamp&quot;:&quot;0&quot;,&quot;copyright&quot;:&quot;&quot;,&quot;focal_length&quot;:&quot;0&quot;,&quot;iso&quot;:&quot;0&quot;,&quot;shutter_speed&quot;:&quot;0&quot;,&quot;title&quot;:&quot;&quot;,&quot;orientation&quot;:&quot;0&quot;}\" data-image-title=\"ass-comfortserie\" data-image-description=\"\" data-image-caption=\"\" data-large-file=\"https:\/\/i0.wp.com\/sun-garden.eu\/wp-content\/uploads\/2024\/07\/ass-comfortserie.webp?fit=640%2C384&amp;ssl=1\" width=\"640\" height=\"384\" src=\"https:\/\/i0.wp.com\/sun-garden.eu\/wp-content\/uploads\/2024\/07\/ass-comfortserie.webp?fit=640%2C384&amp;ssl=1\" class=\"attachment-large size-large wp-image-8326\" alt=\"\" srcset=\"https:\/\/i0.wp.com\/sun-garden.eu\/wp-content\/uploads\/2024\/07\/ass-comfortserie.webp?w=640&amp;ssl=1 640w, https:\/\/i0.wp.com\/sun-garden.eu\/wp-content\/uploads\/2024\/07\/ass-comfortserie.webp?resize=300%2C180&amp;ssl=1 300w, https:\/\/i0.wp.com\/sun-garden.eu\/wp-content\/uploads\/2024\/07\/ass-comfortserie.webp?resize=600%2C360&amp;ssl=1 600w\" sizes=\"(max-width: 640px) 100vw, 640px\" data-attachment-id=\"8326\" data-permalink=\"https:\/\/sun-garden.eu\/pl\/meble-ogrodowe\/ass-comfortserie-2\/\" data-orig-file=\"https:\/\/i0.wp.com\/sun-garden.eu\/wp-content\/uploads\/2024\/07\/ass-comfortserie.webp?fit=640%2C384&amp;ssl=1\" data-orig-size=\"640,384\" data-comments-opened=\"1\" data-image-meta=\"{&quot;aperture&quot;:&quot;0&quot;,&quot;credit&quot;:&quot;&quot;,&quot;camera&quot;:&quot;&quot;,&quot;caption&quot;:&quot;&quot;,&quot;created_timestamp&quot;:&quot;0&quot;,&quot;copyright&quot;:&quot;&quot;,&quot;focal_length&quot;:&quot;0&quot;,&quot;iso&quot;:&quot;0&quot;,&quot;shutter_speed&quot;:&quot;0&quot;,&quot;title&quot;:&quot;&quot;,&quot;orientation&quot;:&quot;0&quot;}\" data-image-title=\"ass-comfortserie\" data-image-description=\"\" data-image-caption=\"\" data-large-file=\"https:\/\/i0.wp.com\/sun-garden.eu\/wp-content\/uploads\/2024\/07\/ass-comfortserie.webp?fit=640%2C384&amp;ssl=1\" \/>\t\t\t\t\t\t\t\t\t\t\t\t\t\t\t<\/div>\n\t\t\t\t<\/div>\n\t\t\t\t<\/div>\n\t\t\t\t\t<\/div>\n\t\t\t\t<\/div>\n\t\t<div class=\"elementor-element elementor-element-044fd1a e-flex e-con-boxed e-con e-parent\" data-id=\"044fd1a\" data-element_type=\"container\" data-e-type=\"container\" data-settings=\"{&quot;background_background&quot;:&quot;classic&quot;}\">\n\t\t\t\t\t<div class=\"e-con-inner\">\n\t\t<div class=\"elementor-element elementor-element-a3ebdf6 e-con-full e-flex e-con e-child\" data-id=\"a3ebdf6\" data-element_type=\"container\" data-e-type=\"container\">\n\t\t\t\t<div class=\"elementor-element elementor-element-9c00027 elementor-widget elementor-widget-heading\" data-id=\"9c00027\" data-element_type=\"widget\" data-e-type=\"widget\" data-widget_type=\"heading.default\">\n\t\t\t\t<div class=\"elementor-widget-container\">\n\t\t\t\t\t<h2 class=\"elementor-heading-title elementor-size-default\">Londyn<\/h2>\t\t\t\t<\/div>\n\t\t\t\t<\/div>\n\t\t\t\t<div class=\"elementor-element elementor-element-2477e23 elementor-widget elementor-widget-text-editor\" data-id=\"2477e23\" data-element_type=\"widget\" data-e-type=\"widget\" data-widget_type=\"text-editor.default\">\n\t\t\t\t<div class=\"elementor-widget-container\">\n\t\t\t\t\t\t\t\t\t<p>Opatentowana seria London firmy Sun Garden \u0142\u0105czy najwy\u017csze standardy jako\u015bci z przekonuj\u0105cym wzornictwem &#8211; Made in Germany.<\/p>\n\t\t\t\t\t\t\t\t<\/div>\n\t\t\t\t<\/div>\n\t\t\t\t<div class=\"elementor-element elementor-element-2df9632 elementor-widget elementor-widget-text-editor\" data-id=\"2df9632\" data-element_type=\"widget\" data-e-type=\"widget\" data-widget_type=\"text-editor.default\">\n\t\t\t\t<div class=\"elementor-widget-container\">\n\t\t\t\t\t\t\t\t\t<ul>\n<li>5-kierunkowa regulacja, siedzisko i oparcie wykonane z odpornego na warunki atmosferyczne, wytrzyma\u0142ego materia\u0142u Textilene\u00ae<\/li>\n<li>Bardzo wysoka odporno\u015b\u0107 na \u015bwiat\u0142o<\/li>\n<li>Wysokiej jako\u015bci 2-warstwowa aluminiowa rama malowana proszkowo poliestrem<\/li>\n<li>Ramka dost\u0119pna w kolorze srebrnym i antracytowym<\/li>\n<\/ul>\n\t\t\t\t\t\t\t\t<\/div>\n\t\t\t\t<\/div>\n\t\t<div class=\"elementor-element elementor-element-0515e21 e-grid e-con-full e-con e-child\" data-id=\"0515e21\" data-element_type=\"container\" data-e-type=\"container\">\n\t\t\t\t<div class=\"elementor-element elementor-element-473840d elementor-widget elementor-widget-image\" data-id=\"473840d\" data-element_type=\"widget\" data-e-type=\"widget\" data-widget_type=\"image.default\">\n\t\t\t\t<div class=\"elementor-widget-container\">\n\t\t\t\t\t\t\t\t\t\t\t\t\t\t\t<img decoding=\"async\" data-attachment-id=\"11123\" data-permalink=\"https:\/\/sun-garden.eu\/pl\/meble-ogrodowe\/eu-flagge-2\/\" data-orig-file=\"https:\/\/i0.wp.com\/sun-garden.eu\/wp-content\/uploads\/2025\/01\/EU-Flagge.png?fit=275%2C183&amp;ssl=1\" data-orig-size=\"275,183\" data-comments-opened=\"1\" data-image-meta=\"{&quot;aperture&quot;:&quot;0&quot;,&quot;credit&quot;:&quot;&quot;,&quot;camera&quot;:&quot;&quot;,&quot;caption&quot;:&quot;&quot;,&quot;created_timestamp&quot;:&quot;0&quot;,&quot;copyright&quot;:&quot;&quot;,&quot;focal_length&quot;:&quot;0&quot;,&quot;iso&quot;:&quot;0&quot;,&quot;shutter_speed&quot;:&quot;0&quot;,&quot;title&quot;:&quot;&quot;,&quot;orientation&quot;:&quot;0&quot;}\" data-image-title=\"EU Flagge.\" data-image-description=\"\" data-image-caption=\"\" data-large-file=\"https:\/\/i0.wp.com\/sun-garden.eu\/wp-content\/uploads\/2025\/01\/EU-Flagge.png?fit=275%2C183&amp;ssl=1\" width=\"275\" height=\"183\" src=\"https:\/\/i0.wp.com\/sun-garden.eu\/wp-content\/uploads\/2025\/01\/EU-Flagge.png?fit=275%2C183&amp;ssl=1\" class=\"attachment-large size-large wp-image-11123\" alt=\"\" data-attachment-id=\"11123\" data-permalink=\"https:\/\/sun-garden.eu\/pl\/meble-ogrodowe\/eu-flagge-2\/\" data-orig-file=\"https:\/\/i0.wp.com\/sun-garden.eu\/wp-content\/uploads\/2025\/01\/EU-Flagge.png?fit=275%2C183&amp;ssl=1\" data-orig-size=\"275,183\" data-comments-opened=\"1\" data-image-meta=\"{&quot;aperture&quot;:&quot;0&quot;,&quot;credit&quot;:&quot;&quot;,&quot;camera&quot;:&quot;&quot;,&quot;caption&quot;:&quot;&quot;,&quot;created_timestamp&quot;:&quot;0&quot;,&quot;copyright&quot;:&quot;&quot;,&quot;focal_length&quot;:&quot;0&quot;,&quot;iso&quot;:&quot;0&quot;,&quot;shutter_speed&quot;:&quot;0&quot;,&quot;title&quot;:&quot;&quot;,&quot;orientation&quot;:&quot;0&quot;}\" data-image-title=\"EU Flagge.\" data-image-description=\"\" data-image-caption=\"\" data-large-file=\"https:\/\/i0.wp.com\/sun-garden.eu\/wp-content\/uploads\/2025\/01\/EU-Flagge.png?fit=275%2C183&amp;ssl=1\" \/>\t\t\t\t\t\t\t\t\t\t\t\t\t\t\t<\/div>\n\t\t\t\t<\/div>\n\t\t\t\t<\/div>\n\t\t\t\t<\/div>\n\t\t<div class=\"elementor-element elementor-element-644a452 e-con-full e-flex e-con e-child\" data-id=\"644a452\" data-element_type=\"container\" data-e-type=\"container\">\n\t\t\t\t<div class=\"elementor-element elementor-element-6422d9c elementor-widget elementor-widget-image\" data-id=\"6422d9c\" data-element_type=\"widget\" data-e-type=\"widget\" data-widget_type=\"image.default\">\n\t\t\t\t<div class=\"elementor-widget-container\">\n\t\t\t\t\t\t\t\t\t\t\t\t\t\t\t<img loading=\"lazy\" decoding=\"async\" data-attachment-id=\"8342\" data-permalink=\"https:\/\/sun-garden.eu\/pl\/meble-ogrodowe\/london-serie-antra-2\/\" data-orig-file=\"https:\/\/i0.wp.com\/sun-garden.eu\/wp-content\/uploads\/2024\/07\/london-serie-antra.webp?fit=640%2C329&amp;ssl=1\" data-orig-size=\"640,329\" data-comments-opened=\"1\" data-image-meta=\"{&quot;aperture&quot;:&quot;0&quot;,&quot;credit&quot;:&quot;&quot;,&quot;camera&quot;:&quot;&quot;,&quot;caption&quot;:&quot;&quot;,&quot;created_timestamp&quot;:&quot;0&quot;,&quot;copyright&quot;:&quot;&quot;,&quot;focal_length&quot;:&quot;0&quot;,&quot;iso&quot;:&quot;0&quot;,&quot;shutter_speed&quot;:&quot;0&quot;,&quot;title&quot;:&quot;&quot;,&quot;orientation&quot;:&quot;0&quot;}\" data-image-title=\"london-serie-antra\" data-image-description=\"\" data-image-caption=\"\" data-large-file=\"https:\/\/i0.wp.com\/sun-garden.eu\/wp-content\/uploads\/2024\/07\/london-serie-antra.webp?fit=640%2C329&amp;ssl=1\" width=\"640\" height=\"329\" src=\"https:\/\/i0.wp.com\/sun-garden.eu\/wp-content\/uploads\/2024\/07\/london-serie-antra.webp?fit=640%2C329&amp;ssl=1\" class=\"attachment-large size-large wp-image-8342\" alt=\"\" srcset=\"https:\/\/i0.wp.com\/sun-garden.eu\/wp-content\/uploads\/2024\/07\/london-serie-antra.webp?w=640&amp;ssl=1 640w, https:\/\/i0.wp.com\/sun-garden.eu\/wp-content\/uploads\/2024\/07\/london-serie-antra.webp?resize=300%2C154&amp;ssl=1 300w, https:\/\/i0.wp.com\/sun-garden.eu\/wp-content\/uploads\/2024\/07\/london-serie-antra.webp?resize=600%2C308&amp;ssl=1 600w\" sizes=\"(max-width: 640px) 100vw, 640px\" data-attachment-id=\"8342\" data-permalink=\"https:\/\/sun-garden.eu\/pl\/meble-ogrodowe\/london-serie-antra-2\/\" data-orig-file=\"https:\/\/i0.wp.com\/sun-garden.eu\/wp-content\/uploads\/2024\/07\/london-serie-antra.webp?fit=640%2C329&amp;ssl=1\" data-orig-size=\"640,329\" data-comments-opened=\"1\" data-image-meta=\"{&quot;aperture&quot;:&quot;0&quot;,&quot;credit&quot;:&quot;&quot;,&quot;camera&quot;:&quot;&quot;,&quot;caption&quot;:&quot;&quot;,&quot;created_timestamp&quot;:&quot;0&quot;,&quot;copyright&quot;:&quot;&quot;,&quot;focal_length&quot;:&quot;0&quot;,&quot;iso&quot;:&quot;0&quot;,&quot;shutter_speed&quot;:&quot;0&quot;,&quot;title&quot;:&quot;&quot;,&quot;orientation&quot;:&quot;0&quot;}\" data-image-title=\"london-serie-antra\" data-image-description=\"\" data-image-caption=\"\" data-large-file=\"https:\/\/i0.wp.com\/sun-garden.eu\/wp-content\/uploads\/2024\/07\/london-serie-antra.webp?fit=640%2C329&amp;ssl=1\" \/>\t\t\t\t\t\t\t\t\t\t\t\t\t\t\t<\/div>\n\t\t\t\t<\/div>\n\t\t\t\t<\/div>\n\t\t\t\t\t<\/div>\n\t\t\t\t<\/div>\n\t\t\t\t<\/div>\n\t\t","protected":false},"excerpt":{"rendered":"<p>Meble ogrodowe Najwy\u017csze standardy jako\u015bci i przekonuj\u0105ce wzornictwo &#8211; opatentowane orygina\u0142y SUN GARDEN Po co ci najlepsza poduszka ogrodowa, je\u015bli nie masz idealnych mebli ogrodowych? Nasze krzes\u0142a ogrodowe, le\u017caki ogrodowe i sto\u0142y ogrodowe nie tylko zachwycaj\u0105 jako\u015bci\u0105, ale s\u0105 r\u00f3wnie\u017c najlepszym miejscem do sp\u0119dzenia lata. Opatentowana seria SUN GARDEN \u0142\u0105czy najwy\u017csze standardy jako\u015bci z przekonuj\u0105cym [&hellip;]<\/p>\n","protected":false},"author":245903545,"featured_media":3172,"parent":0,"menu_order":0,"comment_status":"closed","ping_status":"closed","template":"","meta":{"_acf_changed":false,"advanced_seo_description":"","jetpack_seo_html_title":"","jetpack_seo_noindex":false,"footnotes":""},"class_list":["post-1766","page","type-page","status-publish","has-post-thumbnail","hentry"],"acf":[],"jetpack_shortlink":"https:\/\/wp.me\/PftNud-su","jetpack_sharing_enabled":true,"_links":{"self":[{"href":"https:\/\/sun-garden.eu\/pl\/wp-json\/wp\/v2\/pages\/1766","targetHints":{"allow":["GET"]}}],"collection":[{"href":"https:\/\/sun-garden.eu\/pl\/wp-json\/wp\/v2\/pages"}],"about":[{"href":"https:\/\/sun-garden.eu\/pl\/wp-json\/wp\/v2\/types\/page"}],"author":[{"embeddable":true,"href":"https:\/\/sun-garden.eu\/pl\/wp-json\/wp\/v2\/users\/245903545"}],"replies":[{"embeddable":true,"href":"https:\/\/sun-garden.eu\/pl\/wp-json\/wp\/v2\/comments?post=1766"}],"version-history":[{"count":10,"href":"https:\/\/sun-garden.eu\/pl\/wp-json\/wp\/v2\/pages\/1766\/revisions"}],"predecessor-version":[{"id":11149,"href":"https:\/\/sun-garden.eu\/pl\/wp-json\/wp\/v2\/pages\/1766\/revisions\/11149"}],"wp:featuredmedia":[{"embeddable":true,"href":"https:\/\/sun-garden.eu\/pl\/wp-json\/wp\/v2\/media\/3172"}],"wp:attachment":[{"href":"https:\/\/sun-garden.eu\/pl\/wp-json\/wp\/v2\/media?parent=1766"}],"curies":[{"name":"wp","href":"https:\/\/api.w.org\/{rel}","templated":true}]}}