{"id":1979,"date":"2024-02-29T09:19:36","date_gmt":"2024-02-29T08:19:36","guid":{"rendered":"https:\/\/sun-garden.eu\/lokalizacja-polska\/"},"modified":"2024-05-21T13:32:32","modified_gmt":"2024-05-21T11:32:32","slug":"lokalizacja-polska","status":"publish","type":"page","link":"https:\/\/sun-garden.eu\/pl\/lokalizacja-polska\/","title":{"rendered":"Lokalizacja Polska"},"content":{"rendered":"\t\t<div data-elementor-type=\"wp-page\" data-elementor-id=\"1979\" class=\"elementor elementor-1979 elementor-1919\" data-elementor-post-type=\"page\">\n\t\t\t\t<div class=\"elementor-element elementor-element-0d3a244 e-flex e-con-boxed e-con e-parent\" data-id=\"0d3a244\" data-element_type=\"container\" data-e-type=\"container\">\n\t\t\t\t\t<div class=\"e-con-inner\">\n\t\t\t\t<div class=\"elementor-element elementor-element-128c7f8 elementor-widget elementor-widget-spacer\" data-id=\"128c7f8\" data-element_type=\"widget\" data-e-type=\"widget\" data-widget_type=\"spacer.default\">\n\t\t\t\t<div class=\"elementor-widget-container\">\n\t\t\t\t\t\t\t<div class=\"elementor-spacer\">\n\t\t\t<div class=\"elementor-spacer-inner\"><\/div>\n\t\t<\/div>\n\t\t\t\t\t\t<\/div>\n\t\t\t\t<\/div>\n\t\t\t\t\t<\/div>\n\t\t\t\t<\/div>\n\t\t<div class=\"elementor-element elementor-element-25b5ebb e-flex e-con-boxed e-con e-parent\" data-id=\"25b5ebb\" data-element_type=\"container\" data-e-type=\"container\" data-settings=\"{&quot;background_background&quot;:&quot;classic&quot;,&quot;position&quot;:&quot;fixed&quot;}\">\n\t\t\t\t\t<div class=\"e-con-inner\">\n\t\t<div class=\"elementor-element elementor-element-6d83b57 e-con-full e-flex e-con e-child\" data-id=\"6d83b57\" data-element_type=\"container\" data-e-type=\"container\">\n\t\t\t\t<div class=\"elementor-element elementor-element-b42689e elementor-widget elementor-widget-heading\" data-id=\"b42689e\" data-element_type=\"widget\" data-e-type=\"widget\" data-widget_type=\"heading.default\">\n\t\t\t\t<div class=\"elementor-widget-container\">\n\t\t\t\t\t<h2 class=\"elementor-heading-title elementor-size-default\">Produkcja zgodna z najnowszymi standardami<\/h2>\t\t\t\t<\/div>\n\t\t\t\t<\/div>\n\t\t\t\t<\/div>\n\t\t<div class=\"elementor-element elementor-element-abe64bc e-con-full e-flex e-con e-child\" data-id=\"abe64bc\" data-element_type=\"container\" data-e-type=\"container\">\n\t\t\t\t<\/div>\n\t\t\t\t\t<\/div>\n\t\t\t\t<\/div>\n\t\t<div class=\"elementor-element elementor-element-f377260 e-flex e-con-boxed e-con e-parent\" data-id=\"f377260\" data-element_type=\"container\" data-e-type=\"container\" data-settings=\"{&quot;background_background&quot;:&quot;classic&quot;}\">\n\t\t\t\t\t<div class=\"e-con-inner\">\n\t\t<div class=\"elementor-element elementor-element-b3a7e20 e-con-full e-flex e-con e-child\" data-id=\"b3a7e20\" data-element_type=\"container\" data-e-type=\"container\">\n\t\t\t\t<div class=\"elementor-element elementor-element-8941df3 elementor-tabs-view-vertical elementor-tabs-alignment-center elementor-widget elementor-widget-tabs\" data-id=\"8941df3\" data-element_type=\"widget\" data-e-type=\"widget\" data-widget_type=\"tabs.default\">\n\t\t\t\t<div class=\"elementor-widget-container\">\n\t\t\t\t\t\t\t<div class=\"elementor-tabs\">\n\t\t\t<div class=\"elementor-tabs-wrapper\" role=\"tablist\" >\n\t\t\t\t\t\t\t\t\t<div id=\"elementor-tab-title-1431\" class=\"elementor-tab-title elementor-tab-desktop-title\" aria-selected=\"true\" data-tab=\"1\" role=\"tab\" tabindex=\"0\" aria-controls=\"elementor-tab-content-1431\" aria-expanded=\"false\">Zak\u0142ad w Malanowie<\/div>\n\t\t\t\t\t\t\t\t\t<div id=\"elementor-tab-title-1432\" class=\"elementor-tab-title elementor-tab-desktop-title\" aria-selected=\"false\" data-tab=\"2\" role=\"tab\" tabindex=\"-1\" aria-controls=\"elementor-tab-content-1432\" aria-expanded=\"false\">Obr\u00f3bka drewna<\/div>\n\t\t\t\t\t\t\t<\/div>\n\t\t\t<div class=\"elementor-tabs-content-wrapper\" role=\"tablist\" aria-orientation=\"vertical\">\n\t\t\t\t\t\t\t\t\t<div class=\"elementor-tab-title elementor-tab-mobile-title\" aria-selected=\"true\" data-tab=\"1\" role=\"tab\" tabindex=\"0\" aria-controls=\"elementor-tab-content-1431\" aria-expanded=\"false\">Zak\u0142ad w Malanowie<\/div>\n\t\t\t\t\t<div id=\"elementor-tab-content-1431\" class=\"elementor-tab-content elementor-clearfix\" data-tab=\"1\" role=\"tabpanel\" aria-labelledby=\"elementor-tab-title-1431\" tabindex=\"0\" hidden=\"false\"><p>Nasi specjali\u015bci od warto\u015bci wewn\u0119trznych. Ten ultranowoczesny zak\u0142ad produkuje wype\u0142nienia do materacy i tapicerki w ilo\u015bci 14 700 ton rocznie. Fakt, \u017ce zak\u0142ad spieniania jest cz\u0119\u015bci\u0105 naszego w\u0142asnego \u0142a\u0144cucha produkcyjnego, nie tylko umo\u017cliwia nam oferowanie korzystnych cen &#8211; zak\u0142ad spieniania sprawia r\u00f3wnie\u017c, \u017ce jeste\u015bmy bardziej elastyczni, je\u015bli chodzi o indywidualne wymagania klient\u00f3w.<\/p>\n<p><img fetchpriority=\"high\" decoding=\"async\" data-recalc-dims=\"1\" class=\"wp-image-5518 alignright\" src=\"https:\/\/i0.wp.com\/sun-garden.eu\/wp-content\/uploads\/2024\/04\/sun-garden-werk-polen.webp?resize=281%2C188&#038;ssl=1\" alt=\"\" width=\"281\" height=\"188\" srcset=\"https:\/\/i0.wp.com\/sun-garden.eu\/wp-content\/uploads\/2024\/04\/sun-garden-werk-polen.webp?w=640&amp;ssl=1 640w, https:\/\/i0.wp.com\/sun-garden.eu\/wp-content\/uploads\/2024\/04\/sun-garden-werk-polen.webp?resize=300%2C200&amp;ssl=1 300w, https:\/\/i0.wp.com\/sun-garden.eu\/wp-content\/uploads\/2024\/04\/sun-garden-werk-polen.webp?resize=60%2C40&amp;ssl=1 60w, https:\/\/i0.wp.com\/sun-garden.eu\/wp-content\/uploads\/2024\/04\/sun-garden-werk-polen.webp?resize=600%2C399&amp;ssl=1 600w\" sizes=\"(max-width: 281px) 100vw, 281px\" \/><\/p>\n<div class=\"text\">\n<p>Otwarcie zak\u0142adu: 1991 r.<br \/>Pracownicy: 3,000<br \/>Powierzchnia handlowa: 160 000 m\u00b2<\/p>\n<\/div>\n<\/div>\n\t\t\t\t\t\t\t\t\t<div class=\"elementor-tab-title elementor-tab-mobile-title\" aria-selected=\"false\" data-tab=\"2\" role=\"tab\" tabindex=\"-1\" aria-controls=\"elementor-tab-content-1432\" aria-expanded=\"false\">Obr\u00f3bka drewna<\/div>\n\t\t\t\t\t<div id=\"elementor-tab-content-1432\" class=\"elementor-tab-content elementor-clearfix\" data-tab=\"2\" role=\"tabpanel\" aria-labelledby=\"elementor-tab-title-1432\" tabindex=\"0\" hidden=\"hidden\"><p>Nasz zak\u0142ad produkcyjny w Przykonie specjalizuje si\u0119 w obr\u00f3bce drewna. Zak\u0142ad ten \u0142\u0105czy najnowocze\u015bniejsz\u0105 technologi\u0119 z tradycyjnym rzemios\u0142em, wytwarzaj\u0105c produkty drewniane o wyj\u0105tkowej jako\u015bci i trwa\u0142o\u015bci.<img decoding=\"async\" data-recalc-dims=\"1\" class=\"size-medium wp-image-5480 alignright\" src=\"https:\/\/i0.wp.com\/sun-garden.eu\/wp-content\/uploads\/2024\/04\/MG_4200.jpg?resize=200%2C300&#038;ssl=1\" alt=\"\" width=\"200\" height=\"300\" srcset=\"https:\/\/i0.wp.com\/sun-garden.eu\/wp-content\/uploads\/2024\/04\/MG_4200.jpg?w=1365&amp;ssl=1 1365w, https:\/\/i0.wp.com\/sun-garden.eu\/wp-content\/uploads\/2024\/04\/MG_4200.jpg?resize=200%2C300&amp;ssl=1 200w, https:\/\/i0.wp.com\/sun-garden.eu\/wp-content\/uploads\/2024\/04\/MG_4200.jpg?resize=683%2C1024&amp;ssl=1 683w, https:\/\/i0.wp.com\/sun-garden.eu\/wp-content\/uploads\/2024\/04\/MG_4200.jpg?resize=768%2C1152&amp;ssl=1 768w, https:\/\/i0.wp.com\/sun-garden.eu\/wp-content\/uploads\/2024\/04\/MG_4200.jpg?resize=1024%2C1536&amp;ssl=1 1024w, https:\/\/i0.wp.com\/sun-garden.eu\/wp-content\/uploads\/2024\/04\/MG_4200.jpg?resize=1200%2C1800&amp;ssl=1 1200w, https:\/\/i0.wp.com\/sun-garden.eu\/wp-content\/uploads\/2024\/04\/MG_4200.jpg?resize=60%2C90&amp;ssl=1 60w, https:\/\/i0.wp.com\/sun-garden.eu\/wp-content\/uploads\/2024\/04\/MG_4200.jpg?resize=600%2C900&amp;ssl=1 600w\" sizes=\"(max-width: 200px) 100vw, 200px\" \/><\/p>\n<p>Unia Europejska doceni\u0142a znaczenie i potencja\u0142 naszego zak\u0142adu produkcyjnego i wspar\u0142a jego budow\u0119 dotacjami. Wsparcie to pozwala nam inwestowa\u0107 w zr\u00f3wnowa\u017cone procesy produkcyjne i wzmacnia\u0107 lokaln\u0105 gospodark\u0119. Dzi\u0119ki dotacjom unijnym mogli\u015bmy wprowadzi\u0107 innowacyjne metody produkcji, chroni\u0107 \u015brodowisko i jednocze\u015bnie zapewni\u0107 miejsca pracy w regionie.<\/p>\n<\/div>\n\t\t\t\t\t\t\t<\/div>\n\t\t<\/div>\n\t\t\t\t\t\t<\/div>\n\t\t\t\t<\/div>\n\t\t\t\t<\/div>\n\t\t\t\t\t<\/div>\n\t\t\t\t<\/div>\n\t\t\t\t<\/div>\n\t\t","protected":false},"excerpt":{"rendered":"<p>Produkcja zgodna z najnowszymi standardami &lt;style&gt;\/*! elementor &#8211; v3.21.0 &#8211; 20-05-2024 *\/ .elementor-widget-tabs.elementor-tabs-view-vertical .elementor-tabs-wrapper{width:25%;flex-shrink:0}.elementor-widget-tabs.elementor-tabs-view-vertical .elementor-tab-desktop-title.elementor-active{border-inline-end-style:none}.elementor-widget-tabs.elementor-tabs-view-vertical .elementor-tab-desktop-title.elementor-active:after,.elementor-widget-tabs.elementor-tabs-view-vertical .elementor-tab-desktop-title.elementor-active:before{height:999em;width:0;right:0;border-inline-end-style:solid}.elementor-widget-tabs.elementor-tabs-view-vertical .elementor-tab-desktop-title.elementor-active:before{top:0;transform:translateY(-100%)}.elementor-widget-tabs.elementor-tabs-view-vertical .elementor-tab-desktop-title.elementor-active:after{top:100%}.elementor-widget-tabs.elementor-tabs-view-horizontal .elementor-tab-desktop-title{display:table-cell}.elementor-widget-tabs.elementor-tabs-view-horizontal .elementor-tab-desktop-title.elementor-active{border-bottom-style:none}.elementor-widget-tabs.elementor-tabs-view-horizontal .elementor-tab-desktop-title.elementor-active:after,.elementor-widget-tabs.elementor-tabs-view-horizontal .elementor-tab-desktop-title.elementor-active:before{bottom:0;height:0;width:999em;border-bottom-style:solid}.elementor-widget-tabs.elementor-tabs-view-horizontal .elementor-tab-desktop-title.elementor-active:before{right:100%}.elementor-widget-tabs.elementor-tabs-view-horizontal .elementor-tab-desktop-title.elementor-active:after{left:100%}.elementor-widget-tabs .elementor-tab-content,.elementor-widget-tabs .elementor-tab-title,.elementor-widget-tabs .elementor-tab-title:after,.elementor-widget-tabs .elementor-tab-title:before,.elementor-widget-tabs .elementor-tabs-content-wrapper{border:1px #d5d8dc}.elementor-widget-tabs .elementor-tabs{text-align:start}.elementor-widget-tabs .elementor-tabs-wrapper{overflow:hidden}.elementor-widget-tabs .elementor-tab-title{cursor:pointer;outline:var(&#8211;focus-outline,none)}.elementor-widget-tabs .elementor-tab-desktop-title{position:relative;padding:20px 25px;font-weight:700;line-height:1;border:solid transparent}.elementor-widget-tabs .elementor-tab-desktop-title.elementor-active{border-color:#d5d8dc}.elementor-widget-tabs .elementor-tab-desktop-title.elementor-active:after,.elementor-widget-tabs .elementor-tab-desktop-title.elementor-active:before{display:block;content:&#8221;&#8221;;position:absolute}.elementor-widget-tabs .elementor-tab-desktop-title:focus-visible{border:1px solid #000}.elementor-widget-tabs .elementor-tab-mobile-title{padding:10px;cursor:pointer}.elementor-widget-tabs .elementor-tab-content{padding:20px;display:none}@media (max-width:767px){.elementor-tabs .elementor-tab-content,.elementor-tabs .elementor-tab-title{border-style:solid solid none}.elementor-tabs .elementor-tabs-wrapper{display:none}.elementor-tabs .elementor-tabs-content-wrapper{border-bottom-style:solid}.elementor-tabs .elementor-tab-content{padding:10px}}@media (min-width:768px){.elementor-widget-tabs.elementor-tabs-view-vertical .elementor-tabs{display:flex}.elementor-widget-tabs.elementor-tabs-view-vertical [&hellip;]<\/p>\n","protected":false},"author":245903545,"featured_media":0,"parent":0,"menu_order":0,"comment_status":"closed","ping_status":"closed","template":"","meta":{"_acf_changed":false,"advanced_seo_description":"","jetpack_seo_html_title":"","jetpack_seo_noindex":false,"footnotes":""},"class_list":["post-1979","page","type-page","status-publish","hentry"],"acf":[],"jetpack_shortlink":"https:\/\/wp.me\/PftNud-vV","jetpack_sharing_enabled":true,"_links":{"self":[{"href":"https:\/\/sun-garden.eu\/pl\/wp-json\/wp\/v2\/pages\/1979","targetHints":{"allow":["GET"]}}],"collection":[{"href":"https:\/\/sun-garden.eu\/pl\/wp-json\/wp\/v2\/pages"}],"about":[{"href":"https:\/\/sun-garden.eu\/pl\/wp-json\/wp\/v2\/types\/page"}],"author":[{"embeddable":true,"href":"https:\/\/sun-garden.eu\/pl\/wp-json\/wp\/v2\/users\/245903545"}],"replies":[{"embeddable":true,"href":"https:\/\/sun-garden.eu\/pl\/wp-json\/wp\/v2\/comments?post=1979"}],"version-history":[{"count":2,"href":"https:\/\/sun-garden.eu\/pl\/wp-json\/wp\/v2\/pages\/1979\/revisions"}],"predecessor-version":[{"id":7273,"href":"https:\/\/sun-garden.eu\/pl\/wp-json\/wp\/v2\/pages\/1979\/revisions\/7273"}],"wp:attachment":[{"href":"https:\/\/sun-garden.eu\/pl\/wp-json\/wp\/v2\/media?parent=1979"}],"curies":[{"name":"wp","href":"https:\/\/api.w.org\/{rel}","templated":true}]}}