{"id":1993,"date":"2024-02-29T09:20:24","date_gmt":"2024-02-29T08:20:24","guid":{"rendered":"https:\/\/sun-garden.eu\/lokalizacja-niemcy\/"},"modified":"2024-07-05T09:22:57","modified_gmt":"2024-07-05T07:22:57","slug":"lokalizacja-niemcy","status":"publish","type":"page","link":"https:\/\/sun-garden.eu\/pl\/lokalizacja-niemcy\/","title":{"rendered":"Lokalizacja Niemcy"},"content":{"rendered":"\t\t<div data-elementor-type=\"wp-page\" data-elementor-id=\"1993\" class=\"elementor elementor-1993 elementor-1923\" data-elementor-post-type=\"page\">\n\t\t\t\t<div class=\"elementor-element elementor-element-05991d5 e-flex e-con-boxed e-con e-parent\" data-id=\"05991d5\" data-element_type=\"container\" data-e-type=\"container\">\n\t\t\t\t\t<div class=\"e-con-inner\">\n\t\t<div class=\"elementor-element elementor-element-954e6d9 e-con-full e-flex e-con e-child\" data-id=\"954e6d9\" data-element_type=\"container\" data-e-type=\"container\">\n\t\t\t\t<div class=\"elementor-element elementor-element-9120be1 elementor-widget elementor-widget-heading\" data-id=\"9120be1\" data-element_type=\"widget\" data-e-type=\"widget\" data-widget_type=\"heading.default\">\n\t\t\t\t<div class=\"elementor-widget-container\">\n\t\t\t\t\t<h2 class=\"elementor-heading-title elementor-size-default\">sun garden Niemcy<\/h2>\t\t\t\t<\/div>\n\t\t\t\t<\/div>\n\t\t\t\t<div class=\"elementor-element elementor-element-c58f87f elementor-widget elementor-widget-text-editor\" data-id=\"c58f87f\" data-element_type=\"widget\" data-e-type=\"widget\" data-widget_type=\"text-editor.default\">\n\t\t\t\t<div class=\"elementor-widget-container\">\n\t\t\t\t\t\t\t\t\t<p>Otwarcie zak\u0142adu: 1982 r.<br \/>Pracownicy: 100<br \/>Powierzchnia handlowa: 30 000 m\u00b2<\/p>\n\t\t\t\t\t\t\t\t<\/div>\n\t\t\t\t<\/div>\n\t\t\t\t<\/div>\n\t\t<div class=\"elementor-element elementor-element-9d252a1 e-con-full e-flex e-con e-child\" data-id=\"9d252a1\" data-element_type=\"container\" data-e-type=\"container\">\n\t\t\t\t<\/div>\n\t\t\t\t\t<\/div>\n\t\t\t\t<\/div>\n\t\t<div class=\"elementor-element elementor-element-7718d37 e-flex e-con-boxed e-con e-parent\" data-id=\"7718d37\" data-element_type=\"container\" data-e-type=\"container\" data-settings=\"{&quot;background_background&quot;:&quot;classic&quot;}\">\n\t\t\t\t\t<div class=\"e-con-inner\">\n\t\t<div class=\"elementor-element elementor-element-120d1c6 e-con-full e-flex e-con e-child\" data-id=\"120d1c6\" data-element_type=\"container\" data-e-type=\"container\">\n\t\t\t\t<div class=\"elementor-element elementor-element-26fb201 elementor-widget elementor-widget-heading\" data-id=\"26fb201\" data-element_type=\"widget\" data-e-type=\"widget\" data-widget_type=\"heading.default\">\n\t\t\t\t<div class=\"elementor-widget-container\">\n\t\t\t\t\t<h2 class=\"elementor-heading-title elementor-size-default\">Niemcy - Neuenkirchen<\/h2>\t\t\t\t<\/div>\n\t\t\t\t<\/div>\n\t\t\t\t<div class=\"elementor-element elementor-element-bd2af14 elementor-widget elementor-widget-text-editor\" data-id=\"bd2af14\" data-element_type=\"widget\" data-e-type=\"widget\" data-widget_type=\"text-editor.default\">\n\t\t\t\t<div class=\"elementor-widget-container\">\n\t\t\t\t\t\t\t\t\t<p>Serce sun garden &#8211; i g\u0142owa. Zal\u0105\u017cek firmy powsta\u0142 tutaj na pocz\u0105tku lat 80-tych. Mi\u0119dzynarodowa firma jest obecnie zarz\u0105dzana z centrali. Znajduje si\u0119 tu r\u00f3wnie\u017c centrum logistyczne zaopatruj\u0105ce naszych klient\u00f3w w Niemczech.<\/p>\n\t\t\t\t\t\t\t\t<\/div>\n\t\t\t\t<\/div>\n\t\t\t\t<div class=\"elementor-element elementor-element-0f7d07e elementor-widget elementor-widget-text-editor\" data-id=\"0f7d07e\" data-element_type=\"widget\" data-e-type=\"widget\" data-widget_type=\"text-editor.default\">\n\t\t\t\t<div class=\"elementor-widget-container\">\n\t\t\t\t\t\t\t\t\t<p>Wystawa sun garden Neuenkirchen<br \/>&#8211; tylko dla klient\u00f3w komercyjnych &#8211;<\/p>\n\t\t\t\t\t\t\t\t<\/div>\n\t\t\t\t<\/div>\n\t\t\t\t<\/div>\n\t\t<div class=\"elementor-element elementor-element-0e0d2a2 e-con-full e-flex e-con e-child\" data-id=\"0e0d2a2\" data-element_type=\"container\" data-e-type=\"container\">\n\t\t\t\t<div class=\"elementor-element elementor-element-c41d6d5 elementor-widget elementor-widget-image\" data-id=\"c41d6d5\" data-element_type=\"widget\" data-e-type=\"widget\" data-widget_type=\"image.default\">\n\t\t\t\t<div class=\"elementor-widget-container\">\n\t\t\t\t\t\t\t\t\t\t\t\t\t\t\t<img fetchpriority=\"high\" decoding=\"async\" data-attachment-id=\"8508\" data-permalink=\"https:\/\/sun-garden.eu\/pl\/20240704_114019-1-2\/\" data-orig-file=\"https:\/\/i0.wp.com\/sun-garden.eu\/wp-content\/uploads\/2024\/07\/20240704_114019-1.jpg?fit=5086%2C2117&amp;ssl=1\" data-orig-size=\"5086,2117\" data-comments-opened=\"1\" data-image-meta=\"{&quot;aperture&quot;:&quot;1.8&quot;,&quot;credit&quot;:&quot;&quot;,&quot;camera&quot;:&quot;SM-S906B&quot;,&quot;caption&quot;:&quot;&quot;,&quot;created_timestamp&quot;:&quot;1720086019&quot;,&quot;copyright&quot;:&quot;&quot;,&quot;focal_length&quot;:&quot;5.4&quot;,&quot;iso&quot;:&quot;50&quot;,&quot;shutter_speed&quot;:&quot;0.001&quot;,&quot;title&quot;:&quot;&quot;,&quot;orientation&quot;:&quot;0&quot;}\" data-image-title=\"20240704_114019-1\" data-image-description=\"\" data-image-caption=\"\" data-medium-file=\"https:\/\/i0.wp.com\/sun-garden.eu\/wp-content\/uploads\/2024\/07\/20240704_114019-1.jpg?fit=300%2C125&amp;ssl=1\" data-large-file=\"https:\/\/i0.wp.com\/sun-garden.eu\/wp-content\/uploads\/2024\/07\/20240704_114019-1.jpg?fit=800%2C333&amp;ssl=1\" width=\"800\" height=\"333\" src=\"https:\/\/i0.wp.com\/sun-garden.eu\/wp-content\/uploads\/2024\/07\/20240704_114019-1.jpg?fit=800%2C333&amp;ssl=1\" class=\"attachment-large size-large wp-image-8508\" alt=\"\" srcset=\"https:\/\/i0.wp.com\/sun-garden.eu\/wp-content\/uploads\/2024\/07\/20240704_114019-1.jpg?w=5086&amp;ssl=1 5086w, https:\/\/i0.wp.com\/sun-garden.eu\/wp-content\/uploads\/2024\/07\/20240704_114019-1.jpg?resize=300%2C125&amp;ssl=1 300w, https:\/\/i0.wp.com\/sun-garden.eu\/wp-content\/uploads\/2024\/07\/20240704_114019-1.jpg?resize=1024%2C426&amp;ssl=1 1024w, https:\/\/i0.wp.com\/sun-garden.eu\/wp-content\/uploads\/2024\/07\/20240704_114019-1.jpg?resize=768%2C320&amp;ssl=1 768w, https:\/\/i0.wp.com\/sun-garden.eu\/wp-content\/uploads\/2024\/07\/20240704_114019-1.jpg?resize=1536%2C639&amp;ssl=1 1536w, https:\/\/i0.wp.com\/sun-garden.eu\/wp-content\/uploads\/2024\/07\/20240704_114019-1.jpg?resize=2048%2C852&amp;ssl=1 2048w, https:\/\/i0.wp.com\/sun-garden.eu\/wp-content\/uploads\/2024\/07\/20240704_114019-1.jpg?resize=1200%2C499&amp;ssl=1 1200w, https:\/\/i0.wp.com\/sun-garden.eu\/wp-content\/uploads\/2024\/07\/20240704_114019-1.jpg?resize=600%2C250&amp;ssl=1 600w, https:\/\/i0.wp.com\/sun-garden.eu\/wp-content\/uploads\/2024\/07\/20240704_114019-1.jpg?w=1600&amp;ssl=1 1600w, https:\/\/i0.wp.com\/sun-garden.eu\/wp-content\/uploads\/2024\/07\/20240704_114019-1.jpg?w=2400&amp;ssl=1 2400w\" sizes=\"(max-width: 800px) 100vw, 800px\" data-attachment-id=\"8508\" data-permalink=\"https:\/\/sun-garden.eu\/pl\/20240704_114019-1-2\/\" data-orig-file=\"https:\/\/i0.wp.com\/sun-garden.eu\/wp-content\/uploads\/2024\/07\/20240704_114019-1.jpg?fit=5086%2C2117&amp;ssl=1\" data-orig-size=\"5086,2117\" data-comments-opened=\"1\" data-image-meta=\"{&quot;aperture&quot;:&quot;1.8&quot;,&quot;credit&quot;:&quot;&quot;,&quot;camera&quot;:&quot;SM-S906B&quot;,&quot;caption&quot;:&quot;&quot;,&quot;created_timestamp&quot;:&quot;1720086019&quot;,&quot;copyright&quot;:&quot;&quot;,&quot;focal_length&quot;:&quot;5.4&quot;,&quot;iso&quot;:&quot;50&quot;,&quot;shutter_speed&quot;:&quot;0.001&quot;,&quot;title&quot;:&quot;&quot;,&quot;orientation&quot;:&quot;0&quot;}\" data-image-title=\"20240704_114019-1\" data-image-description=\"\" data-image-caption=\"\" data-medium-file=\"https:\/\/i0.wp.com\/sun-garden.eu\/wp-content\/uploads\/2024\/07\/20240704_114019-1.jpg?fit=300%2C125&amp;ssl=1\" data-large-file=\"https:\/\/i0.wp.com\/sun-garden.eu\/wp-content\/uploads\/2024\/07\/20240704_114019-1.jpg?fit=800%2C333&amp;ssl=1\" \/>\t\t\t\t\t\t\t\t\t\t\t\t\t\t\t<\/div>\n\t\t\t\t<\/div>\n\t\t\t\t<\/div>\n\t\t\t\t\t<\/div>\n\t\t\t\t<\/div>\n\t\t\t\t<\/div>\n\t\t","protected":false},"excerpt":{"rendered":"<p>sun garden Niemcy Otwarcie zak\u0142adu: 1982 r.&lt;br \/&gt;Pracownicy: 100&lt;br \/&gt;Powierzchnia handlowa: 30 000 m\u00b2 &lt;h2&gt;Niemcy &#8211; Neuenkirchen&lt;\/h2&gt; Serce sun garden &#8211; i g\u0142owa. Zal\u0105\u017cek firmy powsta\u0142 tutaj na pocz\u0105tku lat 80-tych. Mi\u0119dzynarodowa firma jest obecnie zarz\u0105dzana z centrali. Znajduje si\u0119 tu r\u00f3wnie\u017c centrum logistyczne zaopatruj\u0105ce naszych klient\u00f3w w Niemczech. Wystawa sun garden Neuenkirchen&#8211; tylko dla [&hellip;]<\/p>\n","protected":false},"author":245903545,"featured_media":0,"parent":0,"menu_order":0,"comment_status":"closed","ping_status":"closed","template":"","meta":{"_acf_changed":false,"advanced_seo_description":"","jetpack_seo_html_title":"","jetpack_seo_noindex":false,"footnotes":""},"class_list":["post-1993","page","type-page","status-publish","hentry"],"acf":[],"jetpack_shortlink":"https:\/\/wp.me\/PftNud-w9","jetpack_sharing_enabled":true,"_links":{"self":[{"href":"https:\/\/sun-garden.eu\/pl\/wp-json\/wp\/v2\/pages\/1993","targetHints":{"allow":["GET"]}}],"collection":[{"href":"https:\/\/sun-garden.eu\/pl\/wp-json\/wp\/v2\/pages"}],"about":[{"href":"https:\/\/sun-garden.eu\/pl\/wp-json\/wp\/v2\/types\/page"}],"author":[{"embeddable":true,"href":"https:\/\/sun-garden.eu\/pl\/wp-json\/wp\/v2\/users\/245903545"}],"replies":[{"embeddable":true,"href":"https:\/\/sun-garden.eu\/pl\/wp-json\/wp\/v2\/comments?post=1993"}],"version-history":[{"count":9,"href":"https:\/\/sun-garden.eu\/pl\/wp-json\/wp\/v2\/pages\/1993\/revisions"}],"predecessor-version":[{"id":8733,"href":"https:\/\/sun-garden.eu\/pl\/wp-json\/wp\/v2\/pages\/1993\/revisions\/8733"}],"wp:attachment":[{"href":"https:\/\/sun-garden.eu\/pl\/wp-json\/wp\/v2\/media?parent=1993"}],"curies":[{"name":"wp","href":"https:\/\/api.w.org\/{rel}","templated":true}]}}