{"id":4925,"date":"2024-04-11T09:04:46","date_gmt":"2024-04-11T07:04:46","guid":{"rendered":"https:\/\/sun-garden.eu\/rodo\/"},"modified":"2024-07-03T15:51:12","modified_gmt":"2024-07-03T13:51:12","slug":"rodo","status":"publish","type":"page","link":"https:\/\/sun-garden.eu\/pl\/rodo\/","title":{"rendered":"RODO"},"content":{"rendered":"\t\t<div data-elementor-type=\"wp-page\" data-elementor-id=\"4925\" class=\"elementor elementor-4925 elementor-4919\" data-elementor-post-type=\"page\">\n\t\t\t\t<div class=\"elementor-element elementor-element-ca9f364 e-flex e-con-boxed e-con e-parent\" data-id=\"ca9f364\" data-element_type=\"container\" data-e-type=\"container\">\n\t\t\t\t\t<div class=\"e-con-inner\">\n\t\t\t\t<div class=\"elementor-element elementor-element-981a8b0 elementor-widget elementor-widget-text-editor\" data-id=\"981a8b0\" data-element_type=\"widget\" data-e-type=\"widget\" data-widget_type=\"text-editor.default\">\n\t\t\t\t<div class=\"elementor-widget-container\">\n\t\t\t\t\t\t\t\t\t<h1>RODO<\/h1>\n<p>Obowi\u0105zek informacyjny z art. 13  <\/p>\n<p>Zgodnie z art. 13 rozporz\u0105dzenia Parlamentu Europejskiego i Rady (UE) 2016\/679 z dnia 27 kwietnia 2016 r. w sprawie ochrony os\u00f3b fizycznych w zwi\u0105zku z przetwarzaniem danych osobowych i w sprawie swobodnego przep\u0142ywu takich danych oraz uchylenia dyrektywy 95\/46\/WE (tekst w j\u0119zyku polskim: Dziennik Urz\u0119dowy Unii Europejskiej, Nr 4.5.2016) (RODO), informujemy i\u017c:<\/p>\n<p>a) administratorem Pana\/Pani danych osobowych jest Sun Garden Polska Sp. z o.o. Sp. k. z siedzib\u0105 w Malanowie, ul. Turecka 36, (62-709) Malan\u00f3w.<\/p>\n<p>tel. +48632898900, fax. +48632898903<\/p>\n<p>e-mail: rodo@sun-garden.pl<\/p>\n<p>b) Pana\/Pani dane osobowe przetwarzane s\u0105 w celu prowadzenia rejestru korespondencji (przyjmowania korespondencji i udzielania na ni\u0105 odpowiedzi);<\/p>\n<p>c) podstawa przetwarzania Pana\/Pani danych osobowych stanowi prawnie uzasadniony cel realizowany przez administratora danych;<\/p>\n<p>d) Pana\/Pani dane osobowe b\u0119d\u0105 przekazywane innym odbiorcom tj.: partnerom \u015bwiadcz\u0105cym us\u0142ugi techniczne, przedsi\u0119biorcom telekomunikacyjnym, firmom \u015bwiadcz\u0105cym us\u0142ugi hostingowe, firmom archiwizuj\u0105cym dokumenty, kancelariom podatkowym i prawnym, windykatorom, operatorom pocztowym, przewo\u017anikom, firmom drukuj\u0105cym korespondencj\u0119 lub obs\u0142uguj\u0105cym korespondencj\u0119;<\/p>\n<p>e) administrator danych nie ma zamiaru przekazywa\u0107 Pana\/Pani* danych osobowych do pa\u0144stwa trzeciego lub organizacji mi\u0119dzynarodowej, w tym r\u00f3wnie\u017c do takich w stosunku do kt\u00f3rych Komisja Europejska stwierdzi\u0142a odpowiedni stopie\u0144 ochrony;<\/p>\n<p>f) okres, przez kt\u00f3ry dane osobowe b\u0119d\u0105 przechowywane: w zale\u017cno\u015bci od charakteru korespondencji (np. korespondencja zwi\u0105zana z roszczeniami lub reklamacjami itp. do 10 lat, inna korespondencja &#8211; 1 rok od daty zako\u0144czenia sprawy, kt\u00f3rej dotyczy korespondencja);<\/p>\n<p>g) przys\u0142uguje Panu\/Pani prawo do \u017c\u0105dania od administratora danych dost\u0119pu do danych osobowych Pana\/Pani dotycz\u0105cych, ich sprostowania, usuni\u0119cia lub ograniczenia przetwarzania, lub prawa do wniesienia sprzeciwu wobec przetwarzania, chyba \u017ce korespondencja dotyczy ustalenia, dochodzenia lub obrony roszcze\u0144;<\/p>\n<p>h) przys\u0142uguje Pani\/Panu prawo do wniesienia skargi do polskiego organu nadzorczego lub organu nadzorczego innego pa\u0144stwa cz\u0142onkowskiego Unii Europejskiej, w\u0142a\u015bciwego ze wzgl\u0119du na miejsce zwyk\u0142ego pobytu lub pracy lub ze wzgl\u0119du na miejsce domniemanego naruszenia RODO;<\/p>\n<p>i) podanie przez Pani\u0105\/Pana danych osobowych jest dobrowolne, jednak niezb\u0119dne w celu rejestracji korespondencji i udzielenia na ni\u0105 odpowiedzi, a tak\u017ce za\u0142atwienia sprawy, o ile korespondencja taki uprawniony wniosek zawiera. W przypadku niepodania danych korespondencja nie b\u0119dzie procesowana;<\/p>\n<p>j) W ramach prowadzenia rejestru korespondencji (przyjmowania korespondencji i udzielania na ni\u0105 odpowiedzi) nie s\u0105 podejmowane zautomatyzowane decyzje. Dane osobowe nie s\u0105 profilowane.<\/p>\n<\/p>\n<h2>REKRUTACJA<\/h2>\n<p><strong><u> <\/u><\/strong><\/p>\n<p>Zgodnie z art. 13 rozporz\u0105dzenia Parlamentu Europejskiego i Rady (UE) 2016\/679 z dnia 27 kwietnia 2016 r. w sprawie ochrony os\u00f3b fizycznych w zwi\u0105zku z przetwarzaniem danych osobowych i w sprawie swobodnego przep\u0142ywu takich danych oraz uchylenia dyrektywy 95\/46\/WE (tekst w j\u0119zyku polskim: Dziennik Urz\u0119dowy Unii Europejskiej, Nr 4.5.2016) (RODO), informujemy i\u017c:<\/p>\n<p>a) administratorem Pana\/Pani danych osobowych jest Sun Garden Polska Sp. z o.o. Sp. k. z siedzib\u0105 w Malanowie, ul. Turecka 36, (62-709) Malan\u00f3w<\/p>\n<p>tel. +48632898900, fax. +48632898903<\/p>\n<p>e-mail: rodo@sun-garden.pl<\/p>\n<p>b) Pana\/Pani dane osobowe przetwarzane s\u0105 w celu prowadzenia rekrutacji;<\/p>\n<p>c) podstaw\u0119 przetwarzania Pana\/Pani danych osobowych stanowi art. 6 ust. 1 litr. a) RODO oraz art. 6 ust. 1 litr. c) oraz f) RODO &#8211; wskazane przepisy pozwalaj\u0105 administratorowi danych na przetwarzanie ich na podstawie zgody udzielonej przez podmiot, kt\u00f3rego dane dotycz\u0105, oraz na przetwarzanie danych z uwagi na uzasadniony interes administratora;<\/p>\n<p>d) Pana\/Pani dane osobowe b\u0119d\u0105 przekazywane innym odbiorcom tj.: partnerom \u015bwiadcz\u0105cym us\u0142ugi techniczne, firmom archiwizuj\u0105cym dokumenty, operatorom pocztowym, firmom drukuj\u0105cym korespondencj\u0119 lub obs\u0142uguj\u0105cym korespondencj\u0119;<\/p>\n<p>e) administrator danych nie ma zamiaru przekazywa\u0107 Pana\/Pani danych osobowych do pa\u0144stwa trzeciego lub organizacji mi\u0119dzynarodowej, w tym r\u00f3wnie\u017c do takich w stosunku do kt\u00f3rych Komisja Europejska stwierdzi\u0142a odpowiedni stopie\u0144 ochrony;<\/p>\n<p>f) okres, przez kt\u00f3ry dane osobowe b\u0119d\u0105 przechowywane: do zako\u0144czenia procesu rekrutacji na dane stanowisko i up\u0142ywu czasu niezb\u0119dnego do zabezpieczenia lub dochodzenia ewentualnych roszcze\u0144 przys\u0142uguj\u0105cych, wype\u0142nienia obowi\u0105zku prawnego administratora danych, w sytuacji gdy Pan\/Pani wyrazi\u0142\/a zgod\u0119 na przetwarzanie danych tak\u017ce dla potrzeb przysz\u0142ych proces\u00f3w rekrutacyjnych &#8211; do czasu wycofania zgody lub up\u0142ywu 5 lat od jej udzielenia;<\/p>\n<p>g) przys\u0142uguje Panu\/Pani prawo do \u017c\u0105dania od administratora dost\u0119pu do danych osobowych Pana\/Pani dotycz\u0105cych, ich sprostowania, usuni\u0119cia lub ograniczenia przetwarzania, prawo do przenoszenia danych do innego administratora danych, prawo do sprzeciwu wobec przetwarzania danych;<\/p>\n<p>h) przys\u0142uguje Pani\/Panu prawo do wniesienia skargi do polskiego organu nadzorczego lub organu nadzorczego innego pa\u0144stwa cz\u0142onkowskiego Unii Europejskiej, w\u0142a\u015bciwego ze wzgl\u0119du na miejsce zwyk\u0142ego pobytu lub pracy osoby, kt\u00f3rej dane dotycz\u0105 lub ze wzgl\u0119du na miejsce domniemanego naruszenia RODO;<\/p>\n<p>i) podanie przez Pani\u0105\/Pana danych osobowych jest dobrowolne, jednak niezb\u0119dne w celu podj\u0119cia dzia\u0142a\u0144 zwi\u0105zanych z rekrutacj\u0105 do pracy w przedsi\u0119biorstwie administratora danych. W przypadku niepodania danych prowadzenie rekrutacji nie b\u0119dzie mo\u017cliwe;<\/p>\n<p>j) Pana\/Pani dane osobowe nie s\u0105 profilowane.  <\/p>\n\t\t\t\t\t\t\t\t<\/div>\n\t\t\t\t<\/div>\n\t\t\t\t\t<\/div>\n\t\t\t\t<\/div>\n\t\t\t\t<\/div>\n\t\t","protected":false},"excerpt":{"rendered":"<p>RODO Obowi\u0105zek informacyjny z art. 13 Zgodnie z art. 13 rozporz\u0105dzenia Parlamentu Europejskiego i Rady (UE) 2016\/679 z dnia 27 kwietnia 2016 r. w sprawie ochrony os\u00f3b fizycznych w zwi\u0105zku z przetwarzaniem danych osobowych i w sprawie swobodnego przep\u0142ywu takich danych oraz uchylenia dyrektywy 95\/46\/WE (tekst w j\u0119zyku polskim: Dziennik Urz\u0119dowy Unii Europejskiej, Nr 4.5.2016) [&hellip;]<\/p>\n","protected":false},"author":245903545,"featured_media":0,"parent":0,"menu_order":0,"comment_status":"closed","ping_status":"closed","template":"","meta":{"_acf_changed":false,"advanced_seo_description":"","jetpack_seo_html_title":"","jetpack_seo_noindex":false,"footnotes":""},"class_list":["post-4925","page","type-page","status-publish","hentry"],"acf":[],"jetpack_shortlink":"https:\/\/wp.me\/PftNud-1hr","jetpack_sharing_enabled":true,"_links":{"self":[{"href":"https:\/\/sun-garden.eu\/pl\/wp-json\/wp\/v2\/pages\/4925","targetHints":{"allow":["GET"]}}],"collection":[{"href":"https:\/\/sun-garden.eu\/pl\/wp-json\/wp\/v2\/pages"}],"about":[{"href":"https:\/\/sun-garden.eu\/pl\/wp-json\/wp\/v2\/types\/page"}],"author":[{"embeddable":true,"href":"https:\/\/sun-garden.eu\/pl\/wp-json\/wp\/v2\/users\/245903545"}],"replies":[{"embeddable":true,"href":"https:\/\/sun-garden.eu\/pl\/wp-json\/wp\/v2\/comments?post=4925"}],"version-history":[{"count":7,"href":"https:\/\/sun-garden.eu\/pl\/wp-json\/wp\/v2\/pages\/4925\/revisions"}],"predecessor-version":[{"id":8061,"href":"https:\/\/sun-garden.eu\/pl\/wp-json\/wp\/v2\/pages\/4925\/revisions\/8061"}],"wp:attachment":[{"href":"https:\/\/sun-garden.eu\/pl\/wp-json\/wp\/v2\/media?parent=4925"}],"curies":[{"name":"wp","href":"https:\/\/api.w.org\/{rel}","templated":true}]}}