{"id":5337,"date":"2024-03-20T13:57:22","date_gmt":"2024-03-20T12:57:22","guid":{"rendered":"https:\/\/sun-garden.eu\/poduszki-ogrodowe\/"},"modified":"2024-07-04T10:40:26","modified_gmt":"2024-07-04T08:40:26","slug":"poduszki-ogrodowe","status":"publish","type":"page","link":"https:\/\/sun-garden.eu\/pl\/poduszki-ogrodowe\/","title":{"rendered":"Poduszki ogrodowe"},"content":{"rendered":"\t\t<div data-elementor-type=\"wp-page\" data-elementor-id=\"5337\" class=\"elementor elementor-5337 elementor-3038\" data-elementor-post-type=\"page\">\n\t\t\t\t<div class=\"elementor-element elementor-element-26b2dd0 e-flex e-con-boxed e-con e-parent\" data-id=\"26b2dd0\" data-element_type=\"container\" data-e-type=\"container\" data-settings=\"{&quot;background_background&quot;:&quot;classic&quot;,&quot;position&quot;:&quot;fixed&quot;}\">\n\t\t\t\t\t<div class=\"e-con-inner\">\n\t\t\t\t\t<\/div>\n\t\t\t\t<\/div>\n\t\t<div class=\"elementor-element elementor-element-b4b0e4d e-con-full e-flex e-con e-parent\" data-id=\"b4b0e4d\" data-element_type=\"container\" data-e-type=\"container\" data-settings=\"{&quot;background_background&quot;:&quot;classic&quot;}\">\n\t\t<div class=\"elementor-element elementor-element-dd053ec e-flex e-con-boxed e-con e-child\" data-id=\"dd053ec\" data-element_type=\"container\" data-e-type=\"container\">\n\t\t\t\t\t<div class=\"e-con-inner\">\n\t\t<div class=\"elementor-element elementor-element-7ad042b e-con-full e-flex e-con e-child\" data-id=\"7ad042b\" data-element_type=\"container\" data-e-type=\"container\">\n\t\t\t\t<div class=\"elementor-element elementor-element-d093268 elementor-headline--style-highlight elementor-widget elementor-widget-animated-headline\" data-id=\"d093268\" data-element_type=\"widget\" data-e-type=\"widget\" data-settings=\"{&quot;highlighted_text&quot;:&quot;Podk\\u0142adki tapicerskie&quot;,&quot;headline_style&quot;:&quot;highlight&quot;,&quot;marker&quot;:&quot;circle&quot;,&quot;loop&quot;:&quot;yes&quot;,&quot;highlight_animation_duration&quot;:1200,&quot;highlight_iteration_delay&quot;:8000}\" data-widget_type=\"animated-headline.default\">\n\t\t\t\t<div class=\"elementor-widget-container\">\n\t\t\t\t\t\t\t<h3 class=\"elementor-headline\">\n\t\t\t\t<span class=\"elementor-headline-dynamic-wrapper elementor-headline-text-wrapper\">\n\t\t\t\t\t<span class=\"elementor-headline-dynamic-text elementor-headline-text-active\">Podk\u0142adki tapicerskie<\/span>\n\t\t\t\t<\/span>\n\t\t\t\t\t<span class=\"elementor-headline-plain-text elementor-headline-text-wrapper\">Jako\u015b\u0107 z naszej w\u0142asnej produkcji<\/span>\n\t\t\t\t\t<\/h3>\n\t\t\t\t\t\t<\/div>\n\t\t\t\t<\/div>\n\t\t\t\t<div class=\"elementor-element elementor-element-4ccc092 elementor-widget elementor-widget-text-editor\" data-id=\"4ccc092\" data-element_type=\"widget\" data-e-type=\"widget\" data-widget_type=\"text-editor.default\">\n\t\t\t\t<div class=\"elementor-widget-container\">\n\t\t\t\t\t\t\t\t\t<p>Patio i ogr\u00f3d ju\u017c dawno sta\u0142y si\u0119 rodzajem s\u0142onecznego salonu na \u015bwie\u017cym powietrzu&#8230; a to oznacza, \u017ce chcemy siedzie\u0107 na meblach ogrodowych r\u00f3wnie wygodnie jak na sofie. Nasze wysokiej jako\u015bci poszewki na poduszki s\u0105 tego stylow\u0105 gwarancj\u0105.  <\/p>\n\t\t\t\t\t\t\t\t<\/div>\n\t\t\t\t<\/div>\n\t\t\t\t<\/div>\n\t\t<div class=\"elementor-element elementor-element-64a3515 e-con-full e-flex e-con e-child\" data-id=\"64a3515\" data-element_type=\"container\" data-e-type=\"container\">\n\t\t\t\t<\/div>\n\t\t\t\t\t<\/div>\n\t\t\t\t<\/div>\n\t\t\t\t<\/div>\n\t\t<div class=\"elementor-element elementor-element-ecec0ec e-flex e-con-boxed e-con e-parent\" data-id=\"ecec0ec\" data-element_type=\"container\" data-e-type=\"container\" data-settings=\"{&quot;background_background&quot;:&quot;classic&quot;}\">\n\t\t\t\t\t<div class=\"e-con-inner\">\n\t\t<div class=\"elementor-element elementor-element-3714f95 e-con-full e-flex e-con e-child\" data-id=\"3714f95\" data-element_type=\"container\" data-e-type=\"container\">\n\t\t\t\t<div class=\"elementor-element elementor-element-cfa13b7 elementor-widget elementor-widget-heading\" data-id=\"cfa13b7\" data-element_type=\"widget\" data-e-type=\"widget\" data-widget_type=\"heading.default\">\n\t\t\t\t<div class=\"elementor-widget-container\">\n\t\t\t\t\t<h2 class=\"elementor-heading-title elementor-size-default\">Tapicerowane poduszki - wszechstronne i bardzo poszukiwane<\/h2>\t\t\t\t<\/div>\n\t\t\t\t<\/div>\n\t\t\t\t<div class=\"elementor-element elementor-element-1149d93 elementor-widget elementor-widget-text-editor\" data-id=\"1149d93\" data-element_type=\"widget\" data-e-type=\"widget\" data-widget_type=\"text-editor.default\">\n\t\t\t\t<div class=\"elementor-widget-container\">\n\t\t\t\t\t\t\t\t\t<p>SUN GARDEN jest jednym z lider\u00f3w rynku europejskiego w produkcji pokrowc\u00f3w na poduszki.<\/p>\n<p>Nasze poszewki na poduszki s\u0105 r\u00f3wnie wszechstronne, co popularne. Od kraciastych i kwiecistych po proste eleganckie &#8211; mamy co\u015b, co zaspokoi gusta ka\u017cdego klienta.<\/p>\n<p>Nie tylko wzornictwo, ale tak\u017ce wykonanie oferuje mo\u017cliwo\u015bci stworzenia idealnej poduszki na ka\u017cde krzes\u0142o ogrodowe. Poduszki z wysokim oparciem, poduszki do le\u017cenia, pasy przytrzymuj\u0105ce i okr\u0105g\u0142e pikowanie to dla nas codzienno\u015b\u0107.<\/p>\n\t\t\t\t\t\t\t\t<\/div>\n\t\t\t\t<\/div>\n\t\t\t\t<\/div>\n\t\t<div class=\"elementor-element elementor-element-1750502 e-con-full e-flex e-con e-child\" data-id=\"1750502\" data-element_type=\"container\" data-e-type=\"container\">\n\t\t<div class=\"elementor-element elementor-element-021121b e-con-full e-flex e-con e-child\" data-id=\"021121b\" data-element_type=\"container\" data-e-type=\"container\">\n\t\t<div class=\"elementor-element elementor-element-df37c1d e-con-full e-flex e-con e-child\" data-id=\"df37c1d\" data-element_type=\"container\" data-e-type=\"container\">\n\t\t<div class=\"elementor-element elementor-element-9a6b54c e-con-full e-flex e-con e-child\" data-id=\"9a6b54c\" data-element_type=\"container\" data-e-type=\"container\">\n\t\t\t\t<div class=\"elementor-element elementor-element-923fb92 elementor-widget elementor-widget-image\" data-id=\"923fb92\" data-element_type=\"widget\" data-e-type=\"widget\" data-widget_type=\"image.default\">\n\t\t\t\t<div class=\"elementor-widget-container\">\n\t\t\t\t\t\t\t\t\t\t\t\t\t\t\t<img decoding=\"async\" data-attachment-id=\"8396\" data-permalink=\"https:\/\/sun-garden.eu\/pl\/poduszki-ogrodowe\/usedom-sitzkissen-2er-10566-440-karo-anthrazit-terra-milieu-2\/\" data-orig-file=\"https:\/\/i0.wp.com\/sun-garden.eu\/wp-content\/uploads\/2024\/07\/usedom-sitzkissen-2er-10566-440-karo-anthrazit-terra-milieu.webp?fit=250%2C178&amp;ssl=1\" data-orig-size=\"250,178\" data-comments-opened=\"1\" data-image-meta=\"{&quot;aperture&quot;:&quot;0&quot;,&quot;credit&quot;:&quot;&quot;,&quot;camera&quot;:&quot;&quot;,&quot;caption&quot;:&quot;&quot;,&quot;created_timestamp&quot;:&quot;0&quot;,&quot;copyright&quot;:&quot;&quot;,&quot;focal_length&quot;:&quot;0&quot;,&quot;iso&quot;:&quot;0&quot;,&quot;shutter_speed&quot;:&quot;0&quot;,&quot;title&quot;:&quot;&quot;,&quot;orientation&quot;:&quot;0&quot;}\" data-image-title=\"usedom-sitzkissen-2er-10566-440-karo-anthrazit-terra-milieu\" data-image-description=\"\" data-image-caption=\"\" data-large-file=\"https:\/\/i0.wp.com\/sun-garden.eu\/wp-content\/uploads\/2024\/07\/usedom-sitzkissen-2er-10566-440-karo-anthrazit-terra-milieu.webp?fit=250%2C178&amp;ssl=1\" width=\"250\" height=\"178\" src=\"https:\/\/i0.wp.com\/sun-garden.eu\/wp-content\/uploads\/2024\/07\/usedom-sitzkissen-2er-10566-440-karo-anthrazit-terra-milieu.webp?fit=250%2C178&amp;ssl=1\" class=\"attachment-large size-large wp-image-8396\" alt=\"\" data-attachment-id=\"8396\" data-permalink=\"https:\/\/sun-garden.eu\/pl\/poduszki-ogrodowe\/usedom-sitzkissen-2er-10566-440-karo-anthrazit-terra-milieu-2\/\" data-orig-file=\"https:\/\/i0.wp.com\/sun-garden.eu\/wp-content\/uploads\/2024\/07\/usedom-sitzkissen-2er-10566-440-karo-anthrazit-terra-milieu.webp?fit=250%2C178&amp;ssl=1\" data-orig-size=\"250,178\" data-comments-opened=\"1\" data-image-meta=\"{&quot;aperture&quot;:&quot;0&quot;,&quot;credit&quot;:&quot;&quot;,&quot;camera&quot;:&quot;&quot;,&quot;caption&quot;:&quot;&quot;,&quot;created_timestamp&quot;:&quot;0&quot;,&quot;copyright&quot;:&quot;&quot;,&quot;focal_length&quot;:&quot;0&quot;,&quot;iso&quot;:&quot;0&quot;,&quot;shutter_speed&quot;:&quot;0&quot;,&quot;title&quot;:&quot;&quot;,&quot;orientation&quot;:&quot;0&quot;}\" data-image-title=\"usedom-sitzkissen-2er-10566-440-karo-anthrazit-terra-milieu\" data-image-description=\"\" data-image-caption=\"\" data-large-file=\"https:\/\/i0.wp.com\/sun-garden.eu\/wp-content\/uploads\/2024\/07\/usedom-sitzkissen-2er-10566-440-karo-anthrazit-terra-milieu.webp?fit=250%2C178&amp;ssl=1\" \/>\t\t\t\t\t\t\t\t\t\t\t\t\t\t\t<\/div>\n\t\t\t\t<\/div>\n\t\t\t\t<div class=\"elementor-element elementor-element-83e8626 elementor-widget elementor-widget-text-editor\" data-id=\"83e8626\" data-element_type=\"widget\" data-e-type=\"widget\" data-widget_type=\"text-editor.default\">\n\t\t\t\t<div class=\"elementor-widget-container\">\n\t\t\t\t\t\t\t\t\t<p>Poduszka siedziska z wi\u0105zaniami<\/p>\n\t\t\t\t\t\t\t\t<\/div>\n\t\t\t\t<\/div>\n\t\t\t\t<\/div>\n\t\t\t\t<\/div>\n\t\t<div class=\"elementor-element elementor-element-051c683 e-con-full e-flex e-con e-child\" data-id=\"051c683\" data-element_type=\"container\" data-e-type=\"container\">\n\t\t<div class=\"elementor-element elementor-element-9dd9d0a e-con-full e-flex e-con e-child\" data-id=\"9dd9d0a\" data-element_type=\"container\" data-e-type=\"container\">\n\t\t\t\t<div class=\"elementor-element elementor-element-2c569fd elementor-widget elementor-widget-image\" data-id=\"2c569fd\" data-element_type=\"widget\" data-e-type=\"widget\" data-widget_type=\"image.default\">\n\t\t\t\t<div class=\"elementor-widget-container\">\n\t\t\t\t\t\t\t\t\t\t\t\t\t\t\t<img decoding=\"async\" data-attachment-id=\"8384\" data-permalink=\"https:\/\/sun-garden.eu\/pl\/poduszki-ogrodowe\/usedom-hoch-10566-220-karo-anthrazit-gru-n-milieu-2\/\" data-orig-file=\"https:\/\/i0.wp.com\/sun-garden.eu\/wp-content\/uploads\/2024\/07\/usedom-hoch-10566-220-karo-anthrazit-gru-n-milieu.webp?fit=250%2C178&amp;ssl=1\" data-orig-size=\"250,178\" data-comments-opened=\"1\" data-image-meta=\"{&quot;aperture&quot;:&quot;0&quot;,&quot;credit&quot;:&quot;&quot;,&quot;camera&quot;:&quot;&quot;,&quot;caption&quot;:&quot;&quot;,&quot;created_timestamp&quot;:&quot;0&quot;,&quot;copyright&quot;:&quot;&quot;,&quot;focal_length&quot;:&quot;0&quot;,&quot;iso&quot;:&quot;0&quot;,&quot;shutter_speed&quot;:&quot;0&quot;,&quot;title&quot;:&quot;&quot;,&quot;orientation&quot;:&quot;0&quot;}\" data-image-title=\"usedom-hoch-10566-220-karo-anthrazit-gru-n-milieu\" data-image-description=\"\" data-image-caption=\"\" data-large-file=\"https:\/\/i0.wp.com\/sun-garden.eu\/wp-content\/uploads\/2024\/07\/usedom-hoch-10566-220-karo-anthrazit-gru-n-milieu.webp?fit=250%2C178&amp;ssl=1\" width=\"250\" height=\"178\" src=\"https:\/\/i0.wp.com\/sun-garden.eu\/wp-content\/uploads\/2024\/07\/usedom-hoch-10566-220-karo-anthrazit-gru-n-milieu.webp?fit=250%2C178&amp;ssl=1\" class=\"attachment-large size-large wp-image-8384\" alt=\"\" data-attachment-id=\"8384\" data-permalink=\"https:\/\/sun-garden.eu\/pl\/poduszki-ogrodowe\/usedom-hoch-10566-220-karo-anthrazit-gru-n-milieu-2\/\" data-orig-file=\"https:\/\/i0.wp.com\/sun-garden.eu\/wp-content\/uploads\/2024\/07\/usedom-hoch-10566-220-karo-anthrazit-gru-n-milieu.webp?fit=250%2C178&amp;ssl=1\" data-orig-size=\"250,178\" data-comments-opened=\"1\" data-image-meta=\"{&quot;aperture&quot;:&quot;0&quot;,&quot;credit&quot;:&quot;&quot;,&quot;camera&quot;:&quot;&quot;,&quot;caption&quot;:&quot;&quot;,&quot;created_timestamp&quot;:&quot;0&quot;,&quot;copyright&quot;:&quot;&quot;,&quot;focal_length&quot;:&quot;0&quot;,&quot;iso&quot;:&quot;0&quot;,&quot;shutter_speed&quot;:&quot;0&quot;,&quot;title&quot;:&quot;&quot;,&quot;orientation&quot;:&quot;0&quot;}\" data-image-title=\"usedom-hoch-10566-220-karo-anthrazit-gru-n-milieu\" data-image-description=\"\" data-image-caption=\"\" data-large-file=\"https:\/\/i0.wp.com\/sun-garden.eu\/wp-content\/uploads\/2024\/07\/usedom-hoch-10566-220-karo-anthrazit-gru-n-milieu.webp?fit=250%2C178&amp;ssl=1\" \/>\t\t\t\t\t\t\t\t\t\t\t\t\t\t\t<\/div>\n\t\t\t\t<\/div>\n\t\t\t\t<div class=\"elementor-element elementor-element-21a44a6 elementor-widget elementor-widget-text-editor\" data-id=\"21a44a6\" data-element_type=\"widget\" data-e-type=\"widget\" data-widget_type=\"text-editor.default\">\n\t\t\t\t<div class=\"elementor-widget-container\">\n\t\t\t\t\t\t\t\t\t<p>Poduszka z wysokim oparciem z regulowanym paskiem mocuj\u0105cym i wi\u0105zaniami<\/p>\n\t\t\t\t\t\t\t\t<\/div>\n\t\t\t\t<\/div>\n\t\t\t\t<\/div>\n\t\t\t\t<\/div>\n\t\t\t\t<\/div>\n\t\t<div class=\"elementor-element elementor-element-db4e083 e-con-full e-flex e-con e-child\" data-id=\"db4e083\" data-element_type=\"container\" data-e-type=\"container\">\n\t\t<div class=\"elementor-element elementor-element-8b5c752 e-con-full e-flex e-con e-child\" data-id=\"8b5c752\" data-element_type=\"container\" data-e-type=\"container\">\n\t\t<div class=\"elementor-element elementor-element-f1f9eec e-con-full e-flex e-con e-child\" data-id=\"f1f9eec\" data-element_type=\"container\" data-e-type=\"container\">\n\t\t\t\t<div class=\"elementor-element elementor-element-97f30b6 elementor-widget elementor-widget-image\" data-id=\"97f30b6\" data-element_type=\"widget\" data-e-type=\"widget\" data-widget_type=\"image.default\">\n\t\t\t\t<div class=\"elementor-widget-container\">\n\t\t\t\t\t\t\t\t\t\t\t\t\t\t\t<img decoding=\"async\" data-attachment-id=\"8392\" data-permalink=\"https:\/\/sun-garden.eu\/pl\/poduszki-ogrodowe\/usedom-relax-30417-100-dschungel-milieu-2\/\" data-orig-file=\"https:\/\/i0.wp.com\/sun-garden.eu\/wp-content\/uploads\/2024\/07\/usedom-relax-30417-100-dschungel-milieu.webp?fit=250%2C169&amp;ssl=1\" data-orig-size=\"250,169\" data-comments-opened=\"1\" data-image-meta=\"{&quot;aperture&quot;:&quot;0&quot;,&quot;credit&quot;:&quot;&quot;,&quot;camera&quot;:&quot;&quot;,&quot;caption&quot;:&quot;&quot;,&quot;created_timestamp&quot;:&quot;0&quot;,&quot;copyright&quot;:&quot;&quot;,&quot;focal_length&quot;:&quot;0&quot;,&quot;iso&quot;:&quot;0&quot;,&quot;shutter_speed&quot;:&quot;0&quot;,&quot;title&quot;:&quot;&quot;,&quot;orientation&quot;:&quot;0&quot;}\" data-image-title=\"usedom-relax-30417-100-dschungel-milieu\" data-image-description=\"\" data-image-caption=\"\" data-large-file=\"https:\/\/i0.wp.com\/sun-garden.eu\/wp-content\/uploads\/2024\/07\/usedom-relax-30417-100-dschungel-milieu.webp?fit=250%2C169&amp;ssl=1\" width=\"250\" height=\"169\" src=\"https:\/\/i0.wp.com\/sun-garden.eu\/wp-content\/uploads\/2024\/07\/usedom-relax-30417-100-dschungel-milieu.webp?fit=250%2C169&amp;ssl=1\" class=\"attachment-large size-large wp-image-8392\" alt=\"\" data-attachment-id=\"8392\" data-permalink=\"https:\/\/sun-garden.eu\/pl\/poduszki-ogrodowe\/usedom-relax-30417-100-dschungel-milieu-2\/\" data-orig-file=\"https:\/\/i0.wp.com\/sun-garden.eu\/wp-content\/uploads\/2024\/07\/usedom-relax-30417-100-dschungel-milieu.webp?fit=250%2C169&amp;ssl=1\" data-orig-size=\"250,169\" data-comments-opened=\"1\" data-image-meta=\"{&quot;aperture&quot;:&quot;0&quot;,&quot;credit&quot;:&quot;&quot;,&quot;camera&quot;:&quot;&quot;,&quot;caption&quot;:&quot;&quot;,&quot;created_timestamp&quot;:&quot;0&quot;,&quot;copyright&quot;:&quot;&quot;,&quot;focal_length&quot;:&quot;0&quot;,&quot;iso&quot;:&quot;0&quot;,&quot;shutter_speed&quot;:&quot;0&quot;,&quot;title&quot;:&quot;&quot;,&quot;orientation&quot;:&quot;0&quot;}\" data-image-title=\"usedom-relax-30417-100-dschungel-milieu\" data-image-description=\"\" data-image-caption=\"\" data-large-file=\"https:\/\/i0.wp.com\/sun-garden.eu\/wp-content\/uploads\/2024\/07\/usedom-relax-30417-100-dschungel-milieu.webp?fit=250%2C169&amp;ssl=1\" \/>\t\t\t\t\t\t\t\t\t\t\t\t\t\t\t<\/div>\n\t\t\t\t<\/div>\n\t\t\t\t<div class=\"elementor-element elementor-element-cf6affd elementor-widget elementor-widget-text-editor\" data-id=\"cf6affd\" data-element_type=\"widget\" data-e-type=\"widget\" data-widget_type=\"text-editor.default\">\n\t\t\t\t<div class=\"elementor-widget-container\">\n\t\t\t\t\t\t\t\t\t<p>Poduszka le\u017canki z regulowanym paskiem mocuj\u0105cym, gumowym paskiem mocuj\u0105cym w stopie i paskami mocuj\u0105cymi<\/p>\n\t\t\t\t\t\t\t\t<\/div>\n\t\t\t\t<\/div>\n\t\t\t\t<\/div>\n\t\t\t\t<\/div>\n\t\t<div class=\"elementor-element elementor-element-6c64247 e-con-full e-flex e-con e-child\" data-id=\"6c64247\" data-element_type=\"container\" data-e-type=\"container\">\n\t\t<div class=\"elementor-element elementor-element-0ab85e9 e-con-full e-flex e-con e-child\" data-id=\"0ab85e9\" data-element_type=\"container\" data-e-type=\"container\">\n\t\t\t\t<div class=\"elementor-element elementor-element-c8dc632 elementor-widget elementor-widget-image\" data-id=\"c8dc632\" data-element_type=\"widget\" data-e-type=\"widget\" data-widget_type=\"image.default\">\n\t\t\t\t<div class=\"elementor-widget-container\">\n\t\t\t\t\t\t\t\t\t\t\t\t\t\t\t<img loading=\"lazy\" decoding=\"async\" data-attachment-id=\"8388\" data-permalink=\"https:\/\/sun-garden.eu\/pl\/poduszki-ogrodowe\/usedom-niedrig-10612-700-karo-anthrazit-milieu-2\/\" data-orig-file=\"https:\/\/i0.wp.com\/sun-garden.eu\/wp-content\/uploads\/2024\/07\/usedom-niedrig-10612-700-karo-anthrazit-milieu.webp?fit=250%2C171&amp;ssl=1\" data-orig-size=\"250,171\" data-comments-opened=\"1\" data-image-meta=\"{&quot;aperture&quot;:&quot;0&quot;,&quot;credit&quot;:&quot;&quot;,&quot;camera&quot;:&quot;&quot;,&quot;caption&quot;:&quot;&quot;,&quot;created_timestamp&quot;:&quot;0&quot;,&quot;copyright&quot;:&quot;&quot;,&quot;focal_length&quot;:&quot;0&quot;,&quot;iso&quot;:&quot;0&quot;,&quot;shutter_speed&quot;:&quot;0&quot;,&quot;title&quot;:&quot;&quot;,&quot;orientation&quot;:&quot;0&quot;}\" data-image-title=\"usedom-niedrig-10612-700-karo-anthrazit-milieu\" data-image-description=\"\" data-image-caption=\"\" data-large-file=\"https:\/\/i0.wp.com\/sun-garden.eu\/wp-content\/uploads\/2024\/07\/usedom-niedrig-10612-700-karo-anthrazit-milieu.webp?fit=250%2C171&amp;ssl=1\" width=\"250\" height=\"171\" src=\"https:\/\/i0.wp.com\/sun-garden.eu\/wp-content\/uploads\/2024\/07\/usedom-niedrig-10612-700-karo-anthrazit-milieu.webp?fit=250%2C171&amp;ssl=1\" class=\"attachment-large size-large wp-image-8388\" alt=\"\" data-attachment-id=\"8388\" data-permalink=\"https:\/\/sun-garden.eu\/pl\/poduszki-ogrodowe\/usedom-niedrig-10612-700-karo-anthrazit-milieu-2\/\" data-orig-file=\"https:\/\/i0.wp.com\/sun-garden.eu\/wp-content\/uploads\/2024\/07\/usedom-niedrig-10612-700-karo-anthrazit-milieu.webp?fit=250%2C171&amp;ssl=1\" data-orig-size=\"250,171\" data-comments-opened=\"1\" data-image-meta=\"{&quot;aperture&quot;:&quot;0&quot;,&quot;credit&quot;:&quot;&quot;,&quot;camera&quot;:&quot;&quot;,&quot;caption&quot;:&quot;&quot;,&quot;created_timestamp&quot;:&quot;0&quot;,&quot;copyright&quot;:&quot;&quot;,&quot;focal_length&quot;:&quot;0&quot;,&quot;iso&quot;:&quot;0&quot;,&quot;shutter_speed&quot;:&quot;0&quot;,&quot;title&quot;:&quot;&quot;,&quot;orientation&quot;:&quot;0&quot;}\" data-image-title=\"usedom-niedrig-10612-700-karo-anthrazit-milieu\" data-image-description=\"\" data-image-caption=\"\" data-large-file=\"https:\/\/i0.wp.com\/sun-garden.eu\/wp-content\/uploads\/2024\/07\/usedom-niedrig-10612-700-karo-anthrazit-milieu.webp?fit=250%2C171&amp;ssl=1\" \/>\t\t\t\t\t\t\t\t\t\t\t\t\t\t\t<\/div>\n\t\t\t\t<\/div>\n\t\t\t\t<div class=\"elementor-element elementor-element-5893705 elementor-widget elementor-widget-text-editor\" data-id=\"5893705\" data-element_type=\"widget\" data-e-type=\"widget\" data-widget_type=\"text-editor.default\">\n\t\t\t\t<div class=\"elementor-widget-container\">\n\t\t\t\t\t\t\t\t\t<p>Niska poduszka oparcia z regulowanym paskiem mocuj\u0105cym i wi\u0105zaniami<\/p>\n\t\t\t\t\t\t\t\t<\/div>\n\t\t\t\t<\/div>\n\t\t\t\t<\/div>\n\t\t\t\t<\/div>\n\t\t\t\t<\/div>\n\t\t\t\t<\/div>\n\t\t\t\t\t<\/div>\n\t\t\t\t<\/div>\n\t\t\t\t<\/div>\n\t\t","protected":false},"excerpt":{"rendered":"<p>Podk\u0142adki tapicerskie Jako\u015b\u0107 z naszej w\u0142asnej produkcji Patio i ogr\u00f3d ju\u017c dawno sta\u0142y si\u0119 rodzajem s\u0142onecznego salonu na \u015bwie\u017cym powietrzu&#8230; a to oznacza, \u017ce chcemy siedzie\u0107 na meblach ogrodowych r\u00f3wnie wygodnie jak na sofie. Nasze wysokiej jako\u015bci poszewki na poduszki s\u0105 tego stylow\u0105 gwarancj\u0105. &lt;h2&gt;Tapicerowane poduszki &#8211; wszechstronne i bardzo poszukiwane&lt;\/h2&gt; SUN GARDEN jest jednym [&hellip;]<\/p>\n","protected":false},"author":245903545,"featured_media":3041,"parent":0,"menu_order":0,"comment_status":"closed","ping_status":"closed","template":"","meta":{"_acf_changed":false,"advanced_seo_description":"","jetpack_seo_html_title":"","jetpack_seo_noindex":false,"footnotes":""},"class_list":["post-5337","page","type-page","status-publish","has-post-thumbnail","hentry"],"acf":[],"jetpack_shortlink":"https:\/\/wp.me\/PftNud-1o5","jetpack_sharing_enabled":true,"_links":{"self":[{"href":"https:\/\/sun-garden.eu\/pl\/wp-json\/wp\/v2\/pages\/5337","targetHints":{"allow":["GET"]}}],"collection":[{"href":"https:\/\/sun-garden.eu\/pl\/wp-json\/wp\/v2\/pages"}],"about":[{"href":"https:\/\/sun-garden.eu\/pl\/wp-json\/wp\/v2\/types\/page"}],"author":[{"embeddable":true,"href":"https:\/\/sun-garden.eu\/pl\/wp-json\/wp\/v2\/users\/245903545"}],"replies":[{"embeddable":true,"href":"https:\/\/sun-garden.eu\/pl\/wp-json\/wp\/v2\/comments?post=5337"}],"version-history":[{"count":7,"href":"https:\/\/sun-garden.eu\/pl\/wp-json\/wp\/v2\/pages\/5337\/revisions"}],"predecessor-version":[{"id":8411,"href":"https:\/\/sun-garden.eu\/pl\/wp-json\/wp\/v2\/pages\/5337\/revisions\/8411"}],"wp:featuredmedia":[{"embeddable":true,"href":"https:\/\/sun-garden.eu\/pl\/wp-json\/wp\/v2\/media\/3041"}],"wp:attachment":[{"href":"https:\/\/sun-garden.eu\/pl\/wp-json\/wp\/v2\/media?parent=5337"}],"curies":[{"name":"wp","href":"https:\/\/api.w.org\/{rel}","templated":true}]}}