{"id":5830,"date":"2024-04-24T15:59:28","date_gmt":"2024-04-24T13:59:28","guid":{"rendered":"https:\/\/sun-garden.eu\/za-kulisami\/"},"modified":"2024-05-21T13:32:32","modified_gmt":"2024-05-21T11:32:32","slug":"za-kulisami","status":"publish","type":"page","link":"https:\/\/sun-garden.eu\/pl\/za-kulisami\/","title":{"rendered":"Za kulisami"},"content":{"rendered":"\t\t<div data-elementor-type=\"wp-page\" data-elementor-id=\"5830\" class=\"elementor elementor-5830 elementor-5823\" data-elementor-post-type=\"page\">\n\t\t\t\t<div class=\"elementor-element elementor-element-04d9bb7 e-flex e-con-boxed e-con e-parent\" data-id=\"04d9bb7\" data-element_type=\"container\" data-e-type=\"container\">\n\t\t\t\t\t<div class=\"e-con-inner\">\n\t\t<div class=\"elementor-element elementor-element-21d00fe e-con-full e-flex e-con e-child\" data-id=\"21d00fe\" data-element_type=\"container\" data-e-type=\"container\" data-settings=\"{&quot;background_background&quot;:&quot;slideshow&quot;,&quot;background_slideshow_gallery&quot;:[{&quot;id&quot;:5674,&quot;url&quot;:&quot;https:\\\/\\\/sun-garden.eu\\\/wp-content\\\/uploads\\\/2024\\\/04\\\/MG_4342-Enhanced-NR.jpg&quot;},{&quot;id&quot;:5598,&quot;url&quot;:&quot;https:\\\/\\\/sun-garden.eu\\\/wp-content\\\/uploads\\\/2024\\\/04\\\/MG_4492.jpg&quot;},{&quot;id&quot;:5562,&quot;url&quot;:&quot;https:\\\/\\\/sun-garden.eu\\\/wp-content\\\/uploads\\\/2024\\\/04\\\/MG_4381.jpg&quot;}],&quot;background_slideshow_transition_duration&quot;:750,&quot;background_slideshow_lazyload&quot;:&quot;yes&quot;,&quot;background_slideshow_ken_burns&quot;:&quot;yes&quot;,&quot;motion_fx_motion_fx_scrolling&quot;:&quot;yes&quot;,&quot;background_slideshow_loop&quot;:&quot;yes&quot;,&quot;background_slideshow_slide_duration&quot;:5000,&quot;background_slideshow_slide_transition&quot;:&quot;fade&quot;,&quot;background_slideshow_ken_burns_zoom_direction&quot;:&quot;in&quot;,&quot;motion_fx_devices&quot;:[&quot;desktop&quot;,&quot;tablet&quot;,&quot;mobile&quot;]}\">\n\t\t\t\t<\/div>\n\t\t\t\t\t<\/div>\n\t\t\t\t<\/div>\n\t\t<div class=\"elementor-element elementor-element-96a3865 e-flex e-con-boxed e-con e-parent\" data-id=\"96a3865\" data-element_type=\"container\" data-e-type=\"container\">\n\t\t\t\t\t<div class=\"e-con-inner\">\n\t\t<div class=\"elementor-element elementor-element-bd8c03e e-con-full e-flex e-con e-child\" data-id=\"bd8c03e\" data-element_type=\"container\" data-e-type=\"container\">\n\t\t\t\t<div class=\"elementor-element elementor-element-2557706 elementor-widget elementor-widget-image\" data-id=\"2557706\" data-element_type=\"widget\" data-e-type=\"widget\" data-widget_type=\"image.default\">\n\t\t\t\t<div class=\"elementor-widget-container\">\n\t\t\t\t\t\t\t\t\t\t\t\t\t\t\t<img data-recalc-dims=\"1\" decoding=\"async\" src=\"https:\/\/i0.wp.com\/sun-garden.eu\/wp-content\/plugins\/elementor\/assets\/images\/placeholder.png?w=800&#038;ssl=1\" title=\"\" alt=\"\" loading=\"lazy\" \/>\t\t\t\t\t\t\t\t\t\t\t\t\t\t\t<\/div>\n\t\t\t\t<\/div>\n\t\t\t\t<\/div>\n\t\t<div class=\"elementor-element elementor-element-3179f63 e-con-full e-flex e-con e-child\" data-id=\"3179f63\" data-element_type=\"container\" data-e-type=\"container\">\n\t\t\t\t<div class=\"elementor-element elementor-element-06e26e5 elementor-widget elementor-widget-heading\" data-id=\"06e26e5\" data-element_type=\"widget\" data-e-type=\"widget\" data-widget_type=\"heading.default\">\n\t\t\t\t<div class=\"elementor-widget-container\">\n\t\t\t\t\t<h2 class=\"elementor-heading-title elementor-size-default\">Zaproszenie do zajrzenia za kulisy\n<\/h2>\t\t\t\t<\/div>\n\t\t\t\t<\/div>\n\t\t\t\t<div class=\"elementor-element elementor-element-538261c elementor-widget elementor-widget-text-editor\" data-id=\"538261c\" data-element_type=\"widget\" data-e-type=\"widget\" data-widget_type=\"text-editor.default\">\n\t\t\t\t<div class=\"elementor-widget-container\">\n\t\t\t\t\t\t\t\t\t<p>W Sun Garden zapraszamy do zajrzenia za kulisy typowego dnia pracy. G\u0142\u0119boko wierzymy, \u017ce przejrzysto\u015b\u0107 i otwarto\u015b\u0107 stanowi\u0105 podstaw\u0119 silnej wi\u0119zi z naszymi klientami i partnerami. Dlatego chcemy pokaza\u0107, co to znaczy by\u0107 cz\u0119\u015bci\u0105 naszego zespo\u0142u i jak pracujemy ka\u017cdego dnia, aby osi\u0105gn\u0105\u0107 nasze cele.<\/p>\n\t\t\t\t\t\t\t\t<\/div>\n\t\t\t\t<\/div>\n\t\t\t\t<\/div>\n\t\t\t\t\t<\/div>\n\t\t\t\t<\/div>\n\t\t<div class=\"elementor-element elementor-element-5c004f8 e-flex e-con-boxed e-con e-parent\" data-id=\"5c004f8\" data-element_type=\"container\" data-e-type=\"container\">\n\t\t\t\t\t<div class=\"e-con-inner\">\n\t\t<div class=\"elementor-element elementor-element-0174f81 e-con-full e-flex e-con e-child\" data-id=\"0174f81\" data-element_type=\"container\" data-e-type=\"container\">\n\t\t\t\t<div class=\"elementor-element elementor-element-8ad3e67 elementor-widget elementor-widget-heading\" data-id=\"8ad3e67\" data-element_type=\"widget\" data-e-type=\"widget\" data-widget_type=\"heading.default\">\n\t\t\t\t<div class=\"elementor-widget-container\">\n\t\t\t\t\t<h2 class=\"elementor-heading-title elementor-size-default\">Pocz\u0105tek dnia: aktywacja i wsp\u00f3\u0142praca<\/h2>\t\t\t\t<\/div>\n\t\t\t\t<\/div>\n\t\t\t\t<div class=\"elementor-element elementor-element-6b1b769 elementor-widget elementor-widget-text-editor\" data-id=\"6b1b769\" data-element_type=\"widget\" data-e-type=\"widget\" data-widget_type=\"text-editor.default\">\n\t\t\t\t<div class=\"elementor-widget-container\">\n\t\t\t\t\t\t\t\t\t<p>Dzie\u0144 cz\u0119sto zaczyna si\u0119 od zastrzyku energii &#8211; kawy i przyjaznego spotkania, aby stawi\u0107 czo\u0142a nadchodz\u0105cym wyzwaniom. Nast\u0119pnie zanurzamy si\u0119 w naszych obszarach odpowiedzialno\u015bci, niezale\u017cnie od tego, czy chodzi o rozw\u00f3j innowacyjnych produkt\u00f3w, zarz\u0105dzanie projektami czy wsparcie klienta.<\/p>\n\t\t\t\t\t\t\t\t<\/div>\n\t\t\t\t<\/div>\n\t\t\t\t<\/div>\n\t\t<div class=\"elementor-element elementor-element-226c9af e-con-full e-flex e-con e-child\" data-id=\"226c9af\" data-element_type=\"container\" data-e-type=\"container\">\n\t\t\t\t<div class=\"elementor-element elementor-element-25f41c9 elementor-widget elementor-widget-image\" data-id=\"25f41c9\" data-element_type=\"widget\" data-e-type=\"widget\" data-widget_type=\"image.default\">\n\t\t\t\t<div class=\"elementor-widget-container\">\n\t\t\t\t\t\t\t\t\t\t\t\t\t\t\t<img data-recalc-dims=\"1\" decoding=\"async\" src=\"https:\/\/i0.wp.com\/sun-garden.eu\/wp-content\/plugins\/elementor\/assets\/images\/placeholder.png?w=800&#038;ssl=1\" title=\"\" alt=\"\" loading=\"lazy\" \/>\t\t\t\t\t\t\t\t\t\t\t\t\t\t\t<\/div>\n\t\t\t\t<\/div>\n\t\t\t\t<\/div>\n\t\t\t\t\t<\/div>\n\t\t\t\t<\/div>\n\t\t<div class=\"elementor-element elementor-element-3b604f8 e-flex e-con-boxed e-con e-parent\" data-id=\"3b604f8\" data-element_type=\"container\" data-e-type=\"container\">\n\t\t\t\t\t<div class=\"e-con-inner\">\n\t\t<div class=\"elementor-element elementor-element-6e28814 e-con-full e-flex e-con e-child\" data-id=\"6e28814\" data-element_type=\"container\" data-e-type=\"container\">\n\t\t\t\t<div class=\"elementor-element elementor-element-ff58201 elementor-widget elementor-widget-image\" data-id=\"ff58201\" data-element_type=\"widget\" data-e-type=\"widget\" data-widget_type=\"image.default\">\n\t\t\t\t<div class=\"elementor-widget-container\">\n\t\t\t\t\t\t\t\t\t\t\t\t\t\t\t<img data-recalc-dims=\"1\" decoding=\"async\" src=\"https:\/\/i0.wp.com\/sun-garden.eu\/wp-content\/plugins\/elementor\/assets\/images\/placeholder.png?w=800&#038;ssl=1\" title=\"\" alt=\"\" loading=\"lazy\" \/>\t\t\t\t\t\t\t\t\t\t\t\t\t\t\t<\/div>\n\t\t\t\t<\/div>\n\t\t\t\t<\/div>\n\t\t<div class=\"elementor-element elementor-element-2e696af e-con-full e-flex e-con e-child\" data-id=\"2e696af\" data-element_type=\"container\" data-e-type=\"container\">\n\t\t\t\t<div class=\"elementor-element elementor-element-bca5c45 elementor-widget elementor-widget-heading\" data-id=\"bca5c45\" data-element_type=\"widget\" data-e-type=\"widget\" data-widget_type=\"heading.default\">\n\t\t\t\t<div class=\"elementor-widget-container\">\n\t\t\t\t\t<h2 class=\"elementor-heading-title elementor-size-default\">Koncentracja na kreatywnych pomys\u0142ach i pracy zespo\u0142owej<\/h2>\t\t\t\t<\/div>\n\t\t\t\t<\/div>\n\t\t\t\t<div class=\"elementor-element elementor-element-673e53a elementor-widget elementor-widget-text-editor\" data-id=\"673e53a\" data-element_type=\"widget\" data-e-type=\"widget\" data-widget_type=\"text-editor.default\">\n\t\t\t\t<div class=\"elementor-widget-container\">\n\t\t\t\t\t\t\t\t\t<p>Pomys\u0142y pojawiaj\u0105 si\u0119 w naszej kreatywnej przestrzeni, gdy zespo\u0142y spotykaj\u0105 si\u0119, aby znale\u017a\u0107 rozwi\u0105zania i zaprojektowa\u0107 nowe koncepcje. Ka\u017cdy dzie\u0144 to podr\u00f3\u017c pe\u0142na mo\u017cliwo\u015bci i niespodzianek, a my uwielbiamy wsp\u00f3lnie stawia\u0107 czo\u0142a wyzwaniom i razem si\u0119 rozwija\u0107.<\/p>\n\t\t\t\t\t\t\t\t<\/div>\n\t\t\t\t<\/div>\n\t\t\t\t<\/div>\n\t\t\t\t\t<\/div>\n\t\t\t\t<\/div>\n\t\t<div class=\"elementor-element elementor-element-e6e24ac e-flex e-con-boxed e-con e-parent\" data-id=\"e6e24ac\" data-element_type=\"container\" data-e-type=\"container\">\n\t\t\t\t\t<div class=\"e-con-inner\">\n\t\t<div class=\"elementor-element elementor-element-da1d5bb e-con-full e-flex e-con e-child\" data-id=\"da1d5bb\" data-element_type=\"container\" data-e-type=\"container\">\n\t\t\t\t<div class=\"elementor-element elementor-element-0f60a06 elementor-widget elementor-widget-heading\" data-id=\"0f60a06\" data-element_type=\"widget\" data-e-type=\"widget\" data-widget_type=\"heading.default\">\n\t\t\t\t<div class=\"elementor-widget-container\">\n\t\t\t\t\t<h2 class=\"elementor-heading-title elementor-size-default\">Wspieraj\u0105ce \u015brodowisko pracy i praktykowane warto\u015bci<\/h2>\t\t\t\t<\/div>\n\t\t\t\t<\/div>\n\t\t\t\t<div class=\"elementor-element elementor-element-fe8ec85 elementor-widget elementor-widget-text-editor\" data-id=\"fe8ec85\" data-element_type=\"widget\" data-e-type=\"widget\" data-widget_type=\"text-editor.default\">\n\t\t\t\t<div class=\"elementor-widget-container\">\n\t\t\t\t\t\t\t\t\t<p>Ale za kulisami nie chodzi tylko o sam\u0105 prac\u0119. Przywi\u0105zujemy du\u017c\u0105 wag\u0119 do wspieraj\u0105cego \u015brodowiska pracy, w kt\u00f3rym ka\u017cdy pracownik mo\u017ce zabra\u0107 g\u0142os i poczu\u0107 si\u0119 doceniony. Praca zespo\u0142owa i sp\u00f3jno\u015b\u0107 nie s\u0105 dla nas pustymi s\u0142owami, ale warto\u015bciami, kt\u00f3rymi si\u0119 kierujemy i kt\u00f3re charakteryzuj\u0105 nasz\u0105 codzienn\u0105 prac\u0119.<\/p>\n\t\t\t\t\t\t\t\t<\/div>\n\t\t\t\t<\/div>\n\t\t\t\t<\/div>\n\t\t<div class=\"elementor-element elementor-element-33ae018 e-con-full e-flex e-con e-child\" data-id=\"33ae018\" data-element_type=\"container\" data-e-type=\"container\">\n\t\t\t\t<div class=\"elementor-element elementor-element-a8d5b4c elementor-widget elementor-widget-image\" data-id=\"a8d5b4c\" data-element_type=\"widget\" data-e-type=\"widget\" data-widget_type=\"image.default\">\n\t\t\t\t<div class=\"elementor-widget-container\">\n\t\t\t\t\t\t\t\t\t\t\t\t\t\t\t<img data-recalc-dims=\"1\" decoding=\"async\" src=\"https:\/\/i0.wp.com\/sun-garden.eu\/wp-content\/plugins\/elementor\/assets\/images\/placeholder.png?w=800&#038;ssl=1\" title=\"\" alt=\"\" loading=\"lazy\" \/>\t\t\t\t\t\t\t\t\t\t\t\t\t\t\t<\/div>\n\t\t\t\t<\/div>\n\t\t\t\t<\/div>\n\t\t\t\t\t<\/div>\n\t\t\t\t<\/div>\n\t\t<div class=\"elementor-element elementor-element-274449d e-flex e-con-boxed e-con e-parent\" data-id=\"274449d\" data-element_type=\"container\" data-e-type=\"container\">\n\t\t\t\t\t<div class=\"e-con-inner\">\n\t\t<div class=\"elementor-element elementor-element-2858e2b e-con-full e-flex e-con e-child\" data-id=\"2858e2b\" data-element_type=\"container\" data-e-type=\"container\">\n\t\t\t\t<div class=\"elementor-element elementor-element-4e62a48 elementor-widget elementor-widget-image\" data-id=\"4e62a48\" data-element_type=\"widget\" data-e-type=\"widget\" data-widget_type=\"image.default\">\n\t\t\t\t<div class=\"elementor-widget-container\">\n\t\t\t\t\t\t\t\t\t\t\t\t\t\t\t<img data-recalc-dims=\"1\" decoding=\"async\" src=\"https:\/\/i0.wp.com\/sun-garden.eu\/wp-content\/plugins\/elementor\/assets\/images\/placeholder.png?w=800&#038;ssl=1\" title=\"\" alt=\"\" loading=\"lazy\" \/>\t\t\t\t\t\t\t\t\t\t\t\t\t\t\t<\/div>\n\t\t\t\t<\/div>\n\t\t\t\t<\/div>\n\t\t<div class=\"elementor-element elementor-element-cf9e795 e-con-full e-flex e-con e-child\" data-id=\"cf9e795\" data-element_type=\"container\" data-e-type=\"container\">\n\t\t\t\t<div class=\"elementor-element elementor-element-1b4c513 elementor-widget elementor-widget-heading\" data-id=\"1b4c513\" data-element_type=\"widget\" data-e-type=\"widget\" data-widget_type=\"heading.default\">\n\t\t\t\t<div class=\"elementor-widget-container\">\n\t\t\t\t\t<h2 class=\"elementor-heading-title elementor-size-default\">Chwile relaksu i dzielenia si\u0119<\/h2>\t\t\t\t<\/div>\n\t\t\t\t<\/div>\n\t\t\t\t<div class=\"elementor-element elementor-element-dfdbca1 elementor-widget elementor-widget-text-editor\" data-id=\"dfdbca1\" data-element_type=\"widget\" data-e-type=\"widget\" data-widget_type=\"text-editor.default\">\n\t\t\t\t<div class=\"elementor-widget-container\">\n\t\t\t\t\t\t\t\t\t<p>Oczywi\u015bcie s\u0105 te\u017c chwile relaksu i bycia razem. Czy to podczas lunchu, nieformalnego spotkania czy spontanicznej burzy m\u00f3zg\u00f3w &#8211; wymiana pomys\u0142\u00f3w i piel\u0119gnowanie relacji s\u0105 dla nas wa\u017cne.<\/p>\n\t\t\t\t\t\t\t\t<\/div>\n\t\t\t\t<\/div>\n\t\t\t\t<\/div>\n\t\t\t\t\t<\/div>\n\t\t\t\t<\/div>\n\t\t<div class=\"elementor-element elementor-element-96529dc e-flex e-con-boxed e-con e-parent\" data-id=\"96529dc\" data-element_type=\"container\" data-e-type=\"container\">\n\t\t\t\t\t<div class=\"e-con-inner\">\n\t\t<div class=\"elementor-element elementor-element-3df2121 e-con-full e-flex e-con e-child\" data-id=\"3df2121\" data-element_type=\"container\" data-e-type=\"container\">\n\t\t\t\t<div class=\"elementor-element elementor-element-c6e29ad elementor-widget elementor-widget-heading\" data-id=\"c6e29ad\" data-element_type=\"widget\" data-e-type=\"widget\" data-widget_type=\"heading.default\">\n\t\t\t\t<div class=\"elementor-widget-container\">\n\t\t\t\t\t<h2 class=\"elementor-heading-title elementor-size-default\">Duma z osi\u0105gni\u0119\u0107 i d\u0105\u017cenie do poprawy<\/h2>\t\t\t\t<\/div>\n\t\t\t\t<\/div>\n\t\t\t\t<div class=\"elementor-element elementor-element-b3ae509 elementor-widget elementor-widget-text-editor\" data-id=\"b3ae509\" data-element_type=\"widget\" data-e-type=\"widget\" data-widget_type=\"text-editor.default\">\n\t\t\t\t<div class=\"elementor-widget-container\">\n\t\t\t\t\t\t\t\t\t<p>Pod koniec ka\u017cdego dnia pracy mo\u017cemy by\u0107 dumni z tego, co osi\u0105gn\u0119li\u015bmy &#8211; niezale\u017cnie od tego, czy jest to pomy\u015blnie zako\u0144czony projekt, innowacyjne rozwi\u0105zanie, czy po prostu duch pracy zespo\u0142owej. Nie spoczywamy jednak na laurach; zastanawiamy si\u0119, wyci\u0105gamy wnioski z naszych do\u015bwiadcze\u0144 i zawsze d\u0105\u017cymy do poprawy.<\/p>\n\t\t\t\t\t\t\t\t<\/div>\n\t\t\t\t<\/div>\n\t\t\t\t<\/div>\n\t\t<div class=\"elementor-element elementor-element-adf5efb e-con-full e-flex e-con e-child\" data-id=\"adf5efb\" data-element_type=\"container\" data-e-type=\"container\">\n\t\t\t\t<div class=\"elementor-element elementor-element-6ba5bee elementor-widget elementor-widget-image\" data-id=\"6ba5bee\" data-element_type=\"widget\" data-e-type=\"widget\" data-widget_type=\"image.default\">\n\t\t\t\t<div class=\"elementor-widget-container\">\n\t\t\t\t\t\t\t\t\t\t\t\t\t\t\t<img data-recalc-dims=\"1\" decoding=\"async\" src=\"https:\/\/i0.wp.com\/sun-garden.eu\/wp-content\/plugins\/elementor\/assets\/images\/placeholder.png?w=800&#038;ssl=1\" title=\"\" alt=\"\" loading=\"lazy\" \/>\t\t\t\t\t\t\t\t\t\t\t\t\t\t\t<\/div>\n\t\t\t\t<\/div>\n\t\t\t\t<\/div>\n\t\t\t\t\t<\/div>\n\t\t\t\t<\/div>\n\t\t<div class=\"elementor-element elementor-element-c4b338c e-flex e-con-boxed e-con e-parent\" data-id=\"c4b338c\" data-element_type=\"container\" data-e-type=\"container\">\n\t\t\t\t\t<div class=\"e-con-inner\">\n\t\t<div class=\"elementor-element elementor-element-c0e4ab9 e-con-full e-flex e-con e-child\" data-id=\"c0e4ab9\" data-element_type=\"container\" data-e-type=\"container\">\n\t\t\t\t<div class=\"elementor-element elementor-element-cd36959 elementor-widget elementor-widget-image\" data-id=\"cd36959\" data-element_type=\"widget\" data-e-type=\"widget\" data-widget_type=\"image.default\">\n\t\t\t\t<div class=\"elementor-widget-container\">\n\t\t\t\t\t\t\t\t\t\t\t\t\t\t\t<img data-recalc-dims=\"1\" decoding=\"async\" src=\"https:\/\/i0.wp.com\/sun-garden.eu\/wp-content\/plugins\/elementor\/assets\/images\/placeholder.png?w=800&#038;ssl=1\" title=\"\" alt=\"\" loading=\"lazy\" \/>\t\t\t\t\t\t\t\t\t\t\t\t\t\t\t<\/div>\n\t\t\t\t<\/div>\n\t\t\t\t<\/div>\n\t\t<div class=\"elementor-element elementor-element-c5ed019 e-con-full e-flex e-con e-child\" data-id=\"c5ed019\" data-element_type=\"container\" data-e-type=\"container\">\n\t\t\t\t<div class=\"elementor-element elementor-element-35785a7 elementor-widget elementor-widget-heading\" data-id=\"35785a7\" data-element_type=\"widget\" data-e-type=\"widget\" data-widget_type=\"heading.default\">\n\t\t\t\t<div class=\"elementor-widget-container\">\n\t\t\t\t\t<h2 class=\"elementor-heading-title elementor-size-default\">Zaproszenie do udzia\u0142u w wycieczce Sun Garden<\/h2>\t\t\t\t<\/div>\n\t\t\t\t<\/div>\n\t\t\t\t<div class=\"elementor-element elementor-element-a8a370b elementor-widget elementor-widget-text-editor\" data-id=\"a8a370b\" data-element_type=\"widget\" data-e-type=\"widget\" data-widget_type=\"text-editor.default\">\n\t\t\t\t<div class=\"elementor-widget-container\">\n\t\t\t\t\t\t\t\t\t<p>Zapraszamy do wzi\u0119cia udzia\u0142u w naszej podr\u00f3\u017cy i zajrzenia za kulisy. Odkryj, co nas nap\u0119dza i co wyr\u00f3\u017cnia nas jako zesp\u00f3\u0142. Witamy w Sun Garden, gdzie ka\u017cdy dzie\u0144 to nowa okazja do tworzenia wspania\u0142ych rzeczy.<\/p>\n\t\t\t\t\t\t\t\t<\/div>\n\t\t\t\t<\/div>\n\t\t\t\t<\/div>\n\t\t\t\t\t<\/div>\n\t\t\t\t<\/div>\n\t\t\t\t<\/div>\n\t\t","protected":false},"excerpt":{"rendered":"<p>Zaproszenie do zajrzenia za kulisy W Sun Garden zapraszamy do zajrzenia za kulisy typowego dnia pracy. G\u0142\u0119boko wierzymy, \u017ce przejrzysto\u015b\u0107 i otwarto\u015b\u0107 stanowi\u0105 podstaw\u0119 silnej wi\u0119zi z naszymi klientami i partnerami. Dlatego chcemy pokaza\u0107, co to znaczy by\u0107 cz\u0119\u015bci\u0105 naszego zespo\u0142u i jak pracujemy ka\u017cdego dnia, aby osi\u0105gn\u0105\u0107 nasze cele. &lt;h2&gt;Pocz\u0105tek dnia: aktywacja i wsp\u00f3\u0142praca&lt;\/h2&gt; [&hellip;]<\/p>\n","protected":false},"author":245903551,"featured_media":0,"parent":0,"menu_order":0,"comment_status":"closed","ping_status":"closed","template":"","meta":{"_acf_changed":false,"advanced_seo_description":"","jetpack_seo_html_title":"","jetpack_seo_noindex":false,"footnotes":""},"class_list":["post-5830","page","type-page","status-publish","hentry"],"acf":[],"jetpack_shortlink":"https:\/\/wp.me\/PftNud-1w2","jetpack_sharing_enabled":true,"_links":{"self":[{"href":"https:\/\/sun-garden.eu\/pl\/wp-json\/wp\/v2\/pages\/5830","targetHints":{"allow":["GET"]}}],"collection":[{"href":"https:\/\/sun-garden.eu\/pl\/wp-json\/wp\/v2\/pages"}],"about":[{"href":"https:\/\/sun-garden.eu\/pl\/wp-json\/wp\/v2\/types\/page"}],"author":[{"embeddable":true,"href":"https:\/\/sun-garden.eu\/pl\/wp-json\/wp\/v2\/users\/245903551"}],"replies":[{"embeddable":true,"href":"https:\/\/sun-garden.eu\/pl\/wp-json\/wp\/v2\/comments?post=5830"}],"version-history":[{"count":6,"href":"https:\/\/sun-garden.eu\/pl\/wp-json\/wp\/v2\/pages\/5830\/revisions"}],"predecessor-version":[{"id":7275,"href":"https:\/\/sun-garden.eu\/pl\/wp-json\/wp\/v2\/pages\/5830\/revisions\/7275"}],"wp:attachment":[{"href":"https:\/\/sun-garden.eu\/pl\/wp-json\/wp\/v2\/media?parent=5830"}],"curies":[{"name":"wp","href":"https:\/\/api.w.org\/{rel}","templated":true}]}}