{"id":6179,"date":"2024-03-07T13:42:28","date_gmt":"2024-03-07T12:42:28","guid":{"rendered":"https:\/\/sun-garden.eu\/nadruk\/"},"modified":"2025-12-19T13:55:06","modified_gmt":"2025-12-19T12:55:06","slug":"nadruk","status":"publish","type":"page","link":"https:\/\/sun-garden.eu\/pl\/nadruk\/","title":{"rendered":"Nadruk"},"content":{"rendered":"\t\t<div data-elementor-type=\"wp-page\" data-elementor-id=\"6179\" class=\"elementor elementor-6179 elementor-2612\" data-elementor-post-type=\"page\">\n\t\t\t\t<div class=\"elementor-element elementor-element-0f7630d e-flex e-con-boxed e-con e-parent\" data-id=\"0f7630d\" data-element_type=\"container\" data-e-type=\"container\">\n\t\t\t\t\t<div class=\"e-con-inner\">\n\t\t\t\t<div class=\"elementor-element elementor-element-f358bc1 elementor-widget elementor-widget-text-editor\" data-id=\"f358bc1\" data-element_type=\"widget\" data-e-type=\"widget\" data-widget_type=\"text-editor.default\">\n\t\t\t\t<div class=\"elementor-widget-container\">\n\t\t\t\t\t\t\t\t\t<div class=\"headlines\"><h1>Nadruk<\/h1><\/div><div class=\"fixfloat\"> <\/div><div><div class=\"module module-content\"><div id=\"module_content-689\" class=\"module module-content module-content-689\"><div><div class=\"paragraph \"><div class=\"text\"><p>Wydawca: <br>SUN GARDEN GmbH<br>Emsdettener Stra\u00dfe 233<br>D-48485 Neuenkirchen<br>Infolinia serwisowa: 05973 \/ 934 958 -6<br>Telefon: 0 59 73 \/ 6 09 &#8211; 0 <br>Faks: 0 59 73 \/ 6 09 &#8211; 109<br>Pytania i sugestie prosimy kierowa\u0107 na adres: info@sun-garden.de<br>Informacja prawna: Amtsgericht Steinfurt HRB 3800<br>W\u0142a\u015bciwy organ nadzorczy: Urz\u0105d ds. Licencji Handlowych Miasta Rheine  <\/p><p>Numer identyfikacji podatkowej sprzeda\u017cy: DE 811211220<\/p><p>Kierownictwo: Ewald K\u00f6sters, Marianne K\u00f6sters, Sebastian K\u00f6sters, Frank Lindner, Eva Beckmann<\/p><p>Odpowiedzialni za tre\u015b\u0107 zgodnie z \u00a7 6 MDStV:<br>Marianne K\u00f6sters, Ewald K\u00f6sters<\/p><\/div><\/div><div class=\"fixfloat\"> <\/div><\/div><div><div class=\"paragraph \"><div class=\"text\">Wszelkie prawa zastrze\u017cone. Informacje s\u0105 w\u0142asno\u015bci\u0105 SUN GARDEN. Reprezentuj\u0105 one najnowsze informacje w momencie publikacji. Jakakolwiek odpowiedzialno\u015b\u0107 lub gwarancja za aktualno\u015b\u0107, poprawno\u015b\u0107 i kompletno\u015b\u0107 dostarczonych informacji i danych jest wykluczona. Dotyczy to r\u00f3wnie\u017c wszystkich innych stron internetowych, do kt\u00f3rych odsy\u0142a si\u0119 za pomoc\u0105 hiper\u0142\u0105cza. SUN GARDEN nie ponosi r\u00f3wnie\u017c odpowiedzialno\u015bci za zawarto\u015b\u0107 takich stron.  <br>Informacje zawarte na stronach internetowych w \u017caden spos\u00f3b nie stanowi\u0105 zapewnienia prawnego. SUN GARDEN zastrzega sobie prawo do wprowadzania zmian lub uzupe\u0142nie\u0144 w dostarczonych informacjach lub danych, je\u015bli zajdzie taka potrzeba. Z opisanych tutaj temat\u00f3w nie mo\u017cna wywodzi\u0107 \u017cadnych roszcze\u0144 prawnych. Oferty s\u0105 niewi\u0105\u017c\u0105ce we wszystkich cz\u0119\u015bciach. SUN GARDEN nie ponosi odpowiedzialno\u015bci za jakiekolwiek bezpo\u015brednie lub po\u015brednie szkody wynikaj\u0105ce z wykorzystania informacji lub danych znalezionych na tej stronie. Pomi\u0119dzy SUN GARDEN a u\u017cytkownikiem strony internetowej lub osobami trzecimi nie istniej\u0105 \u017cadne prawa ani zobowi\u0105zania.  <br>Zawarto\u015b\u0107 strony internetowej jest chroniona prawem autorskim. Zabrania si\u0119 ich powielania i\/lub publikowania w ca\u0142o\u015bci lub w cz\u0119\u015bci lub przechowywania w systemie informatycznym bez uprzedniej pisemnej zgody w\u0142a\u015bciciela praw autorskich.<br>Wszystkie informacje lub dane, ich wykorzystanie oraz wszelkie dzia\u0142ania, tolerancje lub zaniechania w zwi\u0105zku ze stron\u0105 internetow\u0105 SUN GARDEN podlegaj\u0105 wy\u0142\u0105cznie prawu niemieckiemu, z wy\u0142\u0105czeniem prawa mi\u0119dzynarodowego. Miejscem wykonania i wy\u0142\u0105cznym miejscem jurysdykcji jest Steinfurt.<\/div><\/div><div class=\"fixfloat\"> <\/div><\/div><div><div class=\"paragraph \"><div class=\"text\">\u00a9 Wszelkie prawa zastrze\u017cone, <br>SUN GARDEN GmbH 2014<\/div><\/div><\/div><\/div><\/div><\/div>\t\t\t\t\t\t\t\t<\/div>\n\t\t\t\t<\/div>\n\t\t\t\t\t<\/div>\n\t\t\t\t<\/div>\n\t\t\t\t<\/div>\n\t\t","protected":false},"excerpt":{"rendered":"<p>Nadruk Wydawca: SUN GARDEN GmbHEmsdettener Stra\u00dfe 233D-48485 NeuenkirchenInfolinia serwisowa: 05973 \/ 934 958 -6Telefon: 0 59 73 \/ 6 09 &#8211; 0 Faks: 0 59 73 \/ 6 09 &#8211; 109Pytania i sugestie prosimy kierowa\u0107 na adres: info@sun-garden.deInformacja prawna: Amtsgericht Steinfurt HRB 3800W\u0142a\u015bciwy organ nadzorczy: Urz\u0105d ds. Licencji Handlowych Miasta Rheine Numer identyfikacji podatkowej sprzeda\u017cy: [&hellip;]<\/p>\n","protected":false},"author":245903545,"featured_media":0,"parent":0,"menu_order":0,"comment_status":"closed","ping_status":"closed","template":"","meta":{"_acf_changed":false,"advanced_seo_description":"","jetpack_seo_html_title":"","jetpack_seo_noindex":false,"footnotes":""},"class_list":["post-6179","page","type-page","status-publish","hentry"],"acf":[],"jetpack_shortlink":"https:\/\/wp.me\/PftNud-1BF","jetpack_sharing_enabled":true,"_links":{"self":[{"href":"https:\/\/sun-garden.eu\/pl\/wp-json\/wp\/v2\/pages\/6179","targetHints":{"allow":["GET"]}}],"collection":[{"href":"https:\/\/sun-garden.eu\/pl\/wp-json\/wp\/v2\/pages"}],"about":[{"href":"https:\/\/sun-garden.eu\/pl\/wp-json\/wp\/v2\/types\/page"}],"author":[{"embeddable":true,"href":"https:\/\/sun-garden.eu\/pl\/wp-json\/wp\/v2\/users\/245903545"}],"replies":[{"embeddable":true,"href":"https:\/\/sun-garden.eu\/pl\/wp-json\/wp\/v2\/comments?post=6179"}],"version-history":[{"count":9,"href":"https:\/\/sun-garden.eu\/pl\/wp-json\/wp\/v2\/pages\/6179\/revisions"}],"predecessor-version":[{"id":14446,"href":"https:\/\/sun-garden.eu\/pl\/wp-json\/wp\/v2\/pages\/6179\/revisions\/14446"}],"wp:attachment":[{"href":"https:\/\/sun-garden.eu\/pl\/wp-json\/wp\/v2\/media?parent=6179"}],"curies":[{"name":"wp","href":"https:\/\/api.w.org\/{rel}","templated":true}]}}