{"id":7290,"date":"2024-04-11T14:28:08","date_gmt":"2024-04-11T12:28:08","guid":{"rendered":"https:\/\/sun-garden.eu\/zaklad-zwiekszonego-ryzyka\/"},"modified":"2024-07-03T15:54:32","modified_gmt":"2024-07-03T13:54:32","slug":"zaklad-zwiekszonego-ryzyka","status":"publish","type":"page","link":"https:\/\/sun-garden.eu\/pl\/zaklad-zwiekszonego-ryzyka\/","title":{"rendered":"Zak\u0142ad zwi\u0119kszonego ryzyka"},"content":{"rendered":"\t\t<div data-elementor-type=\"wp-page\" data-elementor-id=\"7290\" class=\"elementor elementor-7290 elementor-5038\" data-elementor-post-type=\"page\">\n\t\t\t\t<div class=\"elementor-element elementor-element-8d29744 e-flex e-con-boxed e-con e-parent\" data-id=\"8d29744\" data-element_type=\"container\" data-e-type=\"container\">\n\t\t\t\t\t<div class=\"e-con-inner\">\n\t\t\t\t<div class=\"elementor-element elementor-element-7816095 elementor-widget elementor-widget-heading\" data-id=\"7816095\" data-element_type=\"widget\" data-e-type=\"widget\" data-widget_type=\"heading.default\">\n\t\t\t\t<div class=\"elementor-widget-container\">\n\t\t\t\t\t<h2 class=\"elementor-heading-title elementor-size-default\">Zak\u0142ad zwi\u0119kszonego ryzyka<\/h2>\t\t\t\t<\/div>\n\t\t\t\t<\/div>\n\t\t\t\t<div class=\"elementor-element elementor-element-de3dd4d elementor-widget elementor-widget-text-editor\" data-id=\"de3dd4d\" data-element_type=\"widget\" data-e-type=\"widget\" data-widget_type=\"text-editor.default\">\n\t\t\t\t<div class=\"elementor-widget-container\">\n\t\t\t\t\t\t\t\t\t<ol>\n \t<li><strong> Oznaczenie prowadz\u0105cego zak\u0142ad oraz adres zak\u0142adu. <\/strong><\/li>\n<\/ol>\nNazwa zak\u0142adu: SUN GARDEN POLSKA. Sp\u00f3\u0142ka z o.o. Sp\u00f3\u0142ka komandytowa\n\nAdres: ul. Turecka 36, 62-709 Malan\u00f3w\n\nZarz\u0105d: Ewald Kosters, Marianne Kosters, Sebastian Kosters.\n\nKontakt: tel. 63 289 89 00 , Fax 63 289 89 03, e-mail: info@sun-garden.pl\n<ol start=\"2\">\n \t<li><strong> O\u015bwiadczenie, \u017ce zak\u0142ad podlega przepisom dotycz\u0105cym zak\u0142ad\u00f3w zwi\u0119kszonego ryzyka wyst\u0105pienia powa\u017cnej awarii przemys\u0142owej. <\/strong><\/li>\n<\/ol>\nZgodnie z Ustaw\u0105 Prawo Ochrony \u015arodowiska z dnia 27 kwietnia 2001 roku (tj. Dz. U. 2016r poz.602) i Rozporz\u0105dzeniem Ministra Gospodarki: z dnia 29 stycznia 2016 roku w sprawie rodzaj\u00f3w i ilo\u015bci substancji niebezpiecznych, kt\u00f3rych znajdowanie si\u0119 w zak\u0142adzie decyduje o zaliczeniu go do zak\u0142adu o zwi\u0119kszonym albo o du\u017cym ryzyku wyst\u0105pienia powa\u017cnej awarii przemys\u0142owej (Dz.U. 2016r poz.138), zak\u0142ad Sun Garden Polska Sp. z o.o. Sp. k. zosta\u0142 zaliczony do zak\u0142ad\u00f3w zwi\u0119kszonego ryzyka wyst\u0105pienia powa\u017cnej awarii przemys\u0142owej.\n\nW zwi\u0105zku z powy\u017cszym zosta\u0142y opracowane dokumenty i wykonane procedury wynikaj\u0105ce z przepis\u00f3w ustawy Prawo Ochrony \u015arodowiska i akt\u00f3w wykonawczych do tej ustawy:\n\n-stycze\u0144 2012 r., ostatnia aktualizacja &#8211; sierpie\u0144 2021r.\n\n&#8211; stycze\u0144 2012 r., ostatnia aktualizacja &#8211; sierpie\u0144 2021r.\n<ol start=\"3\">\n \t<li><strong> Opis dzia\u0142alno\u015bci zak\u0142adu<\/strong>.<\/li>\n<\/ol>\nZak\u0142ad zajmuje si\u0119 produkcj\u0105 galanterii ogrodowej, metalowych mebli ogrodowych. Produkowane s\u0105 r\u00f3wnie\u017c meble tapicerowane. Na terenie firmy s\u0105 wytwarzane p\u00f3\u0142produkty w postaci pianki poliuretanowej i poliestrowej.\n<ol start=\"4\">\n \t<li><strong> Charakterystyka sk\u0142adowanych substancji niebezpiecznych decyduj\u0105cych o zaliczeniu zak\u0142adu do zak\u0142adu o zwi\u0119kszonym ryzyku lub zak\u0142adu o du\u017cym ryzyku, z uwzgl\u0119dnieniem ich nazw lub kategorii oraz zagro\u017ce\u0144, jakie powoduj\u0105; <\/strong><\/li>\n<\/ol>\n<strong>TDI &#8211; dwuizocyjanian toluenu &#8211; <\/strong>sklasyfikowany jako niebezpieczny, dzia\u0142aj\u0105cy toksycznie na drogi oddechowe, dra\u017cni\u0105co na sk\u00f3r\u0119. Dzia\u0142a szkodliwie na organizmy wodne.\n\n<strong>Katalizatory aminowe i cynowe &#8211; Kosmos 54<\/strong>&#8211; Dzia\u0142a bardzo toksycznie na organizmy wodne.\n\n<strong>Barwnik czarny \u2013 <\/strong>\u015brodek barwi\u0105cy, dzia\u0142a toksycznie na organizmy wodne, powoduj\u0105c d\u0142ugotrwa\u0142e skutki.\n\n<strong>Barwnik niebieski<\/strong>&#8211; Dzia\u0142a toksycznie na organizmy wodne, powoduj\u0105c d\u0142ugotrwa\u0142e skutki.\n\n<strong>Silicon NIAX SILICONE L-594 \u2013 stabilizator piany<\/strong>&#8211; \u0142atwo palna ciecz i pary\n\n<strong>Denaturat<\/strong>&#8211; Wysoce \u0142atwopalna ciecz i pary\n<ol start=\"5\">\n \t<li><strong> Informacje dotycz\u0105ce sposob\u00f3w ostrzegania i post\u0119powania spo\u0142ecze\u0144stwa w przypadku wyst\u0105pienia awarii przemys\u0142owej, uzgodnionych z w\u0142a\u015bciwymi organami Pa\u0144stwowej Stra\u017cy Po\u017carnej. <\/strong><\/li>\n<\/ol>\n<strong><em>5a. \u015arodki zapobiegawcze i dzia\u0142ania, kt\u00f3re b\u0119d\u0105 podj\u0119te w przypadku wyst\u0105pienia awarii. <\/em><\/strong>\n\nPolityka bezpiecze\u0144stwa ma zastosowanie w codziennej dzia\u0142alno\u015bci firmy, w ka\u017cdym z obszar\u00f3w (nadz\u00f3r, rozw\u00f3j, magazynowanie, produkcja, wydanie towaru), kt\u00f3ra obowi\u0105zuje r\u00f3wnie\u017c pracownik\u00f3w zak\u0142adu. Zarz\u0105dzanie bezpiecze\u0144stwem jest jednym z kluczowych element\u00f3w zarz\u0105dzania zak\u0142adem. Kierownictwo firmy, zdaj\u0105c sobie spraw\u0119 z ryzyka wyst\u0105pienia powa\u017cnej awarii przemys\u0142owej, dostrzega potrzeb\u0119 zarz\u0105dzania bezpiecze\u0144stwem procesowym w celu ograniczenia prawdopodobie\u0144stwa powstania powa\u017cnej awarii do akceptowalnego minimum, a w przypadku wyst\u0105pienia awarii zminimalizowa\u0107 jej skutki tak dalece, jak to tylko mo\u017cliwe.\n\nW zak\u0142adzie przywi\u0105zuje si\u0119 du\u017c\u0105 wag\u0119 do dzia\u0142a\u0144 po\u015bwi\u0119conych osi\u0105gni\u0119ciu wysokich standard\u00f3w bezpiecze\u0144stwa \u017cycia i zdrowia ludzi, realizowanych proces\u00f3w przemys\u0142owych, a tak\u017ce ochrony \u015brodowiska naturalnego.\n\nCelem nadrz\u0119dnym w dzia\u0142alno\u015bci zak\u0142adu jest zapobieganie powstawaniu zdarze\u0144, kt\u00f3re mog\u0105 prowadzi\u0107 do wyst\u0105pienia niebezpiecznych sytuacji w trakcie pracy instalacji, a w konsekwencji do powstania powa\u017cnej awarii przemys\u0142owej, takiej jak po\u017car czy wybuch.\n\nW zwi\u0105zku z powy\u017cszym, wyst\u0105pienie powa\u017cnej awarii potencjalnie istnieje, jednak jest ono\n\nzminimalizowane poprzez dzia\u0142ania organizacyjno \u2013 techniczne. Technologie produkcji s\u0105 dobrze znane od wielu lat, za\u0142oga legitymuje si\u0119 du\u017cym do\u015bwiadczeniem zawodowym. Produkcja na bie\u017c\u0105co jest monitorowana, zaburzenia proces\u00f3w technologicznych s\u0105 zawsze dok\u0142adnie analizowane. Ponadto produkcja na zak\u0142adzie oraz poprawno\u015b\u0107 wywi\u0105zywania si\u0119 z obowi\u0105zk\u00f3w prowadz\u0105cego Zak\u0142ad Zwi\u0119kszonego Ryzyka podlega sta\u0142emu nadzorowi, prowadzonym przez s\u0142u\u017cby zewn\u0119trzne tj. Pa\u0144stwow\u0105 Stra\u017c Po\u017carn\u0105 oraz Inspekcj\u0119 Ochrony \u015arodowiska.\n\n5b.Procedury powiadamiania ludno\u015bci i w\u0142a\u015bciwych organ\u00f3w administracji o zagro\u017ceniu awari\u0105 lub jej wyst\u0105pieniu.\n\nW razie wyst\u0105pienia awarii lub zaistnienia realnej mo\u017cliwo\u015bci jej wyst\u0105pienia:\n\n1) ka\u017cdy, kto zauwa\u017cy wyst\u0105pienie awarii, jest obowi\u0105zany niezw\u0142ocznie zawiadomi\u0107 o tym osoby znajduj\u0105ce si\u0119 w strefie zagro\u017cenia oraz jednostk\u0119 Pa\u0144stwowej Stra\u017cy Po\u017carnej.\n\n&#8211; informacje o zdarzeniach ca\u0142odobowo przyjmuje Powiatowe Stanowisko Kierowania Pa\u0144stwowej Stra\u017cy Po\u017carnej w Turku pod numerem 998 lub 112\n\n2) podmiot, kt\u00f3ry otrzyma\u0142 informacj\u0119 o awarii przemys\u0142owej niezw\u0142ocznie przekazuje j\u0105 do\n\npozosta\u0142ych podmiot\u00f3w (w\u0142a\u015bciwych organ\u00f3w administracji),\n\n3) po otrzymaniu zg\u0142oszenia dy\u017curny operacyjny stanowiska kierowania PSP wszelkimi\n\ndost\u0119pnymi \u015brodkami potwierdza rodzaj i skal\u0119 zdarzenia,\n\n4) w przypadku realnej mo\u017cliwo\u015bci rozprzestrzenienia zagro\u017cenia poza granice zak\u0142adu na obszary, w kt\u00f3rych mog\u0105 przebywa\u0107 ludzie, kieruj\u0105cy dzia\u0142aniem ratowniczym podejmuje decyzj\u0119 w sprawie ewakuacji ludno\u015bci i przekazuje dy\u017curnemu operacyjnemu polecenie uruchomienia procedur alarmowania,\n\n5) dy\u017curny operacyjny PSP przekazuje polecenie uruchomienia dla danego obszaru syren alarmowych,\n\n6) w przypadku konieczno\u015bci u\u017cycia wi\u0119kszej ilo\u015bci pojazd\u00f3w, dy\u017curny operacyjny PSP dysponuje odpowiednie si\u0142y i \u015brodki z innych powiat\u00f3w.\t\t\t\t\t\t\t\t<\/div>\n\t\t\t\t<\/div>\n\t\t\t\t\t<\/div>\n\t\t\t\t<\/div>\n\t\t\t\t<\/div>\n\t\t","protected":false},"excerpt":{"rendered":"<p>Zak\u0142ad zwi\u0119kszonego ryzyka &lt;ol&gt; &lt;li&gt;&lt;strong&gt; Oznaczenie prowadz\u0105cego zak\u0142ad oraz adres zak\u0142adu. &lt;\/strong&gt;&lt;\/li&gt; Nazwa zak\u0142adu: SUN GARDEN POLSKA. Sp\u00f3\u0142ka z o.o. Sp\u00f3\u0142ka komandytowa Adres: ul. Turecka 36, 62-709 Malan\u00f3w Zarz\u0105d: Ewald Kosters, Marianne Kosters, Sebastian Kosters. Kontakt: tel. 63 289 89 00 , Fax 63 289 89 03, e-mail: info@sun-garden.pl O\u015bwiadczenie, \u017ce zak\u0142ad podlega przepisom dotycz\u0105cym [&hellip;]<\/p>\n","protected":false},"author":245903545,"featured_media":0,"parent":0,"menu_order":0,"comment_status":"closed","ping_status":"closed","template":"","meta":{"_acf_changed":false,"advanced_seo_description":"","jetpack_seo_html_title":"","jetpack_seo_noindex":false,"footnotes":""},"class_list":["post-7290","page","type-page","status-publish","hentry"],"acf":[],"jetpack_shortlink":"https:\/\/wp.me\/PftNud-1TA","jetpack_sharing_enabled":true,"_links":{"self":[{"href":"https:\/\/sun-garden.eu\/pl\/wp-json\/wp\/v2\/pages\/7290","targetHints":{"allow":["GET"]}}],"collection":[{"href":"https:\/\/sun-garden.eu\/pl\/wp-json\/wp\/v2\/pages"}],"about":[{"href":"https:\/\/sun-garden.eu\/pl\/wp-json\/wp\/v2\/types\/page"}],"author":[{"embeddable":true,"href":"https:\/\/sun-garden.eu\/pl\/wp-json\/wp\/v2\/users\/245903545"}],"replies":[{"embeddable":true,"href":"https:\/\/sun-garden.eu\/pl\/wp-json\/wp\/v2\/comments?post=7290"}],"version-history":[{"count":7,"href":"https:\/\/sun-garden.eu\/pl\/wp-json\/wp\/v2\/pages\/7290\/revisions"}],"predecessor-version":[{"id":8070,"href":"https:\/\/sun-garden.eu\/pl\/wp-json\/wp\/v2\/pages\/7290\/revisions\/8070"}],"wp:attachment":[{"href":"https:\/\/sun-garden.eu\/pl\/wp-json\/wp\/v2\/media?parent=7290"}],"curies":[{"name":"wp","href":"https:\/\/api.w.org\/{rel}","templated":true}]}}