{"id":7315,"date":"2024-05-06T08:47:14","date_gmt":"2024-05-06T06:47:14","guid":{"rendered":"https:\/\/sun-garden.eu\/protectia-datelor\/"},"modified":"2024-05-21T13:32:45","modified_gmt":"2024-05-21T11:32:45","slug":"protectia-datelor","status":"publish","type":"page","link":"https:\/\/sun-garden.eu\/pl\/protectia-datelor\/","title":{"rendered":"Protec\u021bia Datelor"},"content":{"rendered":"\t\t<div data-elementor-type=\"wp-page\" data-elementor-id=\"7315\" class=\"elementor elementor-7315 elementor-6161\" data-elementor-post-type=\"page\">\n\t\t\t\t<div class=\"elementor-element elementor-element-08fa541 e-flex e-con-boxed e-con e-parent\" data-id=\"08fa541\" data-element_type=\"container\" data-e-type=\"container\">\n\t\t\t\t\t<div class=\"e-con-inner\">\n\t\t\t\t<div class=\"elementor-element elementor-element-33b9171 elementor-widget elementor-widget-text-editor\" data-id=\"33b9171\" data-element_type=\"widget\" data-e-type=\"widget\" data-widget_type=\"text-editor.default\">\n\t\t\t\t<div class=\"elementor-widget-container\">\n\t\t\t\t\t\t\t\t\t<p>Protec\u021bia Datelor<\/p>\n<p>OCHRONA OS\u00d3B PRZED DOST\u0118PEM DO DANYCH O CHARAKTERZE OSOBISTYM I SWOBODNY PRZEP\u0141YW DANYCH NA POZIOMIE FIRMY SUN GARDEN MANAGEMENT S.C.S.<br \/>SCOPUL<\/p>\n<p>Celem tych procedur jest zagwarantowanie i ochrona prywatno\u015bci i wolno\u015bci os\u00f3b, w szczeg\u00f3lno\u015bci na drodze intymnej, rodzinnej i prywatnej, z zachowaniem poufno\u015bci danych o charakterze osobistym.<\/p>\n<p>I. REGULI GENERALE<br \/>Art. 1. Prezenta procedur\u0103 stabile\u0219te m\u0103suri tehnice \u015fi organizatorice pentru \u00eendeplinirea obliga\u021biilor referitoare la securitatea \u015fi controlul sistemelor informatice, w ramach bie\u017c\u0105cych dzia\u0142a\u0144 wykonywanych przez firm\u0119 SUN GARDEN MANAGEMENT S.C.S.. Prin cerin\u021be minime de securitate este avut \u00een vedere un complex de m\u0103suri tehnice, informatice, organizatorice, logistice, proceduri \u015fi politici de securitate prin care s\u0103 se asigure nivelul minim de securitate prev\u0103zut \u00een art. 20 din Legea nr 677\/2001. 20 din Legea nr. 677\/2001, \u00een conformitate cu cerin\u021bele minime de securitate a prelucr\u0103rilor de date cu caracter personal, aprobate prin Ordinul 52 din 18 april 2002 ale Avocatului Poporului.<\/p>\n<p>Art. 2 SUN GARDEN MANAGEMENT S.C.S. stosuje odpowiednie \u015brodki techniczne i organizacyjne w celu ochrony danych osobowych przed przypadkowym lub nielegalnym zniszczeniem, uszkodzeniem, modyfikacj\u0105, utrat\u0105 lub nieuprawnionym dost\u0119pem. W tym sensie SUN GARDEN MANAGEMENT jest osob\u0105 odpowiedzialn\u0105 za przestrzeganie przepis\u00f3w prawa nr 677\/2001.<\/p>\n<p>Art. 3 SUN GARDEN MANAGEMENT S.C.S a luat m\u0103suri de stocare \u00een siguran\u021b\u0103 a informa\u021biilor, astfel \u00eenc\u00e2t s\u0103 fie asigurat un nivel adecvat de protec\u021bie \u015fi securitate, \u00een sensul Legii 677\/2001.<\/p>\n<p>Art. 4. W celu zapewnienia zgodno\u015bci z przepisami prawa w zakresie ochrony danych osobowych, instytucje opracowa\u0142y i wdro\u017cy\u0142y metody organizacji i zarz\u0105dzania ukierunkowane na osi\u0105gni\u0119cie cel\u00f3w: &#8211; Identyfikacja i uwierzytelnianie u\u017cytkownik\u00f3w &#8211; Wskaz\u00f3wki dotycz\u0105ce dost\u0119pu &#8211; Gromadzenie danych &#8211; Wykonywanie kopii bezpiecze\u0144stwa &#8211; Obliczanie i ko\u0144czenie dost\u0119pu &#8211; \u0141\u0105cza dost\u0119pu i instrukcje osobiste.<\/p>\n<p>II. PROCEDURI SPECIFICE<br \/>Artyku\u0142 5 IDENTIFICAREA \u015eI AUTENTIFICAREA UTILIZATORULUI<br \/>U\u017cytkownik powinien mie\u0107 dost\u0119p do bazy danych o charakterze osobistym lub do osoby, kt\u00f3ra si\u0119 na to zgadza, pod nadzorem operatora, osoby obs\u0142uguj\u0105cej lub przedstawiciela.<br \/>U\u017cytkownicy, aby uzyska\u0107 dost\u0119p do bazy danych o charakterze osobistym, musz\u0105 si\u0119 zidentyfikowa\u0107. Identyfikacja w kadrze SUN GARDEN MANAGEMENT S.C.S odbywa si\u0119 poprzez wprowadzenie kodu identyfikacji smaku (znaku towarowego).<br \/>U\u017cytkownik musi posiada\u0107 kod identyfikacyjny. Nic nie stoi na przeszkodzie, by to zrobi\u0107.<br \/>kod do identyfikacji wielu u\u017cytkownik\u00f3w. Kod identyfikacyjny (lub kod u\u017cytkownika)<br \/>nefolosite o perioad\u0103 mai \u00eendelungat\u0103 sunt dezactivate \u015fi dististruse dup\u0103 un control prealabil<br \/>intern al operatorului. Okres, w kt\u00f3rym kody s\u0105 nieaktywne i przestaj\u0105 by\u0107 stabilne.<br \/>procedury wewn\u0119trzne operatora.<br \/>Nale\u017cy pami\u0119ta\u0107, aby korzysta\u0107 z tego trybu uwierzytelniania. Autentificarea se<br \/>face prin introducerea unei parole. Parolele to elementy o r\u00f3\u017cnych charakterystykach, dostosowane do punkt\u00f3w<br \/>Zapewni\u0107 bezpiecze\u0144stwo i bezpiecze\u0144stwo pracy. Wprowadzi\u0107 parolelor acestea nu sunt<br \/>w klarowno\u015bci monitora. Parole s\u0105 okresowo powo\u0142ywane do pe\u0142nienia funkcji politycznych.<br \/>bezpiecze\u0144stwo ale operatorului. Okresowa kontrola nad u\u017cytkownikiem w obliczu wielu u\u017cytkownik\u00f3w<br \/>upowa\u017cnienie operatora. Operatorzy wdra\u017caj\u0105 system informatyczny, kt\u00f3ry ma by\u0107 odnowiony.<br \/>automatyczny dost\u0119p do jednego u\u017cytkownika po 3 wprowadzonych ustawieniach.<br \/>Narz\u0119dzie zapewniaj\u0105ce kod identyfikacyjny i identyfikator u\u017cytkownika.<br \/>zobowi\u0105zani s\u0105 do zachowania poufno\u015bci i w zwi\u0105zku z tym do zachowania tajemnicy zawodowej.<br \/>fa\u0163a operatorului. Stabilno\u015b\u0107 lub procedury w\u0142a\u015bciwe dla administrowania i zarz\u0105dzania przedsi\u0119biorstwem<br \/>de utilizator. Dost\u0119p do bazy danych z charakterem osobistym mo\u017cna uzyska\u0107 r\u0119cznie.<br \/>face number pe baza unei liste aprobate de conducerea institu\u021biei.<\/p>\n<p>Art. 6 TIPUL DE ACCES<br \/>U\u017cytkownicy mog\u0105 uzyska\u0107 dost\u0119p do wielu dat o charakterze osobistym, niezb\u0119dnych do wdro\u017cenia<br \/>pracownicy serwisu. Za ka\u017cdym razem nale\u017cy zapewni\u0107 stabilny dost\u0119p do dw\u00f3ch funkcji<br \/>(administrowanie, wprowadzanie, prelucrare, salvare itp.) s\u0105 podw\u00f3jnie stosowane w odniesieniu do datelor cu<br \/>charakter osobisty (pisanie, cytowanie, intergere), a tak\u017ce procedury prywatne w odniesieniu do r\u00f3\u017cnych rodzaj\u00f3w dzia\u0142alno\u015bci.<br \/>Akces.<br \/>Programista systemu przetwarzania danych o charakterze osobistym nie ma dost\u0119pu do la<br \/>datele cu caracter personal.<br \/>Operator umo\u017cliwia dost\u0119p do programatora daty ze znakiem osobistym o podw\u00f3jnym numerze<br \/>ce acestea au fost transformate \u00een date anonime.<br \/>Firma zapewniaj\u0105ca wsparcie techniczne mo\u017ce mie\u0107 dost\u0119p do daty o charakterze<br \/>osobiste w celu rozwi\u0105zania wyj\u0105tkowych sytuacji.<br \/>Wszystkie specyficzne sposoby kontroli s\u0105 nast\u0119puj\u0105ce: &#8211; w miejscach przeznaczenia<br \/>w obiektach, w kt\u00f3rych prowadzone s\u0105 dzia\u0142ania, zainstalowane s\u0105 systemy alarmowe i antykradzie\u017cowe; &#8211; w spa<br \/>w instytucjach zainstalowane s\u0105 systemy superwizji wideo; oraz<br \/>Monitorowanie i interwencja w przypadku alarmu s\u0105 gwarantowane przez firm\u0119 zajmuj\u0105c\u0105 si\u0119 ochron\u0105 i bezpiecze\u0144stwem.<\/p>\n<p>Artyku\u0142 7 DANE KOLEKCJONERA<br \/>Operator potrzebuje upowa\u017cnienia do korzystania z us\u0142ug w celu zbierania danych i<br \/>wprowadzenie danych osobowych do systemu informacyjnego.<br \/>Modyfikacja danych o charakterze osobistym mo\u017ce by\u0107 wykonywana przez u\u017cytkownik\u00f3w<br \/>upowa\u017cnienie operatora.<br \/>Operatorzy powinni zadba\u0107 o to, aby system informacji o kinie by\u0142 w pe\u0142ni funkcjonalny.<br \/>modyfikacji, danych i innych modyfikacji. Dla pocz\u0105tkuj\u0105cych operator\u00f3w administracyjnych s\u0105 to<br \/>Wdro\u017cenie systemu informacyjnego wymaga jego aktualizacji i modyfikacji.<\/p>\n<p>Artyku\u0142 8 EXECU\u0162IA COPIILOR DE SIGURAN\u0162\u0102<br \/>Operator ustabilizuje przedzia\u0142 czasowy, w kt\u00f3rym b\u0119d\u0105 wykonywane kopie podpis\u00f3w.<br \/>baz\u0119 danych z charakterem osobistym, precum i programami do preludium<br \/>zautomatyzowa\u0107. U\u017cytkownicy, kt\u00f3rzy wykonuj\u0105 te kopie znak\u00f3w, s\u0105 licznymi operatorami, w tym<br \/>liczba ogranicze\u0144. Kopie s\u0105 przechowywane w wysokich pomieszczeniach, w metalowych obudowach.<br \/>Operator powinien upewni\u0107 si\u0119, \u017ce dost\u0119p do kopii sygna\u0142u jest monitorowany. Morze<br \/>generowanie kopii zapasowej systemu skomputeryzowanego w trybie automatycznym na wypadek sytuacji awaryjnej<br \/>odzyskiwanie danych w przypadku zak\u0142\u00f3ce\u0144 lub awarii system\u00f3w informatycznych.<\/p>\n<p>Artyku\u0142 9 TERMINOWE DOST\u0118PY DO KOMPUTERA<br \/>Komputery i inne terminale dost\u0119pu s\u0105 instalowane w miejscach o ograniczonym dost\u0119pie.<br \/>W zale\u017cno\u015bci od warunk\u00f3w, komputery powinny by\u0107 instalowane w miejscach, w kt\u00f3rych jest to mo\u017cliwe.<br \/>\u00eencuia. Nale\u017cy pami\u0119ta\u0107 o osobistych cechach, a nie tylko o okresie, w kt\u00f3rym si\u0119 znajduj\u0105.<br \/>dane, stabilno\u015b\u0107 operatora, sesje \u015bwietlne uruchamiane automatycznie.<br \/>Czas ten jest okre\u015blany w zale\u017cno\u015bci od wykonywanych operacji.<br \/>Terminy dost\u0119pu okre\u015blone w odniesieniu do publikacji, w kt\u00f3rych uwzgl\u0119dniono charakter osobisty, s\u0105 nast\u0119puj\u0105ce<br \/>Nie nale\u017cy jednak zapomina\u0107 o publicznych i d\u0142ugoterminowych gwarancjach stabilno\u015bci i bezpiecze\u0144stwa.<br \/>Operator, w kt\u00f3rym nie ma miejsca na \u017cadne dzia\u0142ania, jest bardzo ostro\u017cny.<br \/>Serwery zapewniaj\u0105ce dost\u0119p do bazy danych mog\u0105 by\u0107 dost\u0119pne w trybie kontroli, na bazie<br \/>Nie ma mo\u017cliwo\u015bci uzyskania dost\u0119pu do strony ANPC. Umo\u017cliwiaj\u0105 one wykonywanie nast\u0119puj\u0105cych czynno\u015bci<br \/>instytucja mobilnych no\u015bnik\u00f3w danych (CD\/DVD, pami\u0119\u0107 USB, przeno\u015bny dysk twardy), dec\u00e2t cu<br \/>zapewnienie stabilno\u015bci po stronie instytucji zarz\u0105dzaj\u0105cych.<\/p>\n<p>Art. 10 FI\u015eIERELE DE ACCES<br \/>Operator jest zobowi\u0105zany do zapewnienia dost\u0119pu do baz danych o charakterze osobistym.<br \/>Zarejestrowa\u0107 si\u0119 w systemie dost\u0119pu (z automatycznym logowaniem) lub w rejestrze.<br \/>w celu przygotowania instrukcji obs\u0142ugi o charakterze osobistym, stabilno\u015bci operatora.<br \/>Informacje zarejestrowane w systemie dost\u0119pu lub w rejestrze nie s\u0105 dost\u0119pne:<br \/>&#8211; kod identyfikacyjny (numer u\u017cytkownika dla bazy danych z dat\u0105 i znakiem<br \/>personal manuale);<br \/>&#8211; numer dost\u0119pu do sieci (fi\u015fei);<br \/>&#8211; num\u0103rul \u00eenregistr\u0103rilor efectuate;<br \/>&#8211; tipul de acces;<br \/>&#8211; kod operacyjny i program wykonawczy;<br \/>&#8211; data accesului (an, lun\u0103, zi);<br \/>&#8211; timpul (ora, minutul, secunda).<br \/>W celu zautomatyzowania dost\u0119pu do tych informacji, nale\u017cy je przechowywa\u0107 w jednym \u017ar\u00f3dle.<br \/>og\u00f3lnie lub oddzielnie dla u\u017cytkownik\u00f3w us\u0142ug. Orice \u00eencercare de acces neautorizat va<br \/>fi, de asemenea, \u00eenregistrat\u0103.<br \/>Operator jest zobowi\u0105zany do zapewnienia dost\u0119pu w ci\u0105gu 2 dni, w celu z\u0142o\u017cenia wniosku.<br \/>w celu przeprowadzenia bada\u0144. Po przeprowadzeniu bada\u0144, nale\u017cy rozpocz\u0105\u0107 wszelkie badania.<br \/>nie ma czasu, aby uzna\u0107 to za konieczne.<br \/>Dost\u0119p do nich umo\u017cliwia identyfikacj\u0119 operatora lub u\u017cytkownika.<br \/>osoby, kt\u00f3re maj\u0105 dost\u0119p do danych osobowych ze wzgl\u0119du na swoj\u0105 motywacj\u0119<br \/>w ramach aplikacji lub sesji w\u0142a\u015bciwego organu.<\/p>\n<p>Art. 11 INSTRUIREA PERSONALULUI<br \/>Operator informacji osobistych z zastrze\u017ceniem przepis\u00f3w ustawy nr 677\/2001<br \/>w celu ochrony os\u00f3b przed utrat\u0105 danych o charakterze osobistym i wolno\u015bciowym<br \/>w celu zapewnienia bezpiecze\u0144stwa i ochrony przed zagro\u017ceniami zwi\u0105zanymi z dat\u0105 i charakterem.<br \/>osobistych, z zastrze\u017ceniem, \u017ce ryzyko, kt\u00f3re mo\u017ce wyst\u0105pi\u0107 w przypadku zachowania danych osobowych o charakterze<br \/>osobiste, w ramach konkretnej dzia\u0142alno\u015bci.<br \/>U\u017cytkownicy, kt\u00f3rzy maj\u0105 dost\u0119p do daty o charakterze osobistym, powinni zosta\u0107 poinstruowani przez operatora.<br \/>W zwi\u0105zku z tym, \u017ce poufno\u015b\u0107 danych osobowych i ich dost\u0119pno\u015b\u0107 s\u0105 zapewnione, w przypadku, gdy jest to konieczne, nale\u017cy je monitorowa\u0107.<br \/>Aktywno\u015b\u0107 czasowa.<\/p>\n<p>Artyku\u0142 12 FOLOSIREA COMPUTERELOR<br \/>W celu zapewnienia bezpiecze\u0144stwa danych osobowych (w szczeg\u00f3lno\u015bci<br \/>W przypadku wirus\u00f3w informatycznych operator mo\u017ce mie\u0107 do czynienia z r\u00f3\u017cnymi rodzajami dzia\u0142alno\u015bci:<br \/>&#8211; interzicerea folosirii de c\u0103tre utilizatori a software care din surse<br \/>zewn\u0119trzna sia\u0107 w\u0105tpliwo\u015bci;<br \/>&#8211; informacje wykorzystywane przez u\u017cytkownik\u00f3w w celach prywatnych i przez wirusy informatyczne;<br \/>&#8211; wdra\u017canie zautomatyzowanego systemu usuwania wirus\u00f3w i zabezpieczania systemu<br \/>informacje;<br \/>&#8211; aktywowa\u0107, je\u015bli to mo\u017cliwe, klawisz &#8222;Print screen&#8221;, w przypadku gdy monitor jest w\u0142\u0105czony<br \/>data cu caracter personal, interzic\u00e2ndu-se astfel scoaterea la imprimant\u0103 a acestora.<\/p>\n<p>Artyku\u0142 13 IMPRIMAREA DATELOR<br \/>Odciskanie danych o charakterze osobistym mo\u017ce by\u0107 realizowane w kilku etapach.<br \/>U\u017cytkownikom upowa\u017cnionym do korzystania z urz\u0105dzenia.<br \/>III. REGULACJE SZCZEG\u00d3LNE DOTYCZ\u0104CE PRELUCRAREA DATELOR CU CARACTER<br \/>PERSONEL<\/p>\n<p>Art. 14. W zakresie ochrony danych o charakterze osobowym, nale\u017cy stosowa\u0107 odpowiednie \u015brodki:<br \/>Minimalny poziom bezpiecze\u0144stwa pozwala na ustalenie kategorii pracownik\u00f3w na dzie\u0144 dzisiejszy.<br \/>charakter osobisty:<br \/>1. zautomatyzowana data i charakter osobisty<br \/>Dost\u0119p do bazy danych u\u017cytkownika, w kt\u00f3rej znajduje si\u0119 data i znak osobisty.<br \/>kod dost\u0119pu (numer logowania, numer u\u017cytkownika).<br \/>Kody dost\u0119pu s\u0105 chronione metodami uwierzytelniania (parole, certyfikat).<br \/>Kody dost\u0119pu (konta u\u017cytkownika) s\u0105 przydzielane indywidualnie w celu obs\u0142ugi u\u017cytkownika.<br \/>Niebezpiecze\u0144stwo u\u017cycia przez okres 30 dni mo\u017ce zosta\u0107 zatrzymane lub zdezaktywowane.<br \/>na sta\u0142e.<br \/>Kod dost\u0119pu jest aktywny automatycznie po zalogowaniu si\u0119 przez 3 osoby.<br \/>nereu\u015fite.<br \/>Kod dost\u0119pu umo\u017cliwia ustawienie minimalnego poziomu dost\u0119pu do daty z charakterystyk\u0105<br \/>Personel niezb\u0119dny do wdro\u017cenia us\u0142ug.<br \/>Komputery i terminale dost\u0119pu s\u0105 instalowane w miejscach o ograniczonym dost\u0119pie.<br \/>Dokumenty zawieraj\u0105ce informacje o charakterze osobistym s\u0105 sporz\u0105dzane na pi\u015bmie lub w formie papierowej.<br \/>w celu zapewnienia bezpiecze\u0144stwa lub innego mechanizmu zabezpieczaj\u0105cego.<br \/>Dokumenty zawieraj\u0105ce dane osobowe, sporz\u0105dzone w celu przeprowadzenia analizy<br \/>operacje, kt\u00f3re maj\u0105 na celu podniesienie umiej\u0119tno\u015bci pracownik\u00f3w lub ich natychmiastowe zako\u0144czenie<br \/>acestora.<br \/>W przypadku naruszenia danych o charakterze osobistym mo\u017ce to mie\u0107 wp\u0142yw na liczb\u0119 u\u017cytkownik\u00f3w.<br \/>rozw\u00f3j instytucjonalny w ramach procedur wewn\u0119trznych.<br \/>IV. KATEGORIE OS\u00d3B I ZAKRES OCHRONY DANYCH OSOBOWYCH CU<br \/>PERSONEL POSTACI<\/p>\n<p>Art. 15. SUN GARDEN MANAGEMENT S.C.S., firma zajmuj\u0105ca si\u0119 doradztwem w sprawach osobistych<br \/>angaja\u021bilor societ\u0103\u021bii, \u00een scopul \u00eentocmirii situa\u021biilor lunare care au strict\u0103 leg\u0103tura cu<br \/>wynagrodze\u0144 i wszystkich tych, kt\u00f3rzy odchodz\u0105 z pracy, \u015bci\u015ble przestrzegaj\u0105c przepis\u00f3w prawa, w<br \/>vederea \u00eendeplinirii obliga\u021biilor fa\u021b\u0103 de autorit\u0103\u021bile statului, \u0219i \u00een interesul salaria\u021bilor.<\/p>\n<p>Art.16. UTILIZATORII AU URM\u0102TOARELE OBLIGA\u021aII SPECIFICE:<br \/>a) nie stosuje si\u0119 i stosuje si\u0119 uprzednio obowi\u0105zuj\u0105cy akt normatywny z dnia poprzedzaj\u0105cego dzie\u0144 z\u0142o\u017cenia wniosku o wydanie danych<br \/>charakter osobisty i prezentowane procedury;<br \/>b) informacje o osobach, w odniesieniu do kt\u00f3rych zbierane s\u0105 dane osobowe, s\u0105 zbierane bezpo\u015brednio<br \/>w warunkach prawnych, w szczeg\u00f3lno\u015bci: to\u017csamo\u015b\u0107 operatora, zakres, w jakim mo\u017ce on dzia\u0142a\u0107<br \/>przed podaniem danych, miejsc docelowych lub kategorii miejsc docelowych dla danych,<br \/>zobowi\u0105zanie do dostarczenia danych osobowych i ich uzupe\u0142nienia do miejsca pracy<br \/>dyspozycyjno\u015b\u0107, prawo pierwsze\u0144stwa, w szczeg\u00f3lno\u015bci prawo dost\u0119pu, interwencja<br \/>w zale\u017cno\u015bci od daty i okoliczno\u015bci, w kt\u00f3rych mo\u017cna skorzysta\u0107 z tych praw;<br \/>c) nale\u017cy poda\u0107 liczb\u0119 dat o charakterze osobistym, kt\u00f3re s\u0105 niezb\u0119dne do przyznania certyfikatu<br \/>us\u0142ugi i wsparcie dla operator\u00f3w w celu realizacji ich dzia\u0142alno\u015bci<br \/>specifice ale acestuia;<br \/>d) zachowania poufno\u015bci danych osobowych podanych przez u\u017cytkownika, jego danych kontaktowych oraz warunk\u00f3w\/kodu<br \/>dost\u0119p do systemu informatycznego \/ bazy danych, dzi\u0119ki kt\u00f3rej mo\u017cna zarz\u0105dza\u0107 datami o okre\u015blonym charakterze<br \/>osobiste;<br \/>e) przestrzega zasad bezpiecze\u0144stwa, w szczeg\u00f3lno\u015bci zasad stabilizacji operatora;<br \/>f) informowanie o wynikach bada\u0144 przeprowadzonych przez instytucje zajmuj\u0105ce si\u0119 ochron\u0105 przyrody i prowadzeniem takich bada\u0144<br \/>ujawnienie braku charakterystyki osobistej lub sytuacji, w kt\u00f3rej si\u0119 znajduje.<br \/>dost\u0119p\/prelucrate date cu caracter personal prin \u00eenc\u0103lcarea normelor legale, despre care<br \/>a luat la cuno\u015ftin\u0163\u0103.<\/p>\n<p>Art. 17. Op\u0142aty pobierane s\u0105 od os\u00f3b, kt\u00f3rych data urodzenia nie jest znana.<br \/>prelukrowa\u0107<br \/>(1) Persoana vizat\u0103 are dreptul de a se opune \u00een orice moment, din motive \u00eentemeiate<br \/>i prawnie uzasadnione w konkretnej sytuacji, w kt\u00f3rej si\u0119 znajduj\u0105, w celu ich osi\u0105gni\u0119cia<br \/>przepis\u00f3w, z wyj\u0105tkiem przypadk\u00f3w, w kt\u00f3rych istnieje naruszenie prawa. W razie potrzeby<br \/>nie ma mo\u017cliwo\u015bci, aby uzasadni\u0107 swoj\u0105 decyzj\u0119.<br \/>(2) \u00cen vederea exercit\u0103rii drepturilor prev\u0103zute la alin. (1) persoana vizat\u0103 va \u00eenainta<br \/>societ\u0103\u021bii o cerere \u00eentocmit\u0103 \u00een form\u0103 scris\u0103, \u00eenregistrat\u0103 la Registratur\u0103 \u015fi semnat\u0103. \u00cen cerere,<br \/>Wnioskodawca mo\u017ce udost\u0119pni\u0107 swoje informacje i przekaza\u0107 je na podany adres,<br \/>mo\u017cliwo\u015b\u0107 korzystania z poczty elektronicznej lub drukowania us\u0142ug korespondencyjnych, kt\u00f3re s\u0105 w stanie to zapewni\u0107<br \/>predarea i se va face numai personal.<br \/>(3) Towarzystwo jest zobowi\u0105zane do zapewnienia spo\u0142eczno\u015bci os\u00f3b obj\u0119tych ubezpieczeniem w nast\u0119puj\u0105cych terminach<br \/>alin. (1) W zwi\u0105zku z tym, \u017ce jest to przypadek, liczba tera\u017aniejszo\u015bci powinna zosta\u0107 zmniejszona o kilka dni.<br \/>cecha osobista odnosz\u0105ca si\u0119 do osoby z chorob\u0105, w okresie 15 dni od daty pierwotnej choroby serca<br \/>V. KOMUNIKACJA DANYCH O CHARAKTERZE OSOBISTYM<br \/>Art. 18. Daty o charakterze osobistym mog\u0105 by\u0107 przekazywane do dzia\u0142\u00f3w spo\u0142ecznych, z wyprzedzeniem<br \/>W odniesieniu do wszystkich instytucji lub organizacji publicznych lub podmiot\u00f3w publicznych lub prywatnych, w kt\u00f3rych<br \/>r\u00f3\u017cne sytuacje:<br \/>a) osoby, kt\u00f3re wyra\u017caj\u0105 zgod\u0119 na wyra\u017cenie i nie wyra\u017caj\u0105 zgody na<br \/>prelucrarea\/comunicarea datelor sale;<br \/>b) zgoda os\u00f3b zatrudnionych w ramach uprzednio ustanowionego prawa.<\/p>\n\t\t\t\t\t\t\t\t<\/div>\n\t\t\t\t<\/div>\n\t\t\t\t\t<\/div>\n\t\t\t\t<\/div>\n\t\t\t\t<\/div>\n\t\t","protected":false},"excerpt":{"rendered":"<p>Protec\u021bia Datelor OCHRONA OS\u00d3B PRZED DOST\u0118PEM DO DANYCH O CHARAKTERZE OSOBISTYM I SWOBODNY PRZEP\u0141YW DANYCH NA POZIOMIE FIRMY SUN GARDEN MANAGEMENT S.C.S.SCOPUL Celem tych procedur jest zagwarantowanie i ochrona prywatno\u015bci i wolno\u015bci os\u00f3b, w szczeg\u00f3lno\u015bci na drodze intymnej, rodzinnej i prywatnej, z zachowaniem poufno\u015bci danych o charakterze osobistym. I. REGULI GENERALEArt. 1. Prezenta procedur\u0103 stabile\u0219te [&hellip;]<\/p>\n","protected":false},"author":245903545,"featured_media":0,"parent":0,"menu_order":0,"comment_status":"closed","ping_status":"closed","template":"","meta":{"_acf_changed":false,"advanced_seo_description":"","jetpack_seo_html_title":"","jetpack_seo_noindex":false,"footnotes":""},"class_list":["post-7315","page","type-page","status-publish","hentry"],"acf":[],"jetpack_shortlink":"https:\/\/wp.me\/PftNud-1TZ","jetpack_sharing_enabled":true,"_links":{"self":[{"href":"https:\/\/sun-garden.eu\/pl\/wp-json\/wp\/v2\/pages\/7315","targetHints":{"allow":["GET"]}}],"collection":[{"href":"https:\/\/sun-garden.eu\/pl\/wp-json\/wp\/v2\/pages"}],"about":[{"href":"https:\/\/sun-garden.eu\/pl\/wp-json\/wp\/v2\/types\/page"}],"author":[{"embeddable":true,"href":"https:\/\/sun-garden.eu\/pl\/wp-json\/wp\/v2\/users\/245903545"}],"replies":[{"embeddable":true,"href":"https:\/\/sun-garden.eu\/pl\/wp-json\/wp\/v2\/comments?post=7315"}],"version-history":[{"count":1,"href":"https:\/\/sun-garden.eu\/pl\/wp-json\/wp\/v2\/pages\/7315\/revisions"}],"predecessor-version":[{"id":7317,"href":"https:\/\/sun-garden.eu\/pl\/wp-json\/wp\/v2\/pages\/7315\/revisions\/7317"}],"wp:attachment":[{"href":"https:\/\/sun-garden.eu\/pl\/wp-json\/wp\/v2\/media?parent=7315"}],"curies":[{"name":"wp","href":"https:\/\/api.w.org\/{rel}","templated":true}]}}