{"id":8612,"date":"2024-07-05T08:32:21","date_gmt":"2024-07-05T06:32:21","guid":{"rendered":"https:\/\/sun-garden.eu\/wysylka-i-warunki-platnosci\/"},"modified":"2024-07-05T08:55:51","modified_gmt":"2024-07-05T06:55:51","slug":"wysylka-i-warunki-platnosci","status":"publish","type":"page","link":"https:\/\/sun-garden.eu\/pl\/wysylka-i-warunki-platnosci\/","title":{"rendered":"Wysy\u0142ka i warunki p\u0142atno\u015bci"},"content":{"rendered":"\t\t<div data-elementor-type=\"wp-page\" data-elementor-id=\"8612\" class=\"elementor elementor-8612 elementor-8599\" data-elementor-post-type=\"page\">\n\t\t\t\t<div class=\"elementor-element elementor-element-d8c7a30 e-flex e-con-boxed e-con e-parent\" data-id=\"d8c7a30\" data-element_type=\"container\" data-e-type=\"container\" data-settings=\"{&quot;background_background&quot;:&quot;classic&quot;}\">\n\t\t\t\t\t<div class=\"e-con-inner\">\n\t\t\t\t<div class=\"elementor-element elementor-element-28a585b elementor-widget elementor-widget-heading\" data-id=\"28a585b\" data-element_type=\"widget\" data-e-type=\"widget\" data-widget_type=\"heading.default\">\n\t\t\t\t<div class=\"elementor-widget-container\">\n\t\t\t\t\t<h2 class=\"elementor-heading-title elementor-size-default\">Wysy\u0142ka i warunki p\u0142atno\u015bci<\/h2>\t\t\t\t<\/div>\n\t\t\t\t<\/div>\n\t\t\t\t<div class=\"elementor-element elementor-element-4bd9ff8 elementor-widget elementor-widget-text-editor\" data-id=\"4bd9ff8\" data-element_type=\"widget\" data-e-type=\"widget\" data-widget_type=\"text-editor.default\">\n\t\t\t\t<div class=\"elementor-widget-container\">\n\t\t\t\t\t\t\t\t\t<p style=\"font-weight: 400;\">Pragniemy zaznaczy\u0107, \u017ce fakturowanie i dostawa s\u0105 realizowane przez SUN GARDEN Polska, a zatem do naszych artyku\u0142\u00f3w ma zastosowanie polska stawka podatku w wysoko\u015bci 23%.<\/p>\n<p style=\"font-weight: 400;\"><b><strong>Warunki p\u0142atno\u015bci:<\/strong><\/b><\/p>\n<p style=\"font-weight: 400;\">U\u017cytkownik otrzyma faktur\u0119 oddzieln\u0105 przesy\u0142k\u0105 pocztow\u0105 po dostarczeniu towar\u00f3w.<br \/>Fakturowanie jest zgodne z norm\u0105 europejsk\u0105.<\/p>\n<p style=\"font-weight: 400;\"><b><br \/>\n  <strong>Bank<\/strong><br \/>\n<\/b>HSBC<\/p>\n<p style=\"font-weight: 400;\"><b><br \/>\n  <strong>SWIFT\/BIC<\/strong><br \/>\n<\/b>TUBDDEDD<\/p>\n<p style=\"font-weight: 400;\"><b><br \/>\n  <strong>IBAN<\/strong><br \/>\n<\/b>DE 23 3003 0880 1948 5620 02<\/p>\n<p style=\"font-weight: 400;\">\n<p style=\"font-weight: 400;\"><b><strong>Czas dostawy:<\/strong><\/b><\/p>\n<p style=\"font-weight: 400;\">Je\u015bli towary znajduj\u0105 si\u0119 w magazynie, otrzymasz je w ci\u0105gu najbli\u017cszych 7-10 dni roboczych (z wy\u0142\u0105czeniem weekend\u00f3w i dni ustawowo wolnych od pracy) po otrzymaniu zam\u00f3wienia i p\u0142atno\u015bci.<\/p>\n<p style=\"font-weight: 400;\">Dostawa odbywa si\u0119 od poniedzia\u0142ku do pi\u0105tku bezpo\u015brednio do domu lub pod wskazany adres.  <\/p>\n<p style=\"font-weight: 400;\">Zam\u00f3wienia s\u0105 zawsze przetwarzane i dostarczane w kolejno\u015bci ich otrzymania.<\/p>\n\t\t\t\t\t\t\t\t<\/div>\n\t\t\t\t<\/div>\n\t\t\t\t\t<\/div>\n\t\t\t\t<\/div>\n\t\t\t\t<\/div>\n\t\t","protected":false},"excerpt":{"rendered":"<p>Wysy\u0142ka i warunki p\u0142atno\u015bci &lt;p style=&#8221;font-weight: 400;&#8221;&gt;Pragniemy zaznaczy\u0107, \u017ce fakturowanie i dostawa s\u0105 realizowane przez SUN GARDEN Polska, a zatem do naszych artyku\u0142\u00f3w ma zastosowanie polska stawka podatku w wysoko\u015bci 23%.&lt;\/p&gt; Warunki p\u0142atno\u015bci: U\u017cytkownik otrzyma faktur\u0119 oddzieln\u0105 przesy\u0142k\u0105 pocztow\u0105 po dostarczeniu towar\u00f3w.Fakturowanie jest zgodne z norm\u0105 europejsk\u0105. Bank HSBC SWIFT\/BIC TUBDDEDD IBAN DE 23 3003 [&hellip;]<\/p>\n","protected":false},"author":245903545,"featured_media":0,"parent":0,"menu_order":0,"comment_status":"closed","ping_status":"closed","template":"","meta":{"_acf_changed":false,"advanced_seo_description":"","jetpack_seo_html_title":"","jetpack_seo_noindex":false,"footnotes":""},"class_list":["post-8612","page","type-page","status-publish","hentry"],"acf":[],"jetpack_shortlink":"https:\/\/wp.me\/PftNud-2eU","jetpack_sharing_enabled":true,"_links":{"self":[{"href":"https:\/\/sun-garden.eu\/pl\/wp-json\/wp\/v2\/pages\/8612","targetHints":{"allow":["GET"]}}],"collection":[{"href":"https:\/\/sun-garden.eu\/pl\/wp-json\/wp\/v2\/pages"}],"about":[{"href":"https:\/\/sun-garden.eu\/pl\/wp-json\/wp\/v2\/types\/page"}],"author":[{"embeddable":true,"href":"https:\/\/sun-garden.eu\/pl\/wp-json\/wp\/v2\/users\/245903545"}],"replies":[{"embeddable":true,"href":"https:\/\/sun-garden.eu\/pl\/wp-json\/wp\/v2\/comments?post=8612"}],"version-history":[{"count":2,"href":"https:\/\/sun-garden.eu\/pl\/wp-json\/wp\/v2\/pages\/8612\/revisions"}],"predecessor-version":[{"id":8659,"href":"https:\/\/sun-garden.eu\/pl\/wp-json\/wp\/v2\/pages\/8612\/revisions\/8659"}],"wp:attachment":[{"href":"https:\/\/sun-garden.eu\/pl\/wp-json\/wp\/v2\/media?parent=8612"}],"curies":[{"name":"wp","href":"https:\/\/api.w.org\/{rel}","templated":true}]}}