{"id":1181,"date":"2024-02-15T11:17:24","date_gmt":"2024-02-15T10:17:24","guid":{"rendered":"https:\/\/sun-garden.eu\/produkt\/et-throw-overstopka-redukujaca\/"},"modified":"2025-09-12T13:53:09","modified_gmt":"2025-09-12T11:53:09","slug":"et-throw-overstopka-redukujaca","status":"publish","type":"product","link":"https:\/\/sun-garden.eu\/pl\/produkt\/et-throw-overstopka-redukujaca\/","title":{"rendered":"Nakr\u0119tka z\u0142\u0105czkowa + tuleja redukcyjna Stopa"},"content":{"rendered":"","protected":false},"excerpt":{"rendered":"","protected":false},"featured_media":6457,"template":"","meta":{"_acf_changed":false,"advanced_seo_description":"","jetpack_seo_html_title":"","jetpack_seo_noindex":false},"product_brand":[],"product_cat":[1421,1491],"product_tag":[1387,1386],"class_list":{"0":"post-1181","1":"product","2":"type-product","3":"status-publish","4":"has-post-thumbnail","6":"product_cat-czesc-zamienna","7":"product_cat-standfuss-pl","8":"product_tag-ersatzteil","9":"product_tag-sun-garden","10":"pa_farbe-antracyt","11":"pa_farbe-bialy","12":"pa_farbe-braz","14":"first","15":"instock","16":"taxable","17":"shipping-taxable","18":"purchasable","19":"product-type-simple"},"bundled_by":[],"bundle_stock_status":"instock","bundle_stock_quantity":null,"bundle_virtual":false,"bundle_layout":"","bundle_add_to_cart_form_location":"","bundle_editable_in_cart":false,"bundle_sold_individually_context":"","bundle_item_grouping":"","bundle_min_size":"","bundle_max_size":"","bundle_price":[],"bundled_items":[],"bundle_sell_ids":[],"group_of_quantity":0,"min_quantity":0,"max_quantity":"","exclude_order_quantity_value_rules":"no","exclude_category_quantity_rules":"no","combine_variations":"no","exclude_global_add_ons":[],"addons":[],"acf":[],"jetpack_sharing_enabled":true,"_links":{"self":[{"href":"https:\/\/sun-garden.eu\/pl\/wp-json\/wp\/v2\/product\/1181","targetHints":{"allow":["GET"]}}],"collection":[{"href":"https:\/\/sun-garden.eu\/pl\/wp-json\/wp\/v2\/product"}],"about":[{"href":"https:\/\/sun-garden.eu\/pl\/wp-json\/wp\/v2\/types\/product"}],"version-history":[{"count":2,"href":"https:\/\/sun-garden.eu\/pl\/wp-json\/wp\/v2\/product\/1181\/revisions"}],"predecessor-version":[{"id":7237,"href":"https:\/\/sun-garden.eu\/pl\/wp-json\/wp\/v2\/product\/1181\/revisions\/7237"}],"wp:featuredmedia":[{"embeddable":true,"href":"https:\/\/sun-garden.eu\/pl\/wp-json\/wp\/v2\/media\/6457"}],"wp:attachment":[{"href":"https:\/\/sun-garden.eu\/pl\/wp-json\/wp\/v2\/media?parent=1181"}],"wp:term":[{"taxonomy":"product_brand","embeddable":true,"href":"https:\/\/sun-garden.eu\/pl\/wp-json\/wp\/v2\/product_brand?post=1181"},{"taxonomy":"product_cat","embeddable":true,"href":"https:\/\/sun-garden.eu\/pl\/wp-json\/wp\/v2\/product_cat?post=1181"},{"taxonomy":"product_tag","embeddable":true,"href":"https:\/\/sun-garden.eu\/pl\/wp-json\/wp\/v2\/product_tag?post=1181"}],"curies":[{"name":"wp","href":"https:\/\/api.w.org\/{rel}","templated":true}]}}