{"id":1225,"date":"2024-02-15T11:17:24","date_gmt":"2024-02-15T10:17:24","guid":{"rendered":"https:\/\/sun-garden.eu\/produkt\/zestaw-ogranicznikow-et-as-senior-ve2-antracyt\/"},"modified":"2024-05-21T13:31:50","modified_gmt":"2024-05-21T11:31:50","slug":"zestaw-ogranicznikow-et-as-senior-ve2-antracyt","status":"publish","type":"product","link":"https:\/\/sun-garden.eu\/pl\/produkt\/zestaw-ogranicznikow-et-as-senior-ve2-antracyt\/","title":{"rendered":"Zestaw stoper\u00f3w Easy Sun VE2 antracyt"},"content":{"rendered":"<p>Zestaw &#8211; sk\u0142ada si\u0119 z 2 cz\u0119\u015bci<\/p>\n","protected":false},"excerpt":{"rendered":"<p>Zestaw &#8211; sk\u0142ada si\u0119 z 2 cz\u0119\u015bci<\/p>\n","protected":false},"featured_media":6297,"template":"","meta":{"_acf_changed":false,"advanced_seo_description":"","jetpack_seo_html_title":"","jetpack_seo_noindex":false},"product_brand":[],"product_cat":[1421,1503],"product_tag":[1438,1431],"class_list":{"0":"post-1225","1":"product","2":"type-product","3":"status-publish","4":"has-post-thumbnail","6":"product_cat-czesc-zamienna","7":"product_cat-rura-przesuwna","8":"product_tag-czesc-zamienna-2","9":"product_tag-sun-garden-pl-2","10":"pa_farbe-antracyt","12":"first","13":"instock","14":"taxable","15":"shipping-taxable","16":"purchasable","17":"product-type-simple"},"bundled_by":[],"bundle_stock_status":"instock","bundle_stock_quantity":null,"bundle_virtual":false,"bundle_layout":"","bundle_add_to_cart_form_location":"","bundle_editable_in_cart":false,"bundle_sold_individually_context":"","bundle_item_grouping":"","bundle_min_size":"","bundle_max_size":"","bundle_price":[],"bundled_items":[],"bundle_sell_ids":[],"group_of_quantity":0,"min_quantity":0,"max_quantity":"","exclude_order_quantity_value_rules":"no","exclude_category_quantity_rules":"no","combine_variations":"no","exclude_global_add_ons":[],"addons":[],"acf":[],"jetpack_sharing_enabled":true,"_links":{"self":[{"href":"https:\/\/sun-garden.eu\/pl\/wp-json\/wp\/v2\/product\/1225","targetHints":{"allow":["GET"]}}],"collection":[{"href":"https:\/\/sun-garden.eu\/pl\/wp-json\/wp\/v2\/product"}],"about":[{"href":"https:\/\/sun-garden.eu\/pl\/wp-json\/wp\/v2\/types\/product"}],"version-history":[{"count":1,"href":"https:\/\/sun-garden.eu\/pl\/wp-json\/wp\/v2\/product\/1225\/revisions"}],"predecessor-version":[{"id":7158,"href":"https:\/\/sun-garden.eu\/pl\/wp-json\/wp\/v2\/product\/1225\/revisions\/7158"}],"wp:featuredmedia":[{"embeddable":true,"href":"https:\/\/sun-garden.eu\/pl\/wp-json\/wp\/v2\/media\/6297"}],"wp:attachment":[{"href":"https:\/\/sun-garden.eu\/pl\/wp-json\/wp\/v2\/media?parent=1225"}],"wp:term":[{"taxonomy":"product_brand","embeddable":true,"href":"https:\/\/sun-garden.eu\/pl\/wp-json\/wp\/v2\/product_brand?post=1225"},{"taxonomy":"product_cat","embeddable":true,"href":"https:\/\/sun-garden.eu\/pl\/wp-json\/wp\/v2\/product_cat?post=1225"},{"taxonomy":"product_tag","embeddable":true,"href":"https:\/\/sun-garden.eu\/pl\/wp-json\/wp\/v2\/product_tag?post=1225"}],"curies":[{"name":"wp","href":"https:\/\/api.w.org\/{rel}","templated":true}]}}