{"id":1232,"date":"2024-02-15T11:17:29","date_gmt":"2024-02-15T10:17:29","guid":{"rendered":"https:\/\/sun-garden.eu\/produkt\/siedzenie-et-ass-high-com-s006-m06\/"},"modified":"2024-05-21T13:31:23","modified_gmt":"2024-05-21T11:31:23","slug":"siedzenie-et-ass-high-com-s006-m06","status":"publish","type":"product","link":"https:\/\/sun-garden.eu\/pl\/produkt\/siedzenie-et-ass-high-com-s006-m06\/","title":{"rendered":"Siedzisko Krzes\u0142o sk\u0142adane wysoki komfort"},"content":{"rendered":"<p>Pisemne instrukcje naprawy dotycz\u0105ce wymiany powierzchni siedziska:<\/p>\n<p><a href=\"https:\/\/sun-garden.eu\/wp-content\/uploads\/2024\/02\/Rep_Sitzfl_che_ersetzen_D-30-01-2006-SG.pdf\">Rep_Sitzfl_che_ersetzen_D-30-01-2006-SG<\/a><\/p>\n<p>&nbsp;<\/p>\n","protected":false},"excerpt":{"rendered":"<p>Pisemne instrukcje naprawy dotycz\u0105ce wymiany powierzchni siedziska: Rep_Sitzfl_che_ersetzen_D-30-01-2006-SG &nbsp;<\/p>\n","protected":false},"featured_media":829,"template":"","meta":{"_acf_changed":false,"advanced_seo_description":"","jetpack_seo_html_title":"","jetpack_seo_noindex":false},"product_brand":[],"product_cat":[1421,1509],"product_tag":[1438,1431],"class_list":{"0":"post-1232","1":"product","2":"type-product","3":"status-publish","4":"has-post-thumbnail","6":"product_cat-czesc-zamienna","7":"product_cat-sitzflaeche-pl","8":"product_tag-czesc-zamienna-2","9":"product_tag-sun-garden-pl-2","10":"pa_design-nummer-s006-m06","12":"first","13":"instock","14":"taxable","15":"shipping-taxable","16":"purchasable","17":"product-type-simple"},"bundled_by":[],"bundle_stock_status":"instock","bundle_stock_quantity":null,"bundle_virtual":false,"bundle_layout":"","bundle_add_to_cart_form_location":"","bundle_editable_in_cart":false,"bundle_sold_individually_context":"","bundle_item_grouping":"","bundle_min_size":"","bundle_max_size":"","bundle_price":[],"bundled_items":[],"bundle_sell_ids":[],"group_of_quantity":0,"min_quantity":0,"max_quantity":"","exclude_order_quantity_value_rules":"no","exclude_category_quantity_rules":"no","combine_variations":"no","exclude_global_add_ons":[],"addons":[],"acf":[],"jetpack_sharing_enabled":true,"_links":{"self":[{"href":"https:\/\/sun-garden.eu\/pl\/wp-json\/wp\/v2\/product\/1232","targetHints":{"allow":["GET"]}}],"collection":[{"href":"https:\/\/sun-garden.eu\/pl\/wp-json\/wp\/v2\/product"}],"about":[{"href":"https:\/\/sun-garden.eu\/pl\/wp-json\/wp\/v2\/types\/product"}],"version-history":[{"count":3,"href":"https:\/\/sun-garden.eu\/pl\/wp-json\/wp\/v2\/product\/1232\/revisions"}],"predecessor-version":[{"id":7077,"href":"https:\/\/sun-garden.eu\/pl\/wp-json\/wp\/v2\/product\/1232\/revisions\/7077"}],"wp:featuredmedia":[{"embeddable":true,"href":"https:\/\/sun-garden.eu\/pl\/wp-json\/wp\/v2\/media\/829"}],"wp:attachment":[{"href":"https:\/\/sun-garden.eu\/pl\/wp-json\/wp\/v2\/media?parent=1232"}],"wp:term":[{"taxonomy":"product_brand","embeddable":true,"href":"https:\/\/sun-garden.eu\/pl\/wp-json\/wp\/v2\/product_brand?post=1232"},{"taxonomy":"product_cat","embeddable":true,"href":"https:\/\/sun-garden.eu\/pl\/wp-json\/wp\/v2\/product_cat?post=1232"},{"taxonomy":"product_tag","embeddable":true,"href":"https:\/\/sun-garden.eu\/pl\/wp-json\/wp\/v2\/product_tag?post=1232"}],"curies":[{"name":"wp","href":"https:\/\/api.w.org\/{rel}","templated":true}]}}