{"id":9432,"date":"2024-07-15T10:52:58","date_gmt":"2024-07-15T08:52:58","guid":{"rendered":"https:\/\/sun-garden.eu\/produkt\/lina-ciagnaca\/"},"modified":"2024-07-15T10:54:12","modified_gmt":"2024-07-15T08:54:12","slug":"lina-ciagnaca","status":"publish","type":"product","link":"https:\/\/sun-garden.eu\/pl\/produkt\/lina-ciagnaca\/","title":{"rendered":"Lina ci\u0105gn\u0105ca"},"content":{"rendered":"<p>Odpowiedni dla parasoli dla senior\u00f3w<\/p>\n<p>&nbsp;<\/p>\n<p>Lina ci\u0105gn\u0105ca o d\u0142ugo\u015bci 5 metr\u00f3w<\/p>\n<p>6 mm grubo\u015bci<\/p>\n<p>&nbsp;<\/p>\n","protected":false},"excerpt":{"rendered":"<p>Odpowiedni dla parasoli dla senior\u00f3w &nbsp; Lina ci\u0105gn\u0105ca o d\u0142ugo\u015bci 5 metr\u00f3w 6 mm grubo\u015bci &nbsp;<\/p>\n","protected":false},"featured_media":9424,"template":"","meta":{"_acf_changed":false,"advanced_seo_description":"","jetpack_seo_html_title":"","jetpack_seo_noindex":false},"product_brand":[],"product_cat":[1385,1493],"product_tag":[],"class_list":{"0":"post-9432","1":"product","2":"type-product","3":"status-publish","4":"has-post-thumbnail","6":"product_cat-ersatzteil","7":"product_cat-gleitrohr","9":"first","10":"instock","11":"taxable","12":"shipping-taxable","13":"purchasable","14":"product-type-simple"},"bundled_by":[],"bundle_stock_status":"instock","bundle_stock_quantity":null,"bundle_virtual":false,"bundle_layout":"","bundle_add_to_cart_form_location":"","bundle_editable_in_cart":false,"bundle_sold_individually_context":"","bundle_item_grouping":"","bundle_min_size":"","bundle_max_size":"","bundle_price":[],"bundled_items":[],"bundle_sell_ids":[],"group_of_quantity":0,"min_quantity":0,"max_quantity":"","exclude_order_quantity_value_rules":"no","exclude_category_quantity_rules":"no","combine_variations":"no","exclude_global_add_ons":[],"addons":[],"acf":[],"jetpack_sharing_enabled":true,"_links":{"self":[{"href":"https:\/\/sun-garden.eu\/pl\/wp-json\/wp\/v2\/product\/9432","targetHints":{"allow":["GET"]}}],"collection":[{"href":"https:\/\/sun-garden.eu\/pl\/wp-json\/wp\/v2\/product"}],"about":[{"href":"https:\/\/sun-garden.eu\/pl\/wp-json\/wp\/v2\/types\/product"}],"version-history":[{"count":1,"href":"https:\/\/sun-garden.eu\/pl\/wp-json\/wp\/v2\/product\/9432\/revisions"}],"predecessor-version":[{"id":9436,"href":"https:\/\/sun-garden.eu\/pl\/wp-json\/wp\/v2\/product\/9432\/revisions\/9436"}],"wp:featuredmedia":[{"embeddable":true,"href":"https:\/\/sun-garden.eu\/pl\/wp-json\/wp\/v2\/media\/9424"}],"wp:attachment":[{"href":"https:\/\/sun-garden.eu\/pl\/wp-json\/wp\/v2\/media?parent=9432"}],"wp:term":[{"taxonomy":"product_brand","embeddable":true,"href":"https:\/\/sun-garden.eu\/pl\/wp-json\/wp\/v2\/product_brand?post=9432"},{"taxonomy":"product_cat","embeddable":true,"href":"https:\/\/sun-garden.eu\/pl\/wp-json\/wp\/v2\/product_cat?post=9432"},{"taxonomy":"product_tag","embeddable":true,"href":"https:\/\/sun-garden.eu\/pl\/wp-json\/wp\/v2\/product_tag?post=9432"}],"curies":[{"name":"wp","href":"https:\/\/api.w.org\/{rel}","templated":true}]}}