{"id":958,"date":"2024-02-15T09:11:26","date_gmt":"2024-02-15T08:11:26","guid":{"rendered":"https:\/\/sun-garden.eu\/produkt\/umbrella-base-as-senior\/"},"modified":"2025-03-24T14:05:54","modified_gmt":"2025-03-24T13:05:54","slug":"umbrella-base-as-senior","status":"publish","type":"product","link":"https:\/\/sun-garden.eu\/pl\/produkt\/umbrella-base-as-senior\/","title":{"rendered":"Podstawa parasola \u015awiat\u0142a drogowe parasola"},"content":{"rendered":"<p>Opis produktu<\/p>\n","protected":false},"excerpt":{"rendered":"<p>Kr\u00f3tki opis produktu &#8211; sk\u0142ada si\u0119 z podstawy, pokrywy, tulei wsporczej rury, nakr\u0119tki z\u0142\u0105czkowej z tulej\u0105<\/p>\n","protected":false},"featured_media":6805,"template":"","meta":{"_acf_changed":false,"advanced_seo_description":"","jetpack_seo_html_title":"","jetpack_seo_noindex":false},"product_brand":[],"product_cat":[1421,1491,1491],"product_tag":[1438,1438,1431],"class_list":{"0":"post-958","1":"product","2":"type-product","3":"status-publish","4":"has-post-thumbnail","6":"product_cat-czesc-zamienna","7":"product_cat-standfuss-pl","9":"product_tag-czesc-zamienna-2","11":"product_tag-sun-garden-pl-2","12":"pa_design-nummer-m01","13":"pa_design-nummer-m04","14":"pa_design-nummer-m06","15":"pa_farbe-bialy","16":"pa_farbe-braz","19":"first","20":"instock","21":"taxable","22":"shipping-taxable","23":"purchasable","24":"product-type-variable"},"bundled_by":[],"bundle_stock_status":"instock","bundle_stock_quantity":null,"bundle_virtual":false,"bundle_layout":"","bundle_add_to_cart_form_location":"","bundle_editable_in_cart":false,"bundle_sold_individually_context":"","bundle_item_grouping":"","bundle_min_size":"","bundle_max_size":"","bundle_price":[],"bundled_items":[],"bundle_sell_ids":[],"group_of_quantity":0,"min_quantity":0,"max_quantity":"","exclude_order_quantity_value_rules":"no","exclude_category_quantity_rules":"no","combine_variations":"no","exclude_global_add_ons":[],"addons":[],"acf":[],"jetpack_sharing_enabled":true,"_links":{"self":[{"href":"https:\/\/sun-garden.eu\/pl\/wp-json\/wp\/v2\/product\/958","targetHints":{"allow":["GET"]}}],"collection":[{"href":"https:\/\/sun-garden.eu\/pl\/wp-json\/wp\/v2\/product"}],"about":[{"href":"https:\/\/sun-garden.eu\/pl\/wp-json\/wp\/v2\/types\/product"}],"version-history":[{"count":3,"href":"https:\/\/sun-garden.eu\/pl\/wp-json\/wp\/v2\/product\/958\/revisions"}],"predecessor-version":[{"id":7227,"href":"https:\/\/sun-garden.eu\/pl\/wp-json\/wp\/v2\/product\/958\/revisions\/7227"}],"wp:featuredmedia":[{"embeddable":true,"href":"https:\/\/sun-garden.eu\/pl\/wp-json\/wp\/v2\/media\/6805"}],"wp:attachment":[{"href":"https:\/\/sun-garden.eu\/pl\/wp-json\/wp\/v2\/media?parent=958"}],"wp:term":[{"taxonomy":"product_brand","embeddable":true,"href":"https:\/\/sun-garden.eu\/pl\/wp-json\/wp\/v2\/product_brand?post=958"},{"taxonomy":"product_cat","embeddable":true,"href":"https:\/\/sun-garden.eu\/pl\/wp-json\/wp\/v2\/product_cat?post=958"},{"taxonomy":"product_tag","embeddable":true,"href":"https:\/\/sun-garden.eu\/pl\/wp-json\/wp\/v2\/product_tag?post=958"}],"curies":[{"name":"wp","href":"https:\/\/api.w.org\/{rel}","templated":true}]}}