{"id":992,"date":"2024-02-15T11:17:22","date_gmt":"2024-02-15T10:17:22","guid":{"rendered":"https:\/\/sun-garden.eu\/produkt\/et-element-koncowy-z-kolkiem\/"},"modified":"2024-05-21T13:32:02","modified_gmt":"2024-05-21T11:32:02","slug":"et-element-koncowy-z-kolkiem","status":"publish","type":"product","link":"https:\/\/sun-garden.eu\/pl\/produkt\/et-element-koncowy-z-kolkiem\/","title":{"rendered":"Ko\u0144c\u00f3wka z ko\u0142kiem"},"content":{"rendered":"","protected":false},"excerpt":{"rendered":"","protected":false},"featured_media":6760,"template":"","meta":{"_acf_changed":false,"advanced_seo_description":"","jetpack_seo_html_title":"","jetpack_seo_noindex":false},"product_brand":[],"product_cat":[1421,1506],"product_tag":[1438,1431],"class_list":{"0":"post-992","1":"product","2":"type-product","3":"status-publish","4":"has-post-thumbnail","6":"product_cat-czesc-zamienna","7":"product_cat-schirmdach-pl-2","8":"product_tag-czesc-zamienna-2","9":"product_tag-sun-garden-pl-2","10":"pa_farbe-antracyt","11":"pa_farbe-bialy","13":"first","14":"instock","15":"taxable","16":"shipping-taxable","17":"purchasable","18":"product-type-variable"},"bundled_by":[],"bundle_stock_status":"instock","bundle_stock_quantity":null,"bundle_virtual":false,"bundle_layout":"","bundle_add_to_cart_form_location":"","bundle_editable_in_cart":false,"bundle_sold_individually_context":"","bundle_item_grouping":"","bundle_min_size":"","bundle_max_size":"","bundle_price":[],"bundled_items":[],"bundle_sell_ids":[],"group_of_quantity":0,"min_quantity":0,"max_quantity":"","exclude_order_quantity_value_rules":"no","exclude_category_quantity_rules":"no","combine_variations":"no","exclude_global_add_ons":[],"addons":[],"acf":[],"jetpack_sharing_enabled":true,"_links":{"self":[{"href":"https:\/\/sun-garden.eu\/pl\/wp-json\/wp\/v2\/product\/992","targetHints":{"allow":["GET"]}}],"collection":[{"href":"https:\/\/sun-garden.eu\/pl\/wp-json\/wp\/v2\/product"}],"about":[{"href":"https:\/\/sun-garden.eu\/pl\/wp-json\/wp\/v2\/types\/product"}],"version-history":[{"count":2,"href":"https:\/\/sun-garden.eu\/pl\/wp-json\/wp\/v2\/product\/992\/revisions"}],"predecessor-version":[{"id":7189,"href":"https:\/\/sun-garden.eu\/pl\/wp-json\/wp\/v2\/product\/992\/revisions\/7189"}],"wp:featuredmedia":[{"embeddable":true,"href":"https:\/\/sun-garden.eu\/pl\/wp-json\/wp\/v2\/media\/6760"}],"wp:attachment":[{"href":"https:\/\/sun-garden.eu\/pl\/wp-json\/wp\/v2\/media?parent=992"}],"wp:term":[{"taxonomy":"product_brand","embeddable":true,"href":"https:\/\/sun-garden.eu\/pl\/wp-json\/wp\/v2\/product_brand?post=992"},{"taxonomy":"product_cat","embeddable":true,"href":"https:\/\/sun-garden.eu\/pl\/wp-json\/wp\/v2\/product_cat?post=992"},{"taxonomy":"product_tag","embeddable":true,"href":"https:\/\/sun-garden.eu\/pl\/wp-json\/wp\/v2\/product_tag?post=992"}],"curies":[{"name":"wp","href":"https:\/\/api.w.org\/{rel}","templated":true}]}}